
{"id":34419,"date":"2022-03-10T16:02:00","date_gmt":"2022-03-10T15:02:00","guid":{"rendered":"https:\/\/stonehouse.se\/produkt\/armband-modell-klocka-mifare1k-5\/"},"modified":"2025-12-31T19:52:16","modified_gmt":"2025-12-31T18:52:16","slug":"rfid-armband-modell-klocka-mifare1k-5","status":"publish","type":"product","link":"https:\/\/stonehouse.se\/en\/product\/rfid-armband-modell-klocka-mifare1k-5\/","title":{"rendered":"RFID Armband st\u00e4llbar storlek Mifare1k F\u00e4rg: Vit"},"content":{"rendered":"<p>V\u00e5ra RFID armband finns i olika storlekar och f\u00e4rger. Du v\u00f6ljer ocks\u00e5 vilken teknik du vill ha monterat i armbandet. Om du \u00f6nskar nummer graverade kontakta oss innan order. Vi har m\u00e5nga fler versioner av armband s\u00e5 du kan alltid kontakta oss f\u00f6r b\u00e4sta pris oavsett modell.<\/p>","protected":false},"excerpt":{"rendered":"<p>V\u00e5ra RFID armband finns i olika storlekar och f\u00e4rger. Du v\u00f6ljer ocks\u00e5 vilken teknik du vill ha monterat i armbandet.<\/p>","protected":false},"featured_media":84654,"template":"","meta":{"_acf_changed":false},"product_brand":[],"product_cat":[594],"product_tag":[2304],"class_list":{"0":"post-34419","1":"product","2":"type-product","3":"status-publish","4":"has-post-thumbnail","6":"product_cat-rfid-armband","7":"product_tag-stonehouse-produkt","8":"product_shipping_class-postnord-varubrev","9":"pa_brands-stonehouse-security","10":"pa_rfid-armband-farg-vit","11":"pa_rfid-armband-modell-klocka-for-valfri-storlek","12":"pa_rfid-armband-teknik-mifare1k","13":"tm-no-options","15":"first","16":"onbackorder","17":"sale","18":"featured","19":"taxable","20":"shipping-taxable","21":"product-type-simple"},"acf":[],"_links":{"self":[{"href":"https:\/\/stonehouse.se\/en\/wp-json\/wp\/v2\/product\/34419","targetHints":{"allow":["GET"]}}],"collection":[{"href":"https:\/\/stonehouse.se\/en\/wp-json\/wp\/v2\/product"}],"about":[{"href":"https:\/\/stonehouse.se\/en\/wp-json\/wp\/v2\/types\/product"}],"wp:featuredmedia":[{"embeddable":true,"href":"https:\/\/stonehouse.se\/en\/wp-json\/wp\/v2\/media\/84654"}],"wp:attachment":[{"href":"https:\/\/stonehouse.se\/en\/wp-json\/wp\/v2\/media?parent=34419"}],"wp:term":[{"taxonomy":"product_brand","embeddable":true,"href":"https:\/\/stonehouse.se\/en\/wp-json\/wp\/v2\/product_brand?post=34419"},{"taxonomy":"product_cat","embeddable":true,"href":"https:\/\/stonehouse.se\/en\/wp-json\/wp\/v2\/product_cat?post=34419"},{"taxonomy":"product_tag","embeddable":true,"href":"https:\/\/stonehouse.se\/en\/wp-json\/wp\/v2\/product_tag?post=34419"}],"curies":[{"name":"wp","href":"https:\/\/api.w.org\/{rel}","templated":true}]}}