
{"id":34440,"date":"2022-03-10T16:01:00","date_gmt":"2022-03-10T15:01:00","guid":{"rendered":"https:\/\/stonehouse.se\/produkt\/armband-silikon-fast-em4200-storlek-65-mm-medium-4\/"},"modified":"2025-12-31T19:47:17","modified_gmt":"2025-12-31T18:47:17","slug":"rfid-armband-silikon-fast-em4200-storlek-65-mm-medium-4","status":"publish","type":"product","link":"https:\/\/stonehouse.se\/en\/product\/rfid-armband-silikon-fast-em4200-storlek-65-mm-medium-4\/","title":{"rendered":"RFID Armband fast storlek EM4200 storlek 65 mm \/medium F\u00e4rg: Rosa"},"content":{"rendered":"<p>V\u00e5ra RFID armband finns i olika storlekar och f\u00e4rger. Du v\u00f6ljer ocks\u00e5 vilken teknik du vill ha monterat i armbandet. Om du \u00f6nskar nummer graverade kontakta oss innan order. Vi har m\u00e5nga fler versioner av armband s\u00e5 du kan alltid kontakta oss f\u00f6r b\u00e4sta pris oavsett modell.<\/p>","protected":false},"excerpt":{"rendered":"<p>V\u00e5ra RFID armband finns i olika storlekar och f\u00e4rger. Du v\u00f6ljer ocks\u00e5 vilken teknik du vill ha monterat i armbandet.<\/p>","protected":false},"featured_media":84990,"template":"","meta":{"_acf_changed":false},"product_brand":[],"product_cat":[594],"product_tag":[2304],"class_list":{"0":"post-34440","1":"product","2":"type-product","3":"status-publish","4":"has-post-thumbnail","6":"product_cat-rfid-armband","7":"product_tag-stonehouse-produkt","8":"product_shipping_class-postnord-varubrev","9":"pa_brands-stonehouse-security","10":"pa_rfid-armband-farg-rosa","11":"pa_rfid-armband-modell-fast-storlek-small-55-mm","12":"pa_rfid-armband-teknik-em4200","13":"tm-no-options","15":"first","16":"onbackorder","17":"sale","18":"featured","19":"taxable","20":"shipping-taxable","21":"product-type-simple"},"acf":[],"_links":{"self":[{"href":"https:\/\/stonehouse.se\/en\/wp-json\/wp\/v2\/product\/34440","targetHints":{"allow":["GET"]}}],"collection":[{"href":"https:\/\/stonehouse.se\/en\/wp-json\/wp\/v2\/product"}],"about":[{"href":"https:\/\/stonehouse.se\/en\/wp-json\/wp\/v2\/types\/product"}],"wp:featuredmedia":[{"embeddable":true,"href":"https:\/\/stonehouse.se\/en\/wp-json\/wp\/v2\/media\/84990"}],"wp:attachment":[{"href":"https:\/\/stonehouse.se\/en\/wp-json\/wp\/v2\/media?parent=34440"}],"wp:term":[{"taxonomy":"product_brand","embeddable":true,"href":"https:\/\/stonehouse.se\/en\/wp-json\/wp\/v2\/product_brand?post=34440"},{"taxonomy":"product_cat","embeddable":true,"href":"https:\/\/stonehouse.se\/en\/wp-json\/wp\/v2\/product_cat?post=34440"},{"taxonomy":"product_tag","embeddable":true,"href":"https:\/\/stonehouse.se\/en\/wp-json\/wp\/v2\/product_tag?post=34440"}],"curies":[{"name":"wp","href":"https:\/\/api.w.org\/{rel}","templated":true}]}}