
{"id":34458,"date":"2022-03-10T15:57:00","date_gmt":"2022-03-10T14:57:00","guid":{"rendered":"https:\/\/stonehouse.se\/produkt\/ackumulator-batteri-12v-1-2-ah\/"},"modified":"2026-04-02T11:14:38","modified_gmt":"2026-04-02T09:14:38","slug":"agm-batteri-12v-12ah-2-2","status":"publish","type":"product","link":"https:\/\/stonehouse.se\/en\/product\/agm-batteri-12v-12ah-2-2\/","title":{"rendered":"Batteri 12V 1,2Ah"},"content":{"rendered":"<h1>AGM Batteri 12V 1,2Ah 12V<\/h1>\n<p>Underh\u00e5llsfritt larmbatteri f\u00f6r reservkraft i larmanl\u00e4ggningar, 12 volt, 1,2 Ah<\/p>\n<p>L= 97 mm , B=42 mm, H=52 mm<\/p>\n<p>Vikt 0,55 Kg<\/p>\n<p>&nbsp;<\/p>","protected":false},"excerpt":{"rendered":"<p>AGM Batteri 1.2 AH f\u00f6r tele, larm och s\u00e4kerhetsanl\u00e4ggningar.<\/p>","protected":false},"featured_media":84831,"template":"","meta":{"_acf_changed":false},"product_brand":[],"product_cat":[516,434],"product_tag":[2681,1748],"class_list":{"0":"post-34458","1":"product","2":"type-product","3":"status-publish","4":"has-post-thumbnail","6":"product_cat-ackumulator-batteri","7":"product_cat-stromforsorjning-batterier","8":"product_tag-batteri-1-6-ah","9":"product_tag-rel-batteri","10":"product_shipping_class-tunga-paket","11":"tm-no-options","13":"first","14":"instock","15":"sale","16":"featured","17":"taxable","18":"shipping-taxable","19":"product-type-simple"},"acf":[],"_links":{"self":[{"href":"https:\/\/stonehouse.se\/en\/wp-json\/wp\/v2\/product\/34458","targetHints":{"allow":["GET"]}}],"collection":[{"href":"https:\/\/stonehouse.se\/en\/wp-json\/wp\/v2\/product"}],"about":[{"href":"https:\/\/stonehouse.se\/en\/wp-json\/wp\/v2\/types\/product"}],"wp:featuredmedia":[{"embeddable":true,"href":"https:\/\/stonehouse.se\/en\/wp-json\/wp\/v2\/media\/84831"}],"wp:attachment":[{"href":"https:\/\/stonehouse.se\/en\/wp-json\/wp\/v2\/media?parent=34458"}],"wp:term":[{"taxonomy":"product_brand","embeddable":true,"href":"https:\/\/stonehouse.se\/en\/wp-json\/wp\/v2\/product_brand?post=34458"},{"taxonomy":"product_cat","embeddable":true,"href":"https:\/\/stonehouse.se\/en\/wp-json\/wp\/v2\/product_cat?post=34458"},{"taxonomy":"product_tag","embeddable":true,"href":"https:\/\/stonehouse.se\/en\/wp-json\/wp\/v2\/product_tag?post=34458"}],"curies":[{"name":"wp","href":"https:\/\/api.w.org\/{rel}","templated":true}]}}