
{"id":34459,"date":"2022-03-10T15:57:00","date_gmt":"2022-03-10T14:57:00","guid":{"rendered":"https:\/\/stonehouse.se\/produkt\/ackumulator-batteri-12v-2-3-ah\/"},"modified":"2026-04-02T11:32:14","modified_gmt":"2026-04-02T09:32:14","slug":"agm-batteri-12v-23ah","status":"publish","type":"product","link":"https:\/\/stonehouse.se\/en\/product\/agm-batteri-12v-23ah\/","title":{"rendered":"Batteri 12V 2,3Ah"},"content":{"rendered":"<h1>AGM Batteri 12V 2,3ah \/ Ackumulator 12V &#8211; 2.3 Ah<\/h1>\n<p>Underh\u00e5llsfritt larmbatteri f\u00f6r reservkraft i larmanl\u00e4ggningar, 12 volt, 2,3 Ah<\/p>\n<p>178mm x 35mm x 61mm<\/p>\n<p>Vikt 0,91 kg<\/p>\n<p>&nbsp;<\/p>","protected":false},"excerpt":{"rendered":"<p>AGM Batteri 2,3 AH f\u00f6r tele, larm och s\u00e4kerhetsanl\u00e4ggningar.<\/p>","protected":false},"featured_media":84583,"template":"","meta":{"_acf_changed":false},"product_brand":[],"product_cat":[516,434],"product_tag":[2681,1748],"class_list":{"0":"post-34459","1":"product","2":"type-product","3":"status-publish","4":"has-post-thumbnail","6":"product_cat-ackumulator-batteri","7":"product_cat-stromforsorjning-batterier","8":"product_tag-batteri-1-6-ah","9":"product_tag-rel-batteri","10":"product_shipping_class-tunga-paket","11":"pa_brands-stonehouse-security","12":"tm-no-options","14":"first","15":"instock","16":"sale","17":"featured","18":"taxable","19":"shipping-taxable","20":"product-type-simple"},"acf":[],"_links":{"self":[{"href":"https:\/\/stonehouse.se\/en\/wp-json\/wp\/v2\/product\/34459","targetHints":{"allow":["GET"]}}],"collection":[{"href":"https:\/\/stonehouse.se\/en\/wp-json\/wp\/v2\/product"}],"about":[{"href":"https:\/\/stonehouse.se\/en\/wp-json\/wp\/v2\/types\/product"}],"wp:featuredmedia":[{"embeddable":true,"href":"https:\/\/stonehouse.se\/en\/wp-json\/wp\/v2\/media\/84583"}],"wp:attachment":[{"href":"https:\/\/stonehouse.se\/en\/wp-json\/wp\/v2\/media?parent=34459"}],"wp:term":[{"taxonomy":"product_brand","embeddable":true,"href":"https:\/\/stonehouse.se\/en\/wp-json\/wp\/v2\/product_brand?post=34459"},{"taxonomy":"product_cat","embeddable":true,"href":"https:\/\/stonehouse.se\/en\/wp-json\/wp\/v2\/product_cat?post=34459"},{"taxonomy":"product_tag","embeddable":true,"href":"https:\/\/stonehouse.se\/en\/wp-json\/wp\/v2\/product_tag?post=34459"}],"curies":[{"name":"wp","href":"https:\/\/api.w.org\/{rel}","templated":true}]}}