
{"id":34467,"date":"2022-03-10T15:57:00","date_gmt":"2022-03-10T14:57:00","guid":{"rendered":"https:\/\/stonehouse.se\/produkt\/5-pack-knappcellsbatteri-lithium-cr2032-210-mah-3v-fran-pk-cell-ej-uppladningsbart\/"},"modified":"2026-04-03T20:39:31","modified_gmt":"2026-04-03T18:39:31","slug":"5-pack-knappcellsbatteri-lithium-cr2032-210-mah-3v-fran-pk-cell-ej-uppladningsbart","status":"publish","type":"product","link":"https:\/\/stonehouse.se\/en\/product\/5-pack-knappcellsbatteri-lithium-cr2032-210-mah-3v-fran-pk-cell-ej-uppladningsbart\/","title":{"rendered":"Batteri CR2032  5-pack Knappcellsbatteri Lithium"},"content":{"rendered":"<p>PK-cell Knappcellsbatteri 3V CR2032 \u00e4r ett v\u00e4ldigt m\u00e5ngsidigt batteri och fungerar i alla produkttyper som kr\u00e4ver lite extra, som ex s\u00e4kerhetsprodukter och andra produkter som beh\u00f6ver l\u00e5ng livsl\u00e4ngd.<\/p>\n<p>Eftersom detta batteri finns i en praktisk 5-pack s\u00e5 sparar du in b\u00e5de p\u00e5 milj\u00f6 och onk\u00f6pskostnader.<\/p>\n<p>Batterierna har h\u00f6ga imponerande prestanda och den livsl\u00e4ngd som PK-cell \u00e4r k\u00e4nd f\u00f6r.<\/p>","protected":false},"excerpt":{"rendered":"<p>PK-cell Knappcellsbatteri 3V CR2032 \u00e4r ett v\u00e4ldigt m\u00e5ngsidigt batteri och fungerar i alla produkttyper som kr\u00e4ver lite extra, som ex<\/p>","protected":false},"featured_media":84629,"template":"","meta":{"_acf_changed":false},"product_brand":[],"product_cat":[1832],"product_tag":[1748],"class_list":{"0":"post-34467","1":"product","2":"type-product","3":"status-publish","4":"has-post-thumbnail","6":"product_cat-batterier-knappcell-kabel-installation","7":"product_tag-rel-batteri","8":"product_shipping_class-postnord-varubrev","9":"pa_brands-pk-cell","10":"tm-no-options","12":"first","13":"instock","14":"sale","15":"featured","16":"taxable","17":"shipping-taxable","18":"product-type-simple"},"acf":[],"_links":{"self":[{"href":"https:\/\/stonehouse.se\/en\/wp-json\/wp\/v2\/product\/34467","targetHints":{"allow":["GET"]}}],"collection":[{"href":"https:\/\/stonehouse.se\/en\/wp-json\/wp\/v2\/product"}],"about":[{"href":"https:\/\/stonehouse.se\/en\/wp-json\/wp\/v2\/types\/product"}],"wp:featuredmedia":[{"embeddable":true,"href":"https:\/\/stonehouse.se\/en\/wp-json\/wp\/v2\/media\/84629"}],"wp:attachment":[{"href":"https:\/\/stonehouse.se\/en\/wp-json\/wp\/v2\/media?parent=34467"}],"wp:term":[{"taxonomy":"product_brand","embeddable":true,"href":"https:\/\/stonehouse.se\/en\/wp-json\/wp\/v2\/product_brand?post=34467"},{"taxonomy":"product_cat","embeddable":true,"href":"https:\/\/stonehouse.se\/en\/wp-json\/wp\/v2\/product_cat?post=34467"},{"taxonomy":"product_tag","embeddable":true,"href":"https:\/\/stonehouse.se\/en\/wp-json\/wp\/v2\/product_tag?post=34467"}],"curies":[{"name":"wp","href":"https:\/\/api.w.org\/{rel}","templated":true}]}}