
{"id":34503,"date":"2022-03-10T15:48:00","date_gmt":"2022-03-10T14:48:00","guid":{"rendered":"https:\/\/stonehouse.se\/produkt\/magnetkontakt-mc240-infalld-6-meter\/"},"modified":"2025-12-31T19:44:59","modified_gmt":"2025-12-31T18:44:59","slug":"magnetkontakt-mc240-infalld-6-meter","status":"publish","type":"product","link":"https:\/\/stonehouse.se\/en\/product\/magnetkontakt-mc240-infalld-6-meter\/","title":{"rendered":"Magnetkontakt MC 240 inf\u00e4lld 6 meter"},"content":{"rendered":"<p>MC 240 \u00e4r en universell magnetkontakt med NC-funktion med 6 meter kabel. Kan anv\u00e4ndas b\u00e5de i larm- och passersystem f\u00f6r bevakning av t.ex. d\u00f6rrar, grindar och f\u00f6nster, mot obeh\u00f6rig \u00f6ppning. B\u00e5de kontakt- och magnetdelen \u00e4r i metall och utformade som en skruv med g\u00e4ngor, vilket m\u00f6jligg\u00f6r enkel montering i tr\u00e4 eller plast. Med v\u00e5rt omfattande utbud av installationstillbeh\u00f6r g\u00e5r det enkelt att montera kontakten b\u00e5de inf\u00e4llt och utanp\u00e5liggande \u00e4ven p\u00e5 metall och andra material. Med r\u00e4tt val av tillbeh\u00f6r kan kontakten \u00e4ven monteras p\u00e5 st\u00e5ld\u00f6rrar, kassask\u00e5p, garageportar etc.<\/p>\n<p>Magnettyp: Alnico 5<\/p>\n<p>Typv\u00e4rde f\u00f6r slutning (omagnetiskt material): 27 mm<\/p>\n<p>Max belastning: 48 VDC\/500 mA\/10 VA<\/p>\n<p>Temperaturomr\u00e5de: -40 till +70\u00b0C<\/p>\n<p>IP-klassning: 67<\/p>\n<p>Borrdiameter: 9-10 mm<\/p>\n<p>M\u00e5tt kontaktdel: (lx\u00d8) 37&#215;11 mm<\/p>","protected":false},"excerpt":{"rendered":"<p>MC 240 \u00e4r en universell magnetkontakt med NC-funktion med 6 meter kabel. Kan anv\u00e4ndas b\u00e5de i larm- och passersystem f\u00f6r<\/p>","protected":false},"featured_media":85010,"template":"","meta":{"_acf_changed":false},"product_brand":[],"product_cat":[466],"product_tag":[],"class_list":{"0":"post-34503","1":"product","2":"type-product","3":"status-publish","4":"has-post-thumbnail","6":"product_cat-magnetkontakter-inbrottslarm","7":"product_shipping_class-postnord-varubrev","8":"pa_brands-alarmtech","9":"tm-no-options","11":"first","12":"onbackorder","13":"sale","14":"featured","15":"taxable","16":"shipping-taxable","17":"product-type-simple"},"acf":[],"_links":{"self":[{"href":"https:\/\/stonehouse.se\/en\/wp-json\/wp\/v2\/product\/34503","targetHints":{"allow":["GET"]}}],"collection":[{"href":"https:\/\/stonehouse.se\/en\/wp-json\/wp\/v2\/product"}],"about":[{"href":"https:\/\/stonehouse.se\/en\/wp-json\/wp\/v2\/types\/product"}],"wp:featuredmedia":[{"embeddable":true,"href":"https:\/\/stonehouse.se\/en\/wp-json\/wp\/v2\/media\/85010"}],"wp:attachment":[{"href":"https:\/\/stonehouse.se\/en\/wp-json\/wp\/v2\/media?parent=34503"}],"wp:term":[{"taxonomy":"product_brand","embeddable":true,"href":"https:\/\/stonehouse.se\/en\/wp-json\/wp\/v2\/product_brand?post=34503"},{"taxonomy":"product_cat","embeddable":true,"href":"https:\/\/stonehouse.se\/en\/wp-json\/wp\/v2\/product_cat?post=34503"},{"taxonomy":"product_tag","embeddable":true,"href":"https:\/\/stonehouse.se\/en\/wp-json\/wp\/v2\/product_tag?post=34503"}],"curies":[{"name":"wp","href":"https:\/\/api.w.org\/{rel}","templated":true}]}}