
{"id":34520,"date":"2022-03-10T15:48:00","date_gmt":"2022-03-10T14:48:00","guid":{"rendered":"https:\/\/stonehouse.se\/produkt\/skyddskapa-larmknapp-rod-for-lk-50r\/"},"modified":"2025-12-31T19:56:40","modified_gmt":"2025-12-31T18:56:40","slug":"skyddskapa-larmknapp-rod-for-lk-50r","status":"publish","type":"product","link":"https:\/\/stonehouse.se\/en\/product\/skyddskapa-larmknapp-rod-for-lk-50r\/","title":{"rendered":"Skyddsk\u00e5pa larmknapp r\u00f6d (f\u00f6r LK-50R)"},"content":{"rendered":"<p>Skyddshuv tillverkad i UV-best\u00e4ndig polykarbonat f\u00f6r skydd av larmknappar mot vandalism och skadeg\u00f6relse.<\/p>\n<p>Avsedd f\u00f6r utanp\u00e5liggande montage och kan anv\u00e4ndas f\u00f6r olika \u00e4ndam\u00e5l.<\/p>","protected":false},"excerpt":{"rendered":"<p>Brandlarmsknapp &#8211; Brandknapp &#8211; Skyddsk\u00e5pa som tillbeh\u00f6r &#8211; R\u00f6d \/ Gr\u00f6n larmknappar f\u00f6r utrymning<\/p>","protected":false},"featured_media":84737,"template":"","meta":{"_acf_changed":false},"product_brand":[],"product_cat":[590,2599],"product_tag":[2261,2304,2626],"class_list":{"0":"post-34520","1":"product","2":"type-product","3":"status-publish","4":"has-post-thumbnail","6":"product_cat-brandknappar","7":"product_cat-oppnaknappar","8":"product_tag-brandknappar","9":"product_tag-stonehouse-produkt","10":"product_tag-tillbehor-oppna-brandknappar","11":"product_shipping_class-postnord-varubrev","12":"pa_brands-stonehouse-security","13":"tm-no-options","15":"first","16":"instock","17":"sale","18":"featured","19":"taxable","20":"shipping-taxable","21":"product-type-simple"},"acf":[],"_links":{"self":[{"href":"https:\/\/stonehouse.se\/en\/wp-json\/wp\/v2\/product\/34520","targetHints":{"allow":["GET"]}}],"collection":[{"href":"https:\/\/stonehouse.se\/en\/wp-json\/wp\/v2\/product"}],"about":[{"href":"https:\/\/stonehouse.se\/en\/wp-json\/wp\/v2\/types\/product"}],"wp:featuredmedia":[{"embeddable":true,"href":"https:\/\/stonehouse.se\/en\/wp-json\/wp\/v2\/media\/84737"}],"wp:attachment":[{"href":"https:\/\/stonehouse.se\/en\/wp-json\/wp\/v2\/media?parent=34520"}],"wp:term":[{"taxonomy":"product_brand","embeddable":true,"href":"https:\/\/stonehouse.se\/en\/wp-json\/wp\/v2\/product_brand?post=34520"},{"taxonomy":"product_cat","embeddable":true,"href":"https:\/\/stonehouse.se\/en\/wp-json\/wp\/v2\/product_cat?post=34520"},{"taxonomy":"product_tag","embeddable":true,"href":"https:\/\/stonehouse.se\/en\/wp-json\/wp\/v2\/product_tag?post=34520"}],"curies":[{"name":"wp","href":"https:\/\/api.w.org\/{rel}","templated":true}]}}