
{"id":34525,"date":"2022-03-10T15:48:00","date_gmt":"2022-03-10T14:48:00","guid":{"rendered":"https:\/\/stonehouse.se\/produkt\/temperatur-och-luftfuktighet-larm-med-digital-panel\/"},"modified":"2026-02-18T10:57:54","modified_gmt":"2026-02-18T09:57:54","slug":"temperatur-och-luftfuktighet-larm-med-digital-panel","status":"publish","type":"product","link":"https:\/\/stonehouse.se\/en\/product\/temperatur-och-luftfuktighet-larm-med-digital-panel\/","title":{"rendered":"Temperatur- och luftfuktighet &#8211; Larm med digital panel"},"content":{"rendered":"<section class=\"product-detail__top-container\">\n<div class=\"product-detail__top-content\">\n<div class=\"wrap-text admin-perex\">\n<p>Regulator f\u00f6r temperatur och luftfuktighet med tv\u00e5 rel\u00e4utg\u00e5ngar. F\u00f6r montage inom- eller utomhus.<\/p>\n<p>Inbyggda givare f\u00f6r temperatur och luftfuktighet. M\u00e4tv\u00e4rden kan \u00e4ven redovisas som: daggpunkt, absolut luftfuktighet, specifik luftfuktighet, blandningsf\u00f6rh\u00e5llande eller specifik entalpi.<\/p>\n<\/div>\n<\/div>\n<\/section>","protected":false},"excerpt":{"rendered":"<p>Regulator f\u00f6r temperatur och luftfuktighet med tv\u00e5 rel\u00e4utg\u00e5ngar. F\u00f6r montage inom- eller utomhus. Inbyggda givare f\u00f6r temperatur och luftfuktighet. M\u00e4tv\u00e4rden<\/p>","protected":false},"featured_media":84640,"template":"","meta":{"_acf_changed":false},"product_brand":[],"product_cat":[342,343,344],"product_tag":[],"class_list":{"0":"post-34525","1":"product","2":"type-product","3":"status-publish","4":"has-post-thumbnail","6":"product_cat-detektorer-larmgivare","7":"product_cat-driftlarm-kyla-vatten-temp","8":"product_cat-temperatur-vattendetektor-nya-detektorer-ovriga-larmgivare","9":"product_shipping_class-tunga-paket","10":"pa_brands-comet-system","11":"tm-no-options","13":"first","14":"onbackorder","15":"sale","16":"featured","17":"taxable","18":"shipping-taxable","19":"product-type-simple"},"acf":[],"_links":{"self":[{"href":"https:\/\/stonehouse.se\/en\/wp-json\/wp\/v2\/product\/34525","targetHints":{"allow":["GET"]}}],"collection":[{"href":"https:\/\/stonehouse.se\/en\/wp-json\/wp\/v2\/product"}],"about":[{"href":"https:\/\/stonehouse.se\/en\/wp-json\/wp\/v2\/types\/product"}],"wp:featuredmedia":[{"embeddable":true,"href":"https:\/\/stonehouse.se\/en\/wp-json\/wp\/v2\/media\/84640"}],"wp:attachment":[{"href":"https:\/\/stonehouse.se\/en\/wp-json\/wp\/v2\/media?parent=34525"}],"wp:term":[{"taxonomy":"product_brand","embeddable":true,"href":"https:\/\/stonehouse.se\/en\/wp-json\/wp\/v2\/product_brand?post=34525"},{"taxonomy":"product_cat","embeddable":true,"href":"https:\/\/stonehouse.se\/en\/wp-json\/wp\/v2\/product_cat?post=34525"},{"taxonomy":"product_tag","embeddable":true,"href":"https:\/\/stonehouse.se\/en\/wp-json\/wp\/v2\/product_tag?post=34525"}],"curies":[{"name":"wp","href":"https:\/\/api.w.org\/{rel}","templated":true}]}}