
{"id":34540,"date":"2022-03-10T15:47:00","date_gmt":"2022-03-10T14:47:00","guid":{"rendered":"https:\/\/stonehouse.se\/produkt\/magnetkontakt-mc440-vit-utanpaliggande\/"},"modified":"2026-02-19T12:54:14","modified_gmt":"2026-02-19T11:54:14","slug":"magnetkontakt-mc440-vit-utanpaliggande","status":"publish","type":"product","link":"https:\/\/stonehouse.se\/en\/product\/magnetkontakt-mc440-vit-utanpaliggande\/","title":{"rendered":"Magnetkontakt MC 440 Vit &#8211; Utanp\u00e5liggande"},"content":{"rendered":"<div>\n<p>F\u00f6r snabb och enkel montering har den skruvplint med tr\u00e5dskydd och sabotagekontakt mot obeh\u00f6rig \u00f6ppning.<\/p>\n<p>Magnetkontakten har ett stort gap vilket g\u00f6r att den enkelt kan monteras p\u00e5 de flesta material som tr\u00e4, plast, aluminium d\u00f6rrar och f\u00f6nster.<\/p>\n<p>Kontakten fungerar utm\u00e4rkt att monteras p\u00e5 st\u00e5ld\u00f6rrar och s\u00e4kerhetsd\u00f6rrar men man b\u00f6r d\u00e5 anv\u00e4nda de medf\u00f6ljande plastdistanserna. Det finns olika typer av montagevinklar f\u00f6r att klara av de flesta installationer. Beh\u00f6vs ytterligare plastdistanser anv\u00e4nd MC 400-6 eller MC 400-7.<\/p>\n<\/div>","protected":false},"excerpt":{"rendered":"<p>F\u00f6r snabb och enkel montering har den skruvplint med tr\u00e5dskydd och sabotagekontakt mot obeh\u00f6rig \u00f6ppning. Magnetkontakten har ett stort gap<\/p>","protected":false},"featured_media":84856,"template":"","meta":{"_acf_changed":false},"product_brand":[],"product_cat":[466],"product_tag":[],"class_list":{"0":"post-34540","1":"product","2":"type-product","3":"status-publish","4":"has-post-thumbnail","6":"product_cat-magnetkontakter-inbrottslarm","7":"product_shipping_class-postnord-varubrev","8":"pa_brands-alarmtech","9":"tm-no-options","11":"first","12":"instock","13":"sale","14":"featured","15":"taxable","16":"shipping-taxable","17":"product-type-simple"},"acf":[],"_links":{"self":[{"href":"https:\/\/stonehouse.se\/en\/wp-json\/wp\/v2\/product\/34540","targetHints":{"allow":["GET"]}}],"collection":[{"href":"https:\/\/stonehouse.se\/en\/wp-json\/wp\/v2\/product"}],"about":[{"href":"https:\/\/stonehouse.se\/en\/wp-json\/wp\/v2\/types\/product"}],"wp:featuredmedia":[{"embeddable":true,"href":"https:\/\/stonehouse.se\/en\/wp-json\/wp\/v2\/media\/84856"}],"wp:attachment":[{"href":"https:\/\/stonehouse.se\/en\/wp-json\/wp\/v2\/media?parent=34540"}],"wp:term":[{"taxonomy":"product_brand","embeddable":true,"href":"https:\/\/stonehouse.se\/en\/wp-json\/wp\/v2\/product_brand?post=34540"},{"taxonomy":"product_cat","embeddable":true,"href":"https:\/\/stonehouse.se\/en\/wp-json\/wp\/v2\/product_cat?post=34540"},{"taxonomy":"product_tag","embeddable":true,"href":"https:\/\/stonehouse.se\/en\/wp-json\/wp\/v2\/product_tag?post=34540"}],"curies":[{"name":"wp","href":"https:\/\/api.w.org\/{rel}","templated":true}]}}