
{"id":34545,"date":"2022-03-10T15:47:00","date_gmt":"2022-03-10T14:47:00","guid":{"rendered":"https:\/\/stonehouse.se\/produkt\/kolmonoxid-co2-detektor-stand-alone-7-ars\/"},"modified":"2026-02-12T17:17:04","modified_gmt":"2026-02-12T16:17:04","slug":"kolmonoxid-co-detektor-stand-alone-7-ars","status":"publish","type":"product","link":"https:\/\/stonehouse.se\/en\/product\/kolmonoxid-co-detektor-stand-alone-7-ars\/","title":{"rendered":"Kolmonoxid detektor CO Stand Alone 7 \u00e5rs"},"content":{"rendered":"<p>Str\u00f6mf\u00f6rs\u00f6rjning: DC 6V batterier, ( 4 stycken 1.5 Volt, Lithium)<\/p>\n<p>Kolmoxid detektor som arbetar stand alone med batteridrift upp till 10 \u00e5r.<\/p>\n<p>Reagerar p\u00e5 giftig CO gas och larm sker via den inbyggda sirenen samt visult via LED.<\/p>\n<p>Du har en knapp f\u00f6r att testa produkten p\u00e5 framsidan och som \u00e4ven tystar den vid larm.<\/p>\n<p>Arbetstemperatur\u00a0 -10\u2103~+50\u2103<\/p>\n<p>Ljudniv\u00e5 larm\u00a0\u00a0\u00a0 \u226585dB (3 meter)<\/p>\n<p>Luftfuktighet\u00a0\u00a0\u00a0 \u226495%R.H.<\/p>\n<p>R\u00f6kk\u00e4nslighet\u00a0\u00a0\u00a0 1-3% ft<\/p>\n<p>Storlek: 120 x 65 x 35 mm<\/p>\n<p>Vikt: 280 gram<\/p>\n<p>Certfifikat: CE och EN50291-1<\/p>\n<p>3 \u00e5rs garanti.<\/p>","protected":false},"excerpt":{"rendered":"<p>R\u00f6kdetektorer &#8211; CO larm &#8211; Temperatur detektor &#8211; Vibrations &#8211; Glaskross &#8211; Alltid l\u00e5gt pris<\/p>","protected":false},"featured_media":84888,"template":"","meta":{"_acf_changed":false},"product_brand":[],"product_cat":[581],"product_tag":[2304],"class_list":{"0":"post-34545","1":"product","2":"type-product","3":"status-publish","4":"has-post-thumbnail","6":"product_cat-rokdetektorer-kolmonoxid","7":"product_tag-stonehouse-produkt","8":"product_shipping_class-postnord-varubrev","9":"pa_brands-stonehouse-security","10":"tm-no-options","12":"first","13":"instock","14":"sale","15":"featured","16":"taxable","17":"shipping-taxable","18":"product-type-simple"},"acf":[],"_links":{"self":[{"href":"https:\/\/stonehouse.se\/en\/wp-json\/wp\/v2\/product\/34545","targetHints":{"allow":["GET"]}}],"collection":[{"href":"https:\/\/stonehouse.se\/en\/wp-json\/wp\/v2\/product"}],"about":[{"href":"https:\/\/stonehouse.se\/en\/wp-json\/wp\/v2\/types\/product"}],"wp:featuredmedia":[{"embeddable":true,"href":"https:\/\/stonehouse.se\/en\/wp-json\/wp\/v2\/media\/84888"}],"wp:attachment":[{"href":"https:\/\/stonehouse.se\/en\/wp-json\/wp\/v2\/media?parent=34545"}],"wp:term":[{"taxonomy":"product_brand","embeddable":true,"href":"https:\/\/stonehouse.se\/en\/wp-json\/wp\/v2\/product_brand?post=34545"},{"taxonomy":"product_cat","embeddable":true,"href":"https:\/\/stonehouse.se\/en\/wp-json\/wp\/v2\/product_cat?post=34545"},{"taxonomy":"product_tag","embeddable":true,"href":"https:\/\/stonehouse.se\/en\/wp-json\/wp\/v2\/product_tag?post=34545"}],"curies":[{"name":"wp","href":"https:\/\/api.w.org\/{rel}","templated":true}]}}