
{"id":34550,"date":"2022-03-10T15:47:00","date_gmt":"2022-03-10T14:47:00","guid":{"rendered":"https:\/\/stonehouse.se\/produkt\/overfallsknapp-mekanisk-hb-105-m-alarmtech\/"},"modified":"2026-04-01T13:18:41","modified_gmt":"2026-04-01T11:18:41","slug":"overfallsknapp-mekanisk-hb-105-m-alarmtech","status":"publish","type":"product","link":"https:\/\/stonehouse.se\/en\/product\/overfallsknapp-mekanisk-hb-105-m-alarmtech\/","title":{"rendered":"\u00d6verfallsknapp Mekanisk HB-105-M Alarmtech"},"content":{"rendered":"<p>HB 105-M \u00e4r en mekanisk \u00f6verfallskontakt som kan anv\u00e4ndas f\u00f6r olika applikationer i en larmanl\u00e4ggning.<\/p>\n<p>HB105 har tv\u00e5 \u00e5terfj\u00e4drande tryckknappar med v\u00e4xlande (NC\/NO) funktion i kopplingsplint. Beroende p\u00e5 inkoppling kan den anv\u00e4ndas f\u00f6r dubbeltryck eller f\u00f6r separata funktioner p\u00e5 respektive tryckknapp. Det finns ocks\u00e5 en ing\u00e5ng f\u00f6r att styra den inbyggda lysdioden.<\/p>\n<p>Sabotageomkopplare f\u00f6r skydd mot \u00f6ppning.<\/p>","protected":false},"excerpt":{"rendered":"<p>Produkter fr\u00e5n proffsmarknaden &#8211; Alarmtech &#8211; Alltid l\u00e5gt pris<\/p>","protected":false},"featured_media":84745,"template":"","meta":{"_acf_changed":false},"product_brand":[],"product_cat":[342,598],"product_tag":[],"class_list":{"0":"post-34550","1":"product","2":"type-product","3":"status-publish","4":"has-post-thumbnail","6":"product_cat-detektorer-larmgivare","7":"product_cat-overfallsknappar-nya-detektorer-ovriga-larmgivare","8":"product_shipping_class-postnord-varubrev","9":"pa_brands-alarmtech","10":"tm-no-options","12":"first","13":"instock","14":"sale","15":"featured","16":"taxable","17":"shipping-taxable","18":"product-type-simple"},"acf":[],"_links":{"self":[{"href":"https:\/\/stonehouse.se\/en\/wp-json\/wp\/v2\/product\/34550","targetHints":{"allow":["GET"]}}],"collection":[{"href":"https:\/\/stonehouse.se\/en\/wp-json\/wp\/v2\/product"}],"about":[{"href":"https:\/\/stonehouse.se\/en\/wp-json\/wp\/v2\/types\/product"}],"wp:featuredmedia":[{"embeddable":true,"href":"https:\/\/stonehouse.se\/en\/wp-json\/wp\/v2\/media\/84745"}],"wp:attachment":[{"href":"https:\/\/stonehouse.se\/en\/wp-json\/wp\/v2\/media?parent=34550"}],"wp:term":[{"taxonomy":"product_brand","embeddable":true,"href":"https:\/\/stonehouse.se\/en\/wp-json\/wp\/v2\/product_brand?post=34550"},{"taxonomy":"product_cat","embeddable":true,"href":"https:\/\/stonehouse.se\/en\/wp-json\/wp\/v2\/product_cat?post=34550"},{"taxonomy":"product_tag","embeddable":true,"href":"https:\/\/stonehouse.se\/en\/wp-json\/wp\/v2\/product_tag?post=34550"}],"curies":[{"name":"wp","href":"https:\/\/api.w.org\/{rel}","templated":true}]}}