
{"id":34552,"date":"2022-03-10T15:47:00","date_gmt":"2022-03-10T14:47:00","guid":{"rendered":"https:\/\/stonehouse.se\/produkt\/overfallsknapp-elektronisk-hb120-alarmtech\/"},"modified":"2026-04-01T14:36:43","modified_gmt":"2026-04-01T12:36:43","slug":"overfallsknapp-elektronisk-hb120-alarmtech","status":"publish","type":"product","link":"https:\/\/stonehouse.se\/en\/product\/overfallsknapp-elektronisk-hb120-alarmtech\/","title":{"rendered":"\u00d6verfallsknapp Elektronisk HB120 Alarmtech"},"content":{"rendered":"<div>\n<p>HB 120 \u00e4r en avancerad elektronisk \u00f6verfallskontakt som kan anv\u00e4ndas f\u00f6r olika applikationer i en larmanl\u00e4ggning. HB 120 har tv\u00e5 tryckknappar som m\u00f6jligg\u00f6r 2 olika larmfunktioner. Larm 1 som aktiveras vid dubbeltryck (r\u00f6d LED indikering) och larm 2 vid enkeltryck (gr\u00f6n LED indikering).<\/p>\n<p>B\u00e5da funktionerna har separata rel\u00e4utg\u00e5ngar med NC funktion. Den har sabotagekontakt som skyddar mot \u00f6ppning.<\/p>\n<p>Med sitt platta och kompakta format \u00e4r den diskret och enkel att installera i de flesta typer av milj\u00f6er.<\/p>\n<\/div>","protected":false},"excerpt":{"rendered":"<p>Produkter fr\u00e5n proffsmarknaden &#8211; Alarmtech &#8211; Alltid l\u00e5gt pris<\/p>","protected":false},"featured_media":85028,"template":"","meta":{"_acf_changed":false},"product_brand":[],"product_cat":[342,598],"product_tag":[],"class_list":{"0":"post-34552","1":"product","2":"type-product","3":"status-publish","4":"has-post-thumbnail","6":"product_cat-detektorer-larmgivare","7":"product_cat-overfallsknappar-nya-detektorer-ovriga-larmgivare","8":"product_shipping_class-postnord-varubrev","9":"pa_brands-alarmtech","10":"tm-no-options","12":"first","13":"instock","14":"sale","15":"featured","16":"taxable","17":"shipping-taxable","18":"product-type-simple"},"acf":[],"_links":{"self":[{"href":"https:\/\/stonehouse.se\/en\/wp-json\/wp\/v2\/product\/34552","targetHints":{"allow":["GET"]}}],"collection":[{"href":"https:\/\/stonehouse.se\/en\/wp-json\/wp\/v2\/product"}],"about":[{"href":"https:\/\/stonehouse.se\/en\/wp-json\/wp\/v2\/types\/product"}],"wp:featuredmedia":[{"embeddable":true,"href":"https:\/\/stonehouse.se\/en\/wp-json\/wp\/v2\/media\/85028"}],"wp:attachment":[{"href":"https:\/\/stonehouse.se\/en\/wp-json\/wp\/v2\/media?parent=34552"}],"wp:term":[{"taxonomy":"product_brand","embeddable":true,"href":"https:\/\/stonehouse.se\/en\/wp-json\/wp\/v2\/product_brand?post=34552"},{"taxonomy":"product_cat","embeddable":true,"href":"https:\/\/stonehouse.se\/en\/wp-json\/wp\/v2\/product_cat?post=34552"},{"taxonomy":"product_tag","embeddable":true,"href":"https:\/\/stonehouse.se\/en\/wp-json\/wp\/v2\/product_tag?post=34552"}],"curies":[{"name":"wp","href":"https:\/\/api.w.org\/{rel}","templated":true}]}}