
{"id":34581,"date":"2022-03-10T15:42:00","date_gmt":"2022-03-10T14:42:00","guid":{"rendered":"https:\/\/stonehouse.se\/produkt\/kapsling-small-till-neo-multi-40-va-trafo\/"},"modified":"2026-04-01T13:28:09","modified_gmt":"2026-04-01T11:28:09","slug":"dsc-kapsling-small-40-va","status":"publish","type":"product","link":"https:\/\/stonehouse.se\/en\/product\/dsc-kapsling-small-40-va\/","title":{"rendered":"Kapsling Multi small 40 VA Trafo f\u00f6r DSC &#8211; Paradox och Risco AWO150"},"content":{"rendered":"<h1><strong>DSC Kapsling Multi (Small) 40 VA<\/strong> \u00e4r en m\u00e5ngsidig och praktisk l\u00f6sning f\u00f6r installation och skydd av larmsystemets elektronik.<\/h1>\n<p>Denna kapsling \u00e4r utformad f\u00f6r att rymma en 40 VA transformator och ger en p\u00e5litlig str\u00f6mf\u00f6rs\u00f6rjning f\u00f6r olika s\u00e4kerhetsutrustningar, inklusive DSC NEO, Paradox och Risco.<\/p>\n<p>Med sin kompakta storlek (280 x 290 x 80 mm) \u00e4r den idealisk f\u00f6r b\u00e5de hem- och f\u00f6retagsmilj\u00f6er d\u00e4r utrymmet kan vara begr\u00e4nsat.<\/p>\n<p>Kapslingen \u00e4r tillverkad av robust pl\u00e5t och har en IP-skyddsklass p\u00e5 IP 20, vilket inneb\u00e4r att den \u00e4r l\u00e4mplig f\u00f6r inomhusinstallation.<\/p>\n<p>Den \u00e4r ocks\u00e5 utrustad med en sabotagekontakt, vilket ger extra s\u00e4kerhet mot obeh\u00f6rig \u00e5tkomst. Med tv\u00e5 nycklar som medf\u00f6ljer kan du enkelt l\u00e5sa kapslingen f\u00f6r att skydda den k\u00e4nsliga utrustningen inuti.<\/p>\n<p>Transformatorn har en str\u00f6mkapacitet p\u00e5 2,2A\/16VAC och 2A\/18VAC, vilket g\u00f6r den till en effektiv och kraftfull komponent f\u00f6r str\u00f6mf\u00f6rs\u00f6rjning.<\/p>\n<p>Kapslingen st\u00f6djer dessutom ett backup-batteri p\u00e5 7Ah, vilket s\u00e4kerst\u00e4ller att systemet f\u00f6rblir aktivt \u00e4ven vid str\u00f6mavbrott.<\/p>\n<p>Oavsett om du installerar ett larmsystem i en bostad eller en kommersiell fastighet, erbjuder DSC Kapsling Multi (Small) en p\u00e5litlig och s\u00e4ker l\u00f6sning f\u00f6r att skydda din elektroniska utrustning och s\u00e4kerhetsl\u00f6sningar.<\/p>","protected":false},"excerpt":{"rendered":"<p>DSC Kapsling med l\u00e5s och transformator \u00e4r universell och passar alla larmsystem eller utrustningar som beh\u00f6ver str\u00f6mf\u00f6rs\u00f6rjning.<\/p>\n<p>Denna kapsling \u00e4r designad f\u00f6r att skydda och \u00f6vervaka elektronik i olika installationsmilj\u00f6er.<\/p>","protected":false},"featured_media":84783,"template":"","meta":{"_acf_changed":false},"product_brand":[],"product_cat":[2787,350],"product_tag":[2781,1679],"class_list":{"0":"post-34581","1":"product","2":"type-product","3":"status-publish","4":"has-post-thumbnail","6":"product_cat-dsc-neo-centralkit","7":"product_cat-dsc-larm-neo-power-hybridlarm","8":"product_tag-dsc-neo-svensk-manual","9":"product_tag-neo-central-kapslingar","10":"product_shipping_class-postnord-varubrev","11":"pa_brands-pulsar","12":"pa_dsc-neo-hybridlarm-kapslingar-boxar","13":"tm-no-options","15":"first","16":"instock","17":"sale","18":"featured","19":"taxable","20":"shipping-taxable","21":"product-type-simple"},"acf":[],"_links":{"self":[{"href":"https:\/\/stonehouse.se\/en\/wp-json\/wp\/v2\/product\/34581","targetHints":{"allow":["GET"]}}],"collection":[{"href":"https:\/\/stonehouse.se\/en\/wp-json\/wp\/v2\/product"}],"about":[{"href":"https:\/\/stonehouse.se\/en\/wp-json\/wp\/v2\/types\/product"}],"wp:featuredmedia":[{"embeddable":true,"href":"https:\/\/stonehouse.se\/en\/wp-json\/wp\/v2\/media\/84783"}],"wp:attachment":[{"href":"https:\/\/stonehouse.se\/en\/wp-json\/wp\/v2\/media?parent=34581"}],"wp:term":[{"taxonomy":"product_brand","embeddable":true,"href":"https:\/\/stonehouse.se\/en\/wp-json\/wp\/v2\/product_brand?post=34581"},{"taxonomy":"product_cat","embeddable":true,"href":"https:\/\/stonehouse.se\/en\/wp-json\/wp\/v2\/product_cat?post=34581"},{"taxonomy":"product_tag","embeddable":true,"href":"https:\/\/stonehouse.se\/en\/wp-json\/wp\/v2\/product_tag?post=34581"}],"curies":[{"name":"wp","href":"https:\/\/api.w.org\/{rel}","templated":true}]}}