
{"id":34584,"date":"2022-03-10T15:42:00","date_gmt":"2022-03-10T14:42:00","guid":{"rendered":"https:\/\/stonehouse.se\/produkt\/kapsling-large-till-neo-multi-80-va-trafo\/"},"modified":"2026-04-01T14:36:13","modified_gmt":"2026-04-01T12:36:13","slug":"dsc-kapsling-multi-80-va","status":"publish","type":"product","link":"https:\/\/stonehouse.se\/en\/product\/dsc-kapsling-multi-80-va\/","title":{"rendered":"Kapsling Multi (stor) med inbyggd 80 VA Trafo Multi f\u00f6r DSC &#8211; Paradox och Risco AWO300"},"content":{"rendered":"<h1><strong>DSC Kapsling Multi med inbyggd 80 VA<\/strong> transformator \u00e4r en robust och m\u00e5ngsidig l\u00f6sning f\u00f6r alla larm- och teleinstallationer.<\/h1>\n<p>Den \u00e4r designad f\u00f6r att vara kompatibel med Risco, DSC NEO, och Paradox system, vilket g\u00f6r den till ett utm\u00e4rkt val f\u00f6r anv\u00e4ndare som s\u00f6ker en p\u00e5litlig och s\u00e4ker str\u00f6mf\u00f6rs\u00f6rjning.<\/p>\n<p>Kapslingen \u00e4r tillverkad av pl\u00e5t och erbjuder IP-skydd (IP20), vilket inneb\u00e4r att den \u00e4r avsedd f\u00f6r inomhusbruk.<\/p>\n<p>Transformatorn har en effekt p\u00e5 80 VA och levererar en str\u00f6m p\u00e5 upp till 5 A med olika sp\u00e4nningar (16VAC, 18VAC, 20VAC).<\/p>\n<p>Kapslingen rymmer ett batteri p\u00e5 7Ah eller 17Ah och har m\u00e5tten 320 x 400 x 120 mm (\u00b1 2 mm). Den \u00e4r ocks\u00e5 utrustad med en sabotagekontakt f\u00f6r att s\u00e4kerst\u00e4lla ytterligare skydd mot obeh\u00f6rig \u00e5tkomst. Kapslingen kan monteras utanp\u00e5liggande, vilket underl\u00e4ttar installationen i olika milj\u00f6er.<\/p>\n<p><strong>Technical Specification:<\/strong><\/p>\n<ul>\n<li><strong>Str\u00f6m:<\/strong> 5A \/ 16VAC, 4.5A \/ 18VAC, 4A \/ 20VAC<\/li>\n<li><strong>Batterikapacitet:<\/strong> 1 x 7Ah \/ 1 x 17Ah<\/li>\n<li><strong>Measure:<\/strong> 320 x 400 x 120 mm (+\/- 2 mm)<\/li>\n<li><strong>Material:<\/strong> Pl\u00e5t<\/li>\n<li><strong>IP-skydd:<\/strong> IP 20 (inomhusinstallation)<\/li>\n<\/ul>\n<p>Kapslingen \u00e4r en effektiv och s\u00e4ker l\u00f6sning f\u00f6r installationer som kr\u00e4ver h\u00f6g kvalitet och p\u00e5litlighet.<\/p>\n<p>Den \u00e4r en del av DSCengagemang f\u00f6r att erbjuda \u00f6verl\u00e4gsna s\u00e4kerhetsl\u00f6sningar f\u00f6r b\u00e5de bost\u00e4der och f\u00f6retag.<\/p>","protected":false},"excerpt":{"rendered":"<p>DSC Kapsling Multi \u00e4r en stor kapsling med en inbyggd 80 VA transformator, idealisk f\u00f6r installationer av DSC, Paradox och Risco.<\/p>\n<p>Den erbjuder s\u00e4ker str\u00f6mf\u00f6rs\u00f6rjning och \u00e4r perfekt f\u00f6r b\u00e5de larm- och teleinstallationer.<\/p>","protected":false},"featured_media":84697,"template":"","meta":{"_acf_changed":false},"product_brand":[],"product_cat":[2787,350],"product_tag":[2781,1679],"class_list":{"0":"post-34584","1":"product","2":"type-product","3":"status-publish","4":"has-post-thumbnail","6":"product_cat-dsc-neo-centralkit","7":"product_cat-dsc-larm-neo-power-hybridlarm","8":"product_tag-dsc-neo-svensk-manual","9":"product_tag-neo-central-kapslingar","10":"product_shipping_class-postnord-varubrev","11":"pa_brands-pulsar","12":"pa_dsc-neo-hybridlarm-kapslingar-boxar","13":"tm-no-options","15":"first","16":"instock","17":"sale","18":"featured","19":"taxable","20":"shipping-taxable","21":"product-type-simple"},"acf":[],"_links":{"self":[{"href":"https:\/\/stonehouse.se\/en\/wp-json\/wp\/v2\/product\/34584","targetHints":{"allow":["GET"]}}],"collection":[{"href":"https:\/\/stonehouse.se\/en\/wp-json\/wp\/v2\/product"}],"about":[{"href":"https:\/\/stonehouse.se\/en\/wp-json\/wp\/v2\/types\/product"}],"wp:featuredmedia":[{"embeddable":true,"href":"https:\/\/stonehouse.se\/en\/wp-json\/wp\/v2\/media\/84697"}],"wp:attachment":[{"href":"https:\/\/stonehouse.se\/en\/wp-json\/wp\/v2\/media?parent=34584"}],"wp:term":[{"taxonomy":"product_brand","embeddable":true,"href":"https:\/\/stonehouse.se\/en\/wp-json\/wp\/v2\/product_brand?post=34584"},{"taxonomy":"product_cat","embeddable":true,"href":"https:\/\/stonehouse.se\/en\/wp-json\/wp\/v2\/product_cat?post=34584"},{"taxonomy":"product_tag","embeddable":true,"href":"https:\/\/stonehouse.se\/en\/wp-json\/wp\/v2\/product_tag?post=34584"}],"curies":[{"name":"wp","href":"https:\/\/api.w.org\/{rel}","templated":true}]}}