
{"id":34594,"date":"2022-03-10T15:42:00","date_gmt":"2022-03-10T14:42:00","guid":{"rendered":"https:\/\/stonehouse.se\/produkt\/dsc-neo-knappsats-tradlos-hs2lcd-wf-p-prox-engelsk-text\/"},"modified":"2026-01-21T09:37:47","modified_gmt":"2026-01-21T08:37:47","slug":"dsc-hs2lcdwfp-wireless-prox-powerg","status":"publish","type":"product","link":"https:\/\/stonehouse.se\/en\/product\/dsc-hs2lcdwfp-wireless-prox-powerg\/","title":{"rendered":"DSC HS2LCDWFP Wireless LCD Keypad + Prox (English + 5 language)"},"content":{"rendered":"<p><strong>DSC HS2LCDWFP<\/strong> \u00e4r en tr\u00e5dl\u00f6s LCD-knappsats som \u00e4r designad f\u00f6r att fungera med DSC Neo-larmsystemet.<\/p>\n<p>Den har en klar och tydlig LCD-display som visar information p\u00e5 engelska och st\u00f6der ytterligare fem spr\u00e5k: franska, italienska, tyska, holl\u00e4ndska och polska.<\/p>\n<p>Manualerna som medf\u00f6ljer produkten finns tillg\u00e4ngliga p\u00e5 engelska, italienska, holl\u00e4ndska och polska.<\/p>\n<p>Denna knappsats erbjuder en imponerande tr\u00e5dl\u00f6s r\u00e4ckvidd p\u00e5 upp till 2000 meter i fri luft och har en inbyggd radio mottagare f\u00f6r att ansluta tr\u00e5dl\u00f6sa givare och andra Neo-produkter.<\/p>\n<p>Dessutom \u00e4r HS2LCDWFP utrustad med en PROX\/EM l\u00e4sare f\u00f6r att m\u00f6jligg\u00f6ra enkel och snabb \u00e5tkomst via taggar.<\/p>\n<p>Knappsatsen har fritt programmerbara texter f\u00f6r olika sektioner och larmomr\u00e5den, samt ett h\u00e4ndelseminne som kan avl\u00e4sas p\u00e5 displayen.<\/p>\n<p>Den \u00e4r utrustad med fem funktionsknappar f\u00f6r kortkommandon och tre n\u00f6dknappar, vilket g\u00f6r den extremt anv\u00e4ndarv\u00e4nlig.<\/p>\n<p>Str\u00f6mf\u00f6rbrukningen ligger mellan 55 och 105 mA, vilket g\u00f6r den energieffektiv och p\u00e5litlig.<\/p>\n<p>DSC HS2LCDWFP \u00e4r perfekt f\u00f6r b\u00e5de bost\u00e4der och f\u00f6retag som s\u00f6ker en modern och flexibel s\u00e4kerhetsl\u00f6sning.<\/p>","protected":false},"excerpt":{"rendered":"<p>DSC HS2LCDWFP \u00e4r en helt tr\u00e5dl\u00f6s LCD-knappsats med inbyggd Prox-l\u00e4sare, st\u00f6d f\u00f6r Engelska, franska, italienska, tyska, holl\u00e4ndska och polska.<\/p>","protected":false},"featured_media":82861,"template":"","meta":{"_acf_changed":false},"product_brand":[],"product_cat":[350,2791],"product_tag":[2781,1681,2368],"class_list":{"0":"post-34594","1":"product","2":"type-product","3":"status-publish","4":"has-post-thumbnail","6":"product_cat-dsc-larm-neo-power-hybridlarm","7":"product_cat-knappsats-kod","8":"product_tag-dsc-neo-svensk-manual","9":"product_tag-neo-knappsats-manoverpaneler","10":"product_tag-neo-dsc-knappsats-manoverpaneler","11":"product_shipping_class-postnord-varubrev","12":"pa_brands-4dsc","13":"pa_dsc-neo-hybridlarm-knappsatser","14":"tm-no-options","16":"first","17":"instock","18":"sale","19":"featured","20":"taxable","21":"shipping-taxable","22":"product-type-simple"},"acf":[],"_links":{"self":[{"href":"https:\/\/stonehouse.se\/en\/wp-json\/wp\/v2\/product\/34594","targetHints":{"allow":["GET"]}}],"collection":[{"href":"https:\/\/stonehouse.se\/en\/wp-json\/wp\/v2\/product"}],"about":[{"href":"https:\/\/stonehouse.se\/en\/wp-json\/wp\/v2\/types\/product"}],"wp:featuredmedia":[{"embeddable":true,"href":"https:\/\/stonehouse.se\/en\/wp-json\/wp\/v2\/media\/82861"}],"wp:attachment":[{"href":"https:\/\/stonehouse.se\/en\/wp-json\/wp\/v2\/media?parent=34594"}],"wp:term":[{"taxonomy":"product_brand","embeddable":true,"href":"https:\/\/stonehouse.se\/en\/wp-json\/wp\/v2\/product_brand?post=34594"},{"taxonomy":"product_cat","embeddable":true,"href":"https:\/\/stonehouse.se\/en\/wp-json\/wp\/v2\/product_cat?post=34594"},{"taxonomy":"product_tag","embeddable":true,"href":"https:\/\/stonehouse.se\/en\/wp-json\/wp\/v2\/product_tag?post=34594"}],"curies":[{"name":"wp","href":"https:\/\/api.w.org\/{rel}","templated":true}]}}