
{"id":34609,"date":"2022-03-10T15:40:00","date_gmt":"2022-03-10T14:40:00","guid":{"rendered":"https:\/\/stonehouse.se\/produkt\/abloy-eltryckeslas-el582-70mm\/"},"modified":"2026-04-07T23:04:19","modified_gmt":"2026-04-07T21:04:19","slug":"abloy-eltryckeslas-el582-70mm","status":"publish","type":"product","link":"https:\/\/stonehouse.se\/en\/product\/abloy-eltryckeslas-el582-70mm\/","title":{"rendered":"Abloy Eltryckesl\u00e5s EL582 70mm"},"content":{"rendered":"<p>En direkt ers\u00e4ttare f\u00f6r Abloy 8180\/8181.<\/p>\n<p>EL582 \u00e4r ett elektromekaniskt styrt tryckesfunktionsl\u00e5s som \u00e4r av sk. multifunktionstyp.<\/p>\n<p>EL 582 \u00e4r ett ell\u00e5s av dagl\u00e5styp och passar bra som dagl\u00e5sning i aff\u00e4rsbyggnader, intern l\u00e5sning och ytterd\u00f6rrar i flerfamiljshus.<\/p>\n<p>Omst\u00e4llbar h\u00e4ngning h\u00f6ger\/v\u00e4nster (utan att \u00f6ppna l\u00e5set).<\/p>\n<p>Variabelt fall 20\/14 mm f\u00f6rreglat l\u00e4ge.<\/p>\n<p>Multisp\u00e4nning 12-24 V DC -10%\/+10% Max str\u00f6m: 350 mA Tomg\u00e5ngstr\u00f6m: 120mA<\/p>\n<p>Omst\u00e4llbar r\u00e4ttv\u00e4nd \/ omv\u00e4nd funktion.<\/p>\n<p>Dubbla mikrobrytare<\/p>\n<p>M\u00e5tt och kolvplaceringar enligt Assa standard.<\/p>","protected":false},"excerpt":{"rendered":"<p>En direkt ers\u00e4ttare f\u00f6r Abloy 8180\/8181. EL582 \u00e4r ett elektromekaniskt styrt tryckesfunktionsl\u00e5s som \u00e4r av sk. multifunktionstyp. EL 582 \u00e4r<\/p>","protected":false},"featured_media":85046,"template":"","meta":{"_acf_changed":false},"product_brand":[],"product_cat":[2318],"product_tag":[2250,1619,1746],"class_list":{"0":"post-34609","1":"product","2":"type-product","3":"status-publish","4":"has-post-thumbnail","6":"product_cat-ellas","7":"product_tag-abloy-el582","8":"product_tag-ellas-eltryckeslas","9":"product_tag-rel-abloy-ellas","10":"product_shipping_class-tunga-paket","11":"pa_brands-abloy","12":"tm-no-options","14":"first","15":"instock","16":"sale","17":"featured","18":"taxable","19":"shipping-taxable","20":"product-type-simple"},"acf":[],"_links":{"self":[{"href":"https:\/\/stonehouse.se\/en\/wp-json\/wp\/v2\/product\/34609","targetHints":{"allow":["GET"]}}],"collection":[{"href":"https:\/\/stonehouse.se\/en\/wp-json\/wp\/v2\/product"}],"about":[{"href":"https:\/\/stonehouse.se\/en\/wp-json\/wp\/v2\/types\/product"}],"wp:featuredmedia":[{"embeddable":true,"href":"https:\/\/stonehouse.se\/en\/wp-json\/wp\/v2\/media\/85046"}],"wp:attachment":[{"href":"https:\/\/stonehouse.se\/en\/wp-json\/wp\/v2\/media?parent=34609"}],"wp:term":[{"taxonomy":"product_brand","embeddable":true,"href":"https:\/\/stonehouse.se\/en\/wp-json\/wp\/v2\/product_brand?post=34609"},{"taxonomy":"product_cat","embeddable":true,"href":"https:\/\/stonehouse.se\/en\/wp-json\/wp\/v2\/product_cat?post=34609"},{"taxonomy":"product_tag","embeddable":true,"href":"https:\/\/stonehouse.se\/en\/wp-json\/wp\/v2\/product_tag?post=34609"}],"curies":[{"name":"wp","href":"https:\/\/api.w.org\/{rel}","templated":true}]}}