
{"id":34611,"date":"2022-03-10T15:40:00","date_gmt":"2022-03-10T14:40:00","guid":{"rendered":"https:\/\/stonehouse.se\/produkt\/abloy-el480-split-funktion-35-mm\/"},"modified":"2026-04-01T12:59:41","modified_gmt":"2026-04-01T10:59:41","slug":"abloy-el480-split-funktion-35-mm","status":"publish","type":"product","link":"https:\/\/stonehouse.se\/en\/product\/abloy-el480-split-funktion-35-mm\/","title":{"rendered":"Abloy EL480 split funktion 35 mm"},"content":{"rendered":"<div>\n<h3>Anv\u00e4ndningsomr\u00e5de<\/h3>\n<p>Eltryckesl\u00e5s EL480 \u00a0\u00e4r ett multifunktionellt l\u00e5s anpassat f\u00f6r h\u00f6gfrekventa d\u00f6rrar i smalprofilutf\u00f6rande.<\/p>\n<p>passar bra som dagl\u00e5sning och intern l\u00e5sning inom handel, kontor och industri eller i entr\u00e9er och allm\u00e4nna utrymmen i flerfamiljshus. ABLOY EL480 kan anv\u00e4ndas i brandcellsgr\u00e4ns.<\/p>\n<h3>Egenskaper<\/h3>\n<p>\u2022 F\u00f6rreglad tryckesfall L\u00e5set kan alltid man\u00f6vreras med cylinder \/ vred<\/p>\n<p>\u2022 Multifunktionellt<\/p>\n<p>&#8211; 12-24VDC, stab<\/p>\n<p>&#8211; enkelt omst\u00e4llbart r\u00e4ttv\u00e4nd \/ omv\u00e4nd funktion<\/p>\n<p>&#8211; enkelt omst\u00e4llbart elektriskt \/ mekaniskt man\u00f6vrerad sida<\/p>\n<p>2 st mikrobrytare<\/p>\n<p>&#8211; F\u00f6rregling (d\u00f6rrl\u00e4ge)<\/p>\n<p>&#8211; Tryckes r\u00f6relse 29 eller 35 mm dorndjup<\/p>\n<p>Alla kablar f\u00f6rsedda med kontakter f\u00f6r enkel installation med anslutningskabel EA220 Fullst\u00e4ndigt anpassat till ASSA ABLOY urtagsstandar<\/p>\n<h3>Funktion<\/h3>\n<p>EL480 med split funktion<\/p>\n<p>&#8211; Utsidans trycke elektriskt man\u00f6vrerat<\/p>\n<p>&#8211; Insidans trycke \u00f6ppnar alltid l\u00e5set mekaniskt<\/p>\n<h3>Teknisk data<\/h3>\n<p>\u2022 Str\u00f6mf\u00f6rbrukning Max. 350 mA<\/p>\n<p>\u2022 Vila 120 mA<\/p>\n<p>\u2022 Mikrobrytare Enpoligt v\u00e4xlandeMax. 30 VDC, 400 mA<\/p>\n<\/div>","protected":false},"excerpt":{"rendered":"<p>Anv\u00e4ndningsomr\u00e5de Eltryckesl\u00e5s EL480 \u00a0\u00e4r ett multifunktionellt l\u00e5s anpassat f\u00f6r h\u00f6gfrekventa d\u00f6rrar i smalprofilutf\u00f6rande. passar bra som dagl\u00e5sning och intern l\u00e5sning<\/p>","protected":false},"featured_media":84921,"template":"","meta":{"_acf_changed":false},"product_brand":[],"product_cat":[2318],"product_tag":[2254,1622,1746],"class_list":{"0":"post-34611","1":"product","2":"type-product","3":"status-publish","4":"has-post-thumbnail","6":"product_cat-ellas","7":"product_tag-abloy-el480","8":"product_tag-ellas-split-spindle","9":"product_tag-rel-abloy-ellas","10":"product_shipping_class-tunga-paket","11":"pa_brands-abloy","12":"tm-no-options","14":"first","15":"instock","16":"sale","17":"featured","18":"taxable","19":"shipping-taxable","20":"product-type-simple"},"acf":[],"_links":{"self":[{"href":"https:\/\/stonehouse.se\/en\/wp-json\/wp\/v2\/product\/34611","targetHints":{"allow":["GET"]}}],"collection":[{"href":"https:\/\/stonehouse.se\/en\/wp-json\/wp\/v2\/product"}],"about":[{"href":"https:\/\/stonehouse.se\/en\/wp-json\/wp\/v2\/types\/product"}],"wp:featuredmedia":[{"embeddable":true,"href":"https:\/\/stonehouse.se\/en\/wp-json\/wp\/v2\/media\/84921"}],"wp:attachment":[{"href":"https:\/\/stonehouse.se\/en\/wp-json\/wp\/v2\/media?parent=34611"}],"wp:term":[{"taxonomy":"product_brand","embeddable":true,"href":"https:\/\/stonehouse.se\/en\/wp-json\/wp\/v2\/product_brand?post=34611"},{"taxonomy":"product_cat","embeddable":true,"href":"https:\/\/stonehouse.se\/en\/wp-json\/wp\/v2\/product_cat?post=34611"},{"taxonomy":"product_tag","embeddable":true,"href":"https:\/\/stonehouse.se\/en\/wp-json\/wp\/v2\/product_tag?post=34611"}],"curies":[{"name":"wp","href":"https:\/\/api.w.org\/{rel}","templated":true}]}}