
{"id":34615,"date":"2022-03-10T15:40:00","date_gmt":"2022-03-10T14:40:00","guid":{"rendered":"https:\/\/stonehouse.se\/produkt\/abloy-karmoverforing-ea281-512-mm\/"},"modified":"2026-04-01T13:00:45","modified_gmt":"2026-04-01T11:00:45","slug":"abloy-karmoverforing-ea281-512-mm","status":"publish","type":"product","link":"https:\/\/stonehouse.se\/en\/product\/abloy-karmoverforing-ea281-512-mm\/","title":{"rendered":"Abloy Karm\u00f6verf\u00f6ring EA281 512 mm"},"content":{"rendered":"<p>Abloy EA281 \u00e4r en inf\u00e4lld\u00a0kabel\u00f6verf\u00f6ring\u00a0avsedd\u00a0f\u00f6r att skydda\u00a0\u00f6verf\u00f6ring av kablar mellan d\u00f6rr och karm.<\/p>\n<p>St\u00f6rsta kabeldiameter \u00e4r \u00d8 7,5 mm.<\/p>\n<p>F\u00f6r \u00f6kad funktionss\u00e4kerhet skall m\u00e5ngkardelig mjuk kabel anv\u00e4ndas.<\/p>\n<p>Runda h\u00f6rn f\u00f6r f\u00f6renklad maskinell urfr\u00e4sning.<\/p>\n<p>EA 281 &#8211; Standardvarianten, kan anv\u00e4ndas i alla d\u00f6rrar upp till 180\u00b0 \u00f6ppningsvinkel.<\/p>","protected":false},"excerpt":{"rendered":"<p>Abloy EA281 \u00e4r en inf\u00e4lld\u00a0kabel\u00f6verf\u00f6ring\u00a0avsedd\u00a0f\u00f6r att skydda\u00a0\u00f6verf\u00f6ring av kablar mellan d\u00f6rr och karm. St\u00f6rsta kabeldiameter \u00e4r \u00d8 7,5 mm. F\u00f6r<\/p>","protected":false},"featured_media":93091,"template":"","meta":{"_acf_changed":false},"product_brand":[],"product_cat":[2318,469,2618,338,352],"product_tag":[1632,1746,1750],"class_list":{"0":"post-34615","1":"product","2":"type-product","3":"status-publish","4":"has-post-thumbnail","6":"product_cat-ellas","7":"product_cat-kabeloverforing","8":"product_cat-kampanjer","9":"product_cat-las-tillbehor-assa-abloy","10":"product_cat-outlet","11":"product_tag-ellas-tillbehor-anslutningskabel","12":"product_tag-rel-abloy-ellas","13":"product_tag-rel-installationstillbehor","14":"pa_brands-abloy","15":"tm-no-options","17":"first","18":"instock","19":"sale","20":"featured","21":"taxable","22":"shipping-taxable","23":"product-type-simple"},"acf":[],"_links":{"self":[{"href":"https:\/\/stonehouse.se\/en\/wp-json\/wp\/v2\/product\/34615","targetHints":{"allow":["GET"]}}],"collection":[{"href":"https:\/\/stonehouse.se\/en\/wp-json\/wp\/v2\/product"}],"about":[{"href":"https:\/\/stonehouse.se\/en\/wp-json\/wp\/v2\/types\/product"}],"wp:featuredmedia":[{"embeddable":true,"href":"https:\/\/stonehouse.se\/en\/wp-json\/wp\/v2\/media\/93091"}],"wp:attachment":[{"href":"https:\/\/stonehouse.se\/en\/wp-json\/wp\/v2\/media?parent=34615"}],"wp:term":[{"taxonomy":"product_brand","embeddable":true,"href":"https:\/\/stonehouse.se\/en\/wp-json\/wp\/v2\/product_brand?post=34615"},{"taxonomy":"product_cat","embeddable":true,"href":"https:\/\/stonehouse.se\/en\/wp-json\/wp\/v2\/product_cat?post=34615"},{"taxonomy":"product_tag","embeddable":true,"href":"https:\/\/stonehouse.se\/en\/wp-json\/wp\/v2\/product_tag?post=34615"}],"curies":[{"name":"wp","href":"https:\/\/api.w.org\/{rel}","templated":true}]}}