
{"id":34626,"date":"2022-03-10T15:28:00","date_gmt":"2022-03-10T14:28:00","guid":{"rendered":"https:\/\/stonehouse.se\/produkt\/nyckelband-15-mm-student-sakerhetsspanne-j-klamma-i-plast-100-pack-farg-violett\/"},"modified":"2025-12-31T19:46:07","modified_gmt":"2025-12-31T18:46:07","slug":"nyckelband-15-mm-student-sakerhetsspanne-j-klamma-i-plast-100-pack-farg-violett","status":"publish","type":"product","link":"https:\/\/stonehouse.se\/en\/product\/nyckelband-15-mm-student-sakerhetsspanne-j-klamma-i-plast-100-pack-farg-violett\/","title":{"rendered":"Nyckelband 15 mm Student Lila S\u00e4kerhetssp\u00e4nne J-kl\u00e4mma 100-pack"},"content":{"rendered":"<p>Nyckelband 15mm &#8220;Student&#8221; S\u00e4kerhetsp\u00e4nnne och J kl\u00e4mma i plast (100-pack)<\/p>\n<p>15mm nyckelband med f\u00e4rdig vit\u00a0 text\u00a0 &#8216;Student&#8217;<\/p>","protected":false},"excerpt":{"rendered":"<p>Nyckelband 15mm &#8220;Student&#8221; S\u00e4kerhetsp\u00e4nnne och J kl\u00e4mma i plast (100-pack) 15mm nyckelband med f\u00e4rdig vit\u00a0 text\u00a0 &#8216;Student&#8217;<\/p>","protected":false},"featured_media":84666,"template":"","meta":{"_acf_changed":false},"product_brand":[],"product_cat":[599],"product_tag":[3530,3531,1745,2304],"class_list":{"0":"post-34626","1":"product","2":"type-product","3":"status-publish","4":"has-post-thumbnail","6":"product_cat-nyckelband","7":"product_tag-15mm","8":"product_tag-lila-nyckelband","9":"product_tag-rel-rfid-tillbehor","10":"product_tag-stonehouse-produkt","11":"product_shipping_class-tunga-paket","12":"pa_brands-stonehouse-security","13":"pa_farg-lila","14":"pa_farg-nyckelband-lila","15":"pa_rfid-tillbehor-nyckelband-halsband","16":"tm-no-options","18":"first","19":"instock","20":"sale","21":"featured","22":"taxable","23":"shipping-taxable","24":"product-type-simple"},"acf":[],"_links":{"self":[{"href":"https:\/\/stonehouse.se\/en\/wp-json\/wp\/v2\/product\/34626","targetHints":{"allow":["GET"]}}],"collection":[{"href":"https:\/\/stonehouse.se\/en\/wp-json\/wp\/v2\/product"}],"about":[{"href":"https:\/\/stonehouse.se\/en\/wp-json\/wp\/v2\/types\/product"}],"wp:featuredmedia":[{"embeddable":true,"href":"https:\/\/stonehouse.se\/en\/wp-json\/wp\/v2\/media\/84666"}],"wp:attachment":[{"href":"https:\/\/stonehouse.se\/en\/wp-json\/wp\/v2\/media?parent=34626"}],"wp:term":[{"taxonomy":"product_brand","embeddable":true,"href":"https:\/\/stonehouse.se\/en\/wp-json\/wp\/v2\/product_brand?post=34626"},{"taxonomy":"product_cat","embeddable":true,"href":"https:\/\/stonehouse.se\/en\/wp-json\/wp\/v2\/product_cat?post=34626"},{"taxonomy":"product_tag","embeddable":true,"href":"https:\/\/stonehouse.se\/en\/wp-json\/wp\/v2\/product_tag?post=34626"}],"curies":[{"name":"wp","href":"https:\/\/api.w.org\/{rel}","templated":true}]}}