
{"id":34637,"date":"2022-03-10T15:28:00","date_gmt":"2022-03-10T14:28:00","guid":{"rendered":"https:\/\/stonehouse.se\/produkt\/nyckelband-15-mm-visitor-sakerhetsspanne-j-klamma-i-plast-100-pack-farg-rod\/"},"modified":"2025-12-31T19:53:46","modified_gmt":"2025-12-31T18:53:46","slug":"nyckelband-15-mm-visitor-sakerhetsspanne-j-klamma-i-plast-100-pack-farg-rod","status":"publish","type":"product","link":"https:\/\/stonehouse.se\/en\/product\/nyckelband-15-mm-visitor-sakerhetsspanne-j-klamma-i-plast-100-pack-farg-rod\/","title":{"rendered":"Nyckelband 15 mm Visitor R\u00f6d S\u00e4kerhetssp\u00e4nne J-kl\u00e4mma i plast 100-pack"},"content":{"rendered":"<p>Nyckelband 15mm &#8220;Visitor&#8221; S\u00e4kerhetsp\u00e4nne och J-kl\u00e4mma i plast (100-pack)<\/p>\n<p>15mm nyckelband med f\u00e4rdig vit\u00a0 text\u00a0 &#8216;VISITOR&#8217;<\/p>","protected":false},"excerpt":{"rendered":"<p>Nyckelband 15mm &#8220;Visitor&#8221; S\u00e4kerhetsp\u00e4nne och J-kl\u00e4mma i plast (100-pack) 15mm nyckelband med f\u00e4rdig vit\u00a0 text\u00a0 &#8216;VISITOR&#8217;<\/p>","protected":false},"featured_media":84820,"template":"","meta":{"_acf_changed":false},"product_brand":[],"product_cat":[599],"product_tag":[3530,3441,2304],"class_list":{"0":"post-34637","1":"product","2":"type-product","3":"status-publish","4":"has-post-thumbnail","6":"product_cat-nyckelband","7":"product_tag-15mm","8":"product_tag-roda-nyckelband","9":"product_tag-stonehouse-produkt","10":"product_shipping_class-tunga-paket","11":"pa_brands-stonehouse-security","12":"pa_farg-rod","13":"pa_farg-nyckelband-rod","14":"pa_rfid-tillbehor-nyckelband-halsband","15":"tm-no-options","17":"first","18":"instock","19":"sale","20":"featured","21":"taxable","22":"shipping-taxable","23":"product-type-simple"},"acf":[],"_links":{"self":[{"href":"https:\/\/stonehouse.se\/en\/wp-json\/wp\/v2\/product\/34637","targetHints":{"allow":["GET"]}}],"collection":[{"href":"https:\/\/stonehouse.se\/en\/wp-json\/wp\/v2\/product"}],"about":[{"href":"https:\/\/stonehouse.se\/en\/wp-json\/wp\/v2\/types\/product"}],"wp:featuredmedia":[{"embeddable":true,"href":"https:\/\/stonehouse.se\/en\/wp-json\/wp\/v2\/media\/84820"}],"wp:attachment":[{"href":"https:\/\/stonehouse.se\/en\/wp-json\/wp\/v2\/media?parent=34637"}],"wp:term":[{"taxonomy":"product_brand","embeddable":true,"href":"https:\/\/stonehouse.se\/en\/wp-json\/wp\/v2\/product_brand?post=34637"},{"taxonomy":"product_cat","embeddable":true,"href":"https:\/\/stonehouse.se\/en\/wp-json\/wp\/v2\/product_cat?post=34637"},{"taxonomy":"product_tag","embeddable":true,"href":"https:\/\/stonehouse.se\/en\/wp-json\/wp\/v2\/product_tag?post=34637"}],"curies":[{"name":"wp","href":"https:\/\/api.w.org\/{rel}","templated":true}]}}