
{"id":34640,"date":"2022-03-10T15:28:00","date_gmt":"2022-03-10T14:28:00","guid":{"rendered":"https:\/\/stonehouse.se\/produkt\/nyckelband-15mm-visitor-sakerhetspannne-hummerklamma-i-metall-100-pack-farg-bla\/"},"modified":"2026-01-02T12:13:40","modified_gmt":"2026-01-02T11:13:40","slug":"nyckelband-15mm-visitor-sakerhetspannne-hummerklamma-i-metall-100-pack-farg-bla","status":"publish","type":"product","link":"https:\/\/stonehouse.se\/en\/product\/nyckelband-15mm-visitor-sakerhetspannne-hummerklamma-i-metall-100-pack-farg-bla\/","title":{"rendered":"Nyckelband 15mm Bl\u00e5 Visitor S\u00e4kerhetsp\u00e4nnne hummerkl\u00e4mma 100-pack"},"content":{"rendered":"<div>\n<div id=\"Product-Description\">\n<p>Nyckelband 15mm &#8220;Visitor&#8221; S\u00e4kerhetsp\u00e4nnne &#8220;hummerkl\u00e4mma&#8221; i metall (100-pack)<\/p>\n<p>15mm nyckelband med f\u00e4rdig vit\u00a0 text\u00a0 &#8216;VISITOR&#8217;<\/p>\n<p>&nbsp;<\/p>\n<p>&nbsp;<\/p>\n<\/div>\n<\/div>","protected":false},"excerpt":{"rendered":"<p>Nyckelband 15mm &#8220;Visitor&#8221; S\u00e4kerhetsp\u00e4nnne &#8220;hummerkl\u00e4mma&#8221; i metall (100-pack) 15mm nyckelband med f\u00e4rdig vit\u00a0 text\u00a0 &#8216;VISITOR&#8217; &nbsp; &nbsp;<\/p>","protected":false},"featured_media":84742,"template":"","meta":{"_acf_changed":false},"product_brand":[],"product_cat":[599],"product_tag":[3530,3442,2304],"class_list":{"0":"post-34640","1":"product","2":"type-product","3":"status-publish","4":"has-post-thumbnail","6":"product_cat-nyckelband","7":"product_tag-15mm","8":"product_tag-blaa-nyckelband","9":"product_tag-stonehouse-produkt","10":"product_shipping_class-tunga-paket","11":"pa_brands-stonehouse-security","12":"pa_farg-bla","13":"pa_farg-nyckelband-bla","14":"tm-no-options","16":"first","17":"instock","18":"sale","19":"featured","20":"taxable","21":"shipping-taxable","22":"product-type-simple"},"acf":[],"_links":{"self":[{"href":"https:\/\/stonehouse.se\/en\/wp-json\/wp\/v2\/product\/34640","targetHints":{"allow":["GET"]}}],"collection":[{"href":"https:\/\/stonehouse.se\/en\/wp-json\/wp\/v2\/product"}],"about":[{"href":"https:\/\/stonehouse.se\/en\/wp-json\/wp\/v2\/types\/product"}],"wp:featuredmedia":[{"embeddable":true,"href":"https:\/\/stonehouse.se\/en\/wp-json\/wp\/v2\/media\/84742"}],"wp:attachment":[{"href":"https:\/\/stonehouse.se\/en\/wp-json\/wp\/v2\/media?parent=34640"}],"wp:term":[{"taxonomy":"product_brand","embeddable":true,"href":"https:\/\/stonehouse.se\/en\/wp-json\/wp\/v2\/product_brand?post=34640"},{"taxonomy":"product_cat","embeddable":true,"href":"https:\/\/stonehouse.se\/en\/wp-json\/wp\/v2\/product_cat?post=34640"},{"taxonomy":"product_tag","embeddable":true,"href":"https:\/\/stonehouse.se\/en\/wp-json\/wp\/v2\/product_tag?post=34640"}],"curies":[{"name":"wp","href":"https:\/\/api.w.org\/{rel}","templated":true}]}}