
{"id":34652,"date":"2022-03-10T15:28:00","date_gmt":"2022-03-10T14:28:00","guid":{"rendered":"https:\/\/stonehouse.se\/produkt\/nyckelband-staff-hummerklamma-sakerhetspanne-i-metall-100-pack-farg-ljusgra-ton\/"},"modified":"2025-12-31T19:45:36","modified_gmt":"2025-12-31T18:45:36","slug":"nyckelband-staff-hummerklamma-sakerhetspanne-i-metall-100-pack-farg-ljusgra-ton","status":"publish","type":"product","link":"https:\/\/stonehouse.se\/en\/product\/nyckelband-staff-hummerklamma-sakerhetspanne-i-metall-100-pack-farg-ljusgra-ton\/","title":{"rendered":"Nyckelband Staff Gr\u00e5 hummerkl\u00f6mma S\u00e4kerhetsp\u00e4nne 100-pack"},"content":{"rendered":"<p>Deluxe Royal Blue 15mm polyesterband med &#8220;STAFF&#8221; skriven i vit text.<\/p>\n<p>Inkluderar s\u00e4kerhetssp\u00e4nne och f\u00e4ste av metallhummerkl\u00e4mma.<\/p>\n<p>Nyckelbandet kan l\u00e4tt \u00e5teranslutas efter att ha lossnat.<\/p>\n<p>Perfekt f\u00f6r att visa ID-kort, bes\u00f6kskort eller f\u00e4sta andra f\u00f6rem\u00e5l som mobiltelefoner, visselpipor, USB-minnen etc.<\/p>\n<p>&nbsp;<\/p>","protected":false},"excerpt":{"rendered":"<p>Deluxe Royal Blue 15mm polyesterband med &#8220;STAFF&#8221; skriven i vit text. Inkluderar s\u00e4kerhetssp\u00e4nne och f\u00e4ste av metallhummerkl\u00e4mma. Nyckelbandet kan l\u00e4tt<\/p>","protected":false},"featured_media":84811,"template":"","meta":{"_acf_changed":false},"product_brand":[],"product_cat":[599],"product_tag":[3530,3532,2304],"class_list":{"0":"post-34652","1":"product","2":"type-product","3":"status-publish","4":"has-post-thumbnail","6":"product_cat-nyckelband","7":"product_tag-15mm","8":"product_tag-gra-nyckelband","9":"product_tag-stonehouse-produkt","10":"product_shipping_class-tunga-paket","11":"pa_farg-gra","12":"pa_farg-nyckelband-gra","13":"pa_rfid-tillbehor-nyckelband-halsband","14":"tm-no-options","16":"first","17":"instock","18":"sale","19":"featured","20":"taxable","21":"shipping-taxable","22":"product-type-simple"},"acf":[],"_links":{"self":[{"href":"https:\/\/stonehouse.se\/en\/wp-json\/wp\/v2\/product\/34652","targetHints":{"allow":["GET"]}}],"collection":[{"href":"https:\/\/stonehouse.se\/en\/wp-json\/wp\/v2\/product"}],"about":[{"href":"https:\/\/stonehouse.se\/en\/wp-json\/wp\/v2\/types\/product"}],"wp:featuredmedia":[{"embeddable":true,"href":"https:\/\/stonehouse.se\/en\/wp-json\/wp\/v2\/media\/84811"}],"wp:attachment":[{"href":"https:\/\/stonehouse.se\/en\/wp-json\/wp\/v2\/media?parent=34652"}],"wp:term":[{"taxonomy":"product_brand","embeddable":true,"href":"https:\/\/stonehouse.se\/en\/wp-json\/wp\/v2\/product_brand?post=34652"},{"taxonomy":"product_cat","embeddable":true,"href":"https:\/\/stonehouse.se\/en\/wp-json\/wp\/v2\/product_cat?post=34652"},{"taxonomy":"product_tag","embeddable":true,"href":"https:\/\/stonehouse.se\/en\/wp-json\/wp\/v2\/product_tag?post=34652"}],"curies":[{"name":"wp","href":"https:\/\/api.w.org\/{rel}","templated":true}]}}