
{"id":34655,"date":"2022-03-10T15:27:00","date_gmt":"2022-03-10T14:27:00","guid":{"rendered":"https:\/\/stonehouse.se\/produkt\/ensidig-eko-serie-id-korthallare-staende-for-cr80-kort-100-pack-farg-mork-bla\/"},"modified":"2025-12-31T19:49:36","modified_gmt":"2025-12-31T18:49:36","slug":"ensidig-eko-serie-id-korthallare-staende-for-cr80-kort-100-pack-farg-mork-bla","status":"publish","type":"product","link":"https:\/\/stonehouse.se\/en\/product\/ensidig-eko-serie-id-korthallare-staende-for-cr80-kort-100-pack-farg-mork-bla\/","title":{"rendered":"Ensidig Eko serie ID-korth\u00e5llare st\u00e5ende f\u00f6r CR80 (100 pack)"},"content":{"rendered":"<p>V&aring;rt nya sortiment av ekologiskt nedbrytbara enkelsidiga ID-korth&aring;llare, dessa tillverkas med biologiskt nedbrytbar plast.<\/p>\n<p>Dessa korth&aring;llare spelar en stor roll f&ouml;r att hj&auml;lpa oss alla att minska v&aring;rt koldioxidavtryck.<\/p>\n<p>Den gjutna kantdesignen minskar p&aring;frestning p&aring; kort och sprickbildning vilket resulterar i f&auml;rre kortutgivningar, pch d&auml;rmet sparar dina kunder b&aring;de tid och pengar.<\/p>\n<p>86mm x 54mm<\/p>\n<p>Passar standard CR80 kreditstorlek<\/p>\n<p>S&auml;ljs i f&ouml;rpackningar om 100<\/p>","protected":false},"excerpt":{"rendered":"<p>V&aring;rt nya sortiment av ekologiskt nedbrytbara enkelsidiga ID-korth&aring;llare, dessa tillverkas med biologiskt nedbrytbar plast. Dessa korth&aring;llare spelar en stor roll<\/p>","protected":false},"featured_media":84844,"template":"","meta":{"_acf_changed":false},"product_brand":[],"product_cat":[562,557],"product_tag":[2204],"class_list":{"0":"post-34655","1":"product","2":"type-product","3":"status-publish","4":"has-post-thumbnail","6":"product_cat-korthallare-staende-eko","7":"product_cat-passerkortshallare","8":"product_tag-korthallare-staende-eko","9":"product_shipping_class-tunga-paket","10":"pa_farg-bla","11":"pa_rfid-tillbehor-korthallare","12":"tm-no-options","14":"first","15":"instock","16":"sale","17":"taxable","18":"shipping-taxable","19":"product-type-simple"},"acf":[],"_links":{"self":[{"href":"https:\/\/stonehouse.se\/en\/wp-json\/wp\/v2\/product\/34655","targetHints":{"allow":["GET"]}}],"collection":[{"href":"https:\/\/stonehouse.se\/en\/wp-json\/wp\/v2\/product"}],"about":[{"href":"https:\/\/stonehouse.se\/en\/wp-json\/wp\/v2\/types\/product"}],"wp:featuredmedia":[{"embeddable":true,"href":"https:\/\/stonehouse.se\/en\/wp-json\/wp\/v2\/media\/84844"}],"wp:attachment":[{"href":"https:\/\/stonehouse.se\/en\/wp-json\/wp\/v2\/media?parent=34655"}],"wp:term":[{"taxonomy":"product_brand","embeddable":true,"href":"https:\/\/stonehouse.se\/en\/wp-json\/wp\/v2\/product_brand?post=34655"},{"taxonomy":"product_cat","embeddable":true,"href":"https:\/\/stonehouse.se\/en\/wp-json\/wp\/v2\/product_cat?post=34655"},{"taxonomy":"product_tag","embeddable":true,"href":"https:\/\/stonehouse.se\/en\/wp-json\/wp\/v2\/product_tag?post=34655"}],"curies":[{"name":"wp","href":"https:\/\/api.w.org\/{rel}","templated":true}]}}