
{"id":34711,"date":"2022-03-10T15:27:00","date_gmt":"2022-03-10T14:27:00","guid":{"rendered":"https:\/\/stonehouse.se\/produkt\/nyckelband-20-mm-sakerhetsspanne-och-spanne-av-metall-100-pack-farg-svart\/"},"modified":"2026-01-02T12:13:12","modified_gmt":"2026-01-02T11:13:12","slug":"nyckelband-20-mm-sakerhetsspanne-och-spanne-av-metall-100-pack-farg-svart","status":"publish","type":"product","link":"https:\/\/stonehouse.se\/en\/product\/nyckelband-20-mm-sakerhetsspanne-och-spanne-av-metall-100-pack-farg-svart\/","title":{"rendered":"Nyckelband 20 mm Svart S\u00e4kerhetssp\u00e4nne och sp\u00e4nne av metall 100-pack"},"content":{"rendered":"<div>\n<div id=\"Product-Description\">\n<p>20mm Flat Polyester Lanyards with Flat Breakaway and Metal Trigger Clip &#8211; Pack of 100<\/p>\n<p>Product weight: 1.20 kg<\/p>\n<\/div>\n<\/div>","protected":false},"excerpt":{"rendered":"<p>20mm Flat Polyester Lanyards with Flat Breakaway and Metal Trigger Clip &#8211; Pack of 100 Product weight: 1.20 kg<\/p>","protected":false},"featured_media":84754,"template":"","meta":{"_acf_changed":false},"product_brand":[],"product_cat":[599],"product_tag":[3448,2304,3447],"class_list":{"0":"post-34711","1":"product","2":"type-product","3":"status-publish","4":"has-post-thumbnail","6":"product_cat-nyckelband","7":"product_tag-20mm","8":"product_tag-stonehouse-produkt","9":"product_tag-svart-nyckelband","10":"product_shipping_class-tunga-paket","11":"pa_farg-svart","12":"pa_farg-nyckelband-svart","13":"pa_rfid-tillbehor-nyckelband-halsband","14":"tm-no-options","16":"first","17":"instock","18":"sale","19":"featured","20":"taxable","21":"shipping-taxable","22":"product-type-simple"},"acf":[],"_links":{"self":[{"href":"https:\/\/stonehouse.se\/en\/wp-json\/wp\/v2\/product\/34711","targetHints":{"allow":["GET"]}}],"collection":[{"href":"https:\/\/stonehouse.se\/en\/wp-json\/wp\/v2\/product"}],"about":[{"href":"https:\/\/stonehouse.se\/en\/wp-json\/wp\/v2\/types\/product"}],"wp:featuredmedia":[{"embeddable":true,"href":"https:\/\/stonehouse.se\/en\/wp-json\/wp\/v2\/media\/84754"}],"wp:attachment":[{"href":"https:\/\/stonehouse.se\/en\/wp-json\/wp\/v2\/media?parent=34711"}],"wp:term":[{"taxonomy":"product_brand","embeddable":true,"href":"https:\/\/stonehouse.se\/en\/wp-json\/wp\/v2\/product_brand?post=34711"},{"taxonomy":"product_cat","embeddable":true,"href":"https:\/\/stonehouse.se\/en\/wp-json\/wp\/v2\/product_cat?post=34711"},{"taxonomy":"product_tag","embeddable":true,"href":"https:\/\/stonehouse.se\/en\/wp-json\/wp\/v2\/product_tag?post=34711"}],"curies":[{"name":"wp","href":"https:\/\/api.w.org\/{rel}","templated":true}]}}