
{"id":34725,"date":"2022-03-10T15:26:00","date_gmt":"2022-03-10T14:26:00","guid":{"rendered":"https:\/\/stonehouse.se\/produkt\/nyckelband-standard-med-j-klamma-i-plast-100-pack-farg-navy-bla\/"},"modified":"2025-12-31T19:38:26","modified_gmt":"2025-12-31T18:38:26","slug":"nyckelband-standard-med-j-klamma-i-plast-100-pack-farg-navy-bla","status":"publish","type":"product","link":"https:\/\/stonehouse.se\/en\/product\/nyckelband-standard-med-j-klamma-i-plast-100-pack-farg-navy-bla\/","title":{"rendered":"Nyckelband Bl\u00e5 standard med J-kl\u00e4mma i plast 100-pack"},"content":{"rendered":"<p>F\u00f6rpackning med 100 stycken i varje , 10 mm breda nyckelband med J-kl\u00e4mma av plast.<\/p>\n<p>&nbsp;<\/p>","protected":false},"excerpt":{"rendered":"<p>F\u00f6rpackning med 100 stycken i varje , 10 mm breda nyckelband med J-kl\u00e4mma av plast. &nbsp;<\/p>","protected":false},"featured_media":84854,"template":"","meta":{"_acf_changed":false},"product_brand":[],"product_cat":[599,556],"product_tag":[3440,3442],"class_list":{"0":"post-34725","1":"product","2":"type-product","3":"status-publish","4":"has-post-thumbnail","6":"product_cat-nyckelband","7":"product_cat-tillbehor-rfid","8":"product_tag-10mm","9":"product_tag-blaa-nyckelband","10":"product_shipping_class-tunga-paket","11":"pa_brands-stonehouse-security","12":"pa_farg-bla-navy","13":"pa_farg-nyckelband-navybla","14":"pa_rfid-tillbehor-nyckelband-halsband","15":"tm-no-options","17":"first","18":"instock","19":"sale","20":"featured","21":"taxable","22":"shipping-taxable","23":"product-type-simple"},"acf":[],"_links":{"self":[{"href":"https:\/\/stonehouse.se\/en\/wp-json\/wp\/v2\/product\/34725","targetHints":{"allow":["GET"]}}],"collection":[{"href":"https:\/\/stonehouse.se\/en\/wp-json\/wp\/v2\/product"}],"about":[{"href":"https:\/\/stonehouse.se\/en\/wp-json\/wp\/v2\/types\/product"}],"wp:featuredmedia":[{"embeddable":true,"href":"https:\/\/stonehouse.se\/en\/wp-json\/wp\/v2\/media\/84854"}],"wp:attachment":[{"href":"https:\/\/stonehouse.se\/en\/wp-json\/wp\/v2\/media?parent=34725"}],"wp:term":[{"taxonomy":"product_brand","embeddable":true,"href":"https:\/\/stonehouse.se\/en\/wp-json\/wp\/v2\/product_brand?post=34725"},{"taxonomy":"product_cat","embeddable":true,"href":"https:\/\/stonehouse.se\/en\/wp-json\/wp\/v2\/product_cat?post=34725"},{"taxonomy":"product_tag","embeddable":true,"href":"https:\/\/stonehouse.se\/en\/wp-json\/wp\/v2\/product_tag?post=34725"}],"curies":[{"name":"wp","href":"https:\/\/api.w.org\/{rel}","templated":true}]}}