
{"id":34728,"date":"2022-03-10T15:26:00","date_gmt":"2022-03-10T14:26:00","guid":{"rendered":"https:\/\/stonehouse.se\/produkt\/nyckelband-eko-10-mm-sakerhetsspanne-hummerklamma-i-metall-100-pack-farg-vit\/"},"modified":"2025-12-31T19:47:11","modified_gmt":"2025-12-31T18:47:11","slug":"nyckelband-eko-10-mm-sakerhetsspanne-hummerklamma-i-metall-100-pack-farg-vit","status":"publish","type":"product","link":"https:\/\/stonehouse.se\/en\/product\/nyckelband-eko-10-mm-sakerhetsspanne-hummerklamma-i-metall-100-pack-farg-vit\/","title":{"rendered":"Nyckelband Eko Vit 10 mm S\u00e4kerhetssp\u00e4nne hummerkl\u00f6mma 100pack"},"content":{"rendered":"<p>Deluxe r\u00f6d 10mm polyesterband med s\u00e4kerhetsp\u00e4nne f\u00e4ste &#8220;hummerkl\u00e4mma&#8221; i metall.<\/p>\n<p>Levereras i f\u00f6rpackningar om 100 nyckelbS\u00e4<\/p>\n<p>S\u00e4kerhetssp\u00e4nnet ger \u00f6kad s\u00e4kerhet genom att det lossnar n\u00e4r den dras eller fastnar i ex. maskiner.<\/p>\n<p>Nyckelbandet kan l\u00e4tt \u00e5teranslutas efter att ha lossnat.<\/p>\n<p>Perfekt f\u00f6r att visa ID-kort, bes\u00f6karkort eller f\u00e4sta andra f\u00f6rem\u00e5l som mobiltelefoner, visselpipor, USB-minnen etc.<\/p>","protected":false},"excerpt":{"rendered":"<p>Deluxe r\u00f6d 10mm polyesterband med s\u00e4kerhetsp\u00e4nne f\u00e4ste &#8220;hummerkl\u00e4mma&#8221; i metall. Levereras i f\u00f6rpackningar om 100 nyckelbS\u00e4 S\u00e4kerhetssp\u00e4nnet ger \u00f6kad s\u00e4kerhet<\/p>","protected":false},"featured_media":85032,"template":"","meta":{"_acf_changed":false},"product_brand":[],"product_cat":[599],"product_tag":[3440,3446],"class_list":{"0":"post-34728","1":"product","2":"type-product","3":"status-publish","4":"has-post-thumbnail","6":"product_cat-nyckelband","7":"product_tag-10mm","8":"product_tag-vita-nyckelband","9":"product_shipping_class-tunga-paket","10":"pa_brands-stonehouse-security","11":"pa_farg-vit","12":"pa_farg-nyckelband-vit","13":"pa_rfid-tillbehor-nyckelband-halsband","14":"tm-no-options","16":"first","17":"instock","18":"sale","19":"featured","20":"taxable","21":"shipping-taxable","22":"product-type-simple"},"acf":[],"_links":{"self":[{"href":"https:\/\/stonehouse.se\/en\/wp-json\/wp\/v2\/product\/34728","targetHints":{"allow":["GET"]}}],"collection":[{"href":"https:\/\/stonehouse.se\/en\/wp-json\/wp\/v2\/product"}],"about":[{"href":"https:\/\/stonehouse.se\/en\/wp-json\/wp\/v2\/types\/product"}],"wp:featuredmedia":[{"embeddable":true,"href":"https:\/\/stonehouse.se\/en\/wp-json\/wp\/v2\/media\/85032"}],"wp:attachment":[{"href":"https:\/\/stonehouse.se\/en\/wp-json\/wp\/v2\/media?parent=34728"}],"wp:term":[{"taxonomy":"product_brand","embeddable":true,"href":"https:\/\/stonehouse.se\/en\/wp-json\/wp\/v2\/product_brand?post=34728"},{"taxonomy":"product_cat","embeddable":true,"href":"https:\/\/stonehouse.se\/en\/wp-json\/wp\/v2\/product_cat?post=34728"},{"taxonomy":"product_tag","embeddable":true,"href":"https:\/\/stonehouse.se\/en\/wp-json\/wp\/v2\/product_tag?post=34728"}],"curies":[{"name":"wp","href":"https:\/\/api.w.org\/{rel}","templated":true}]}}