
{"id":34733,"date":"2022-03-10T15:26:00","date_gmt":"2022-03-10T14:26:00","guid":{"rendered":"https:\/\/stonehouse.se\/produkt\/nyckelband-eko-15-mm-med-jojo-50-pack-farg-svart\/"},"modified":"2026-02-23T09:45:21","modified_gmt":"2026-02-23T08:45:21","slug":"nyckelband-eko-15-mm-med-jojo-50-pack-farg-svart","status":"publish","type":"product","link":"https:\/\/stonehouse.se\/en\/product\/nyckelband-eko-15-mm-med-jojo-50-pack-farg-svart\/","title":{"rendered":"Nyckelband eko 15 mm med jojo 50-pack F\u00e4rg: Svart"},"content":{"rendered":"<p>Nyckelband 15 mm PET med jojo som\u00a0 \u00e4r ett val f\u00f6r dig som vill minska v\u00e5rt koldioxidavtryck i milj\u00f6n.<\/p>\n<p>Nyckelbanden \u00e4r gjorda av \u00e5tervunna plastflaskor, vilket g\u00f6r dem till ett milj\u00f6v\u00e4nligare alternativ till polyester.<\/p>\n<p>L\u00e4mplig f\u00f6r \u00e5tkomstkontroll<\/p>\n<p>F\u00f6rpackad i icke-PVC majsst\u00e4rkelsep\u00e5sar<\/p>\n<p>&nbsp;<\/p>","protected":false},"excerpt":{"rendered":"<p>Nyckelband 15 mm PET med jojo som\u00a0 \u00e4r ett val f\u00f6r dig som vill minska v\u00e5rt koldioxidavtryck i milj\u00f6n. Nyckelbanden<\/p>","protected":false},"featured_media":85074,"template":"","meta":{"_acf_changed":false},"product_brand":[],"product_cat":[567],"product_tag":[],"class_list":{"0":"post-34733","1":"product","2":"type-product","3":"status-publish","4":"has-post-thumbnail","6":"product_cat-jojo-yoyo-med-nyckelband","7":"product_shipping_class-tunga-paket","8":"pa_brands-stonehouse-security","9":"pa_farg-svart","10":"pa_farg-nyckelband-svart","11":"pa_rfid-tillbehor-nyckelband-halsband","12":"tm-no-options","14":"first","15":"instock","16":"sale","17":"featured","18":"taxable","19":"shipping-taxable","20":"product-type-simple"},"acf":[],"_links":{"self":[{"href":"https:\/\/stonehouse.se\/en\/wp-json\/wp\/v2\/product\/34733","targetHints":{"allow":["GET"]}}],"collection":[{"href":"https:\/\/stonehouse.se\/en\/wp-json\/wp\/v2\/product"}],"about":[{"href":"https:\/\/stonehouse.se\/en\/wp-json\/wp\/v2\/types\/product"}],"wp:featuredmedia":[{"embeddable":true,"href":"https:\/\/stonehouse.se\/en\/wp-json\/wp\/v2\/media\/85074"}],"wp:attachment":[{"href":"https:\/\/stonehouse.se\/en\/wp-json\/wp\/v2\/media?parent=34733"}],"wp:term":[{"taxonomy":"product_brand","embeddable":true,"href":"https:\/\/stonehouse.se\/en\/wp-json\/wp\/v2\/product_brand?post=34733"},{"taxonomy":"product_cat","embeddable":true,"href":"https:\/\/stonehouse.se\/en\/wp-json\/wp\/v2\/product_cat?post=34733"},{"taxonomy":"product_tag","embeddable":true,"href":"https:\/\/stonehouse.se\/en\/wp-json\/wp\/v2\/product_tag?post=34733"}],"curies":[{"name":"wp","href":"https:\/\/api.w.org\/{rel}","templated":true}]}}