
{"id":34738,"date":"2022-03-10T15:26:00","date_gmt":"2022-03-10T14:26:00","guid":{"rendered":"https:\/\/stonehouse.se\/produkt\/jojo-mini-svart\/"},"modified":"2026-04-02T17:26:25","modified_gmt":"2026-04-02T15:26:25","slug":"jojo-mini-svart","status":"publish","type":"product","link":"https:\/\/stonehouse.se\/en\/product\/jojo-mini-svart\/","title":{"rendered":"Jojo Mini Svart"},"content":{"rendered":"<div>\n<p>Denna popul\u00e4ra smidiga jojo \u00e4r utf\u00f6rd i ABS plast och levereras med nyckelring i metall.<\/p>\n<p>Materiel: ABS plast<\/p>\n<p>Storlek: 30mm i diameter samt 10 mm i tjocklek.<\/p>\n<p>Finns i Svart, Gul, Vit, Bl\u00e5 samt Gr\u00f6n.<\/p>\n<p>Sn\u00f6re: 60 cm<\/p>\n<\/div>","protected":false},"excerpt":{"rendered":"<p>Denna smidiga utdragbara nyckelring med jojo i ABS-plast \u00e4r perfekt f\u00f6r enkel och s\u00e4ker \u00e5tkomst till dina nycklar eller ID-kort. Den levereras med en metallnyckelring och ett kraftigt clips f\u00f6r s\u00e4ker fasts\u00e4ttning.<\/p>","protected":false},"featured_media":88771,"template":"","meta":{"_acf_changed":false},"product_brand":[],"product_cat":[566],"product_tag":[1745,2304],"class_list":{"0":"post-34738","1":"product","2":"type-product","3":"status-publish","4":"has-post-thumbnail","6":"product_cat-jojo-yoyo","7":"product_tag-rel-rfid-tillbehor","8":"product_tag-stonehouse-produkt","9":"product_shipping_class-postnord-varubrev","10":"pa_brands-stonehouse-security","11":"pa_farg-svart","12":"pa_rfid-tillbehor-jojo","13":"tm-no-options","15":"first","16":"instock","17":"sale","18":"featured","19":"taxable","20":"shipping-taxable","21":"product-type-simple"},"acf":[],"_links":{"self":[{"href":"https:\/\/stonehouse.se\/en\/wp-json\/wp\/v2\/product\/34738","targetHints":{"allow":["GET"]}}],"collection":[{"href":"https:\/\/stonehouse.se\/en\/wp-json\/wp\/v2\/product"}],"about":[{"href":"https:\/\/stonehouse.se\/en\/wp-json\/wp\/v2\/types\/product"}],"wp:featuredmedia":[{"embeddable":true,"href":"https:\/\/stonehouse.se\/en\/wp-json\/wp\/v2\/media\/88771"}],"wp:attachment":[{"href":"https:\/\/stonehouse.se\/en\/wp-json\/wp\/v2\/media?parent=34738"}],"wp:term":[{"taxonomy":"product_brand","embeddable":true,"href":"https:\/\/stonehouse.se\/en\/wp-json\/wp\/v2\/product_brand?post=34738"},{"taxonomy":"product_cat","embeddable":true,"href":"https:\/\/stonehouse.se\/en\/wp-json\/wp\/v2\/product_cat?post=34738"},{"taxonomy":"product_tag","embeddable":true,"href":"https:\/\/stonehouse.se\/en\/wp-json\/wp\/v2\/product_tag?post=34738"}],"curies":[{"name":"wp","href":"https:\/\/api.w.org\/{rel}","templated":true}]}}