
{"id":34744,"date":"2022-03-10T15:26:00","date_gmt":"2022-03-10T14:26:00","guid":{"rendered":"https:\/\/stonehouse.se\/produkt\/nyckelband-standard-med-j-klamma-i-plast-100-pack-farg-svart\/"},"modified":"2026-01-02T12:12:17","modified_gmt":"2026-01-02T11:12:17","slug":"nyckelband-standard-med-j-klamma-i-plast-100-pack-farg-svart","status":"publish","type":"product","link":"https:\/\/stonehouse.se\/en\/product\/nyckelband-standard-med-j-klamma-i-plast-100-pack-farg-svart\/","title":{"rendered":"Nyckelband Svart standard med J-kl\u00e4mma i plast 100-pack"},"content":{"rendered":"<p>F\u00f6rpackning med 100 stycken i varje , 10 mm breda nyckelband med J-kl\u00e4mma av plast.<\/p>\n<p>&nbsp;<\/p>","protected":false},"excerpt":{"rendered":"<p>F\u00f6rpackning med 100 stycken i varje , 10 mm breda nyckelband med J-kl\u00e4mma av plast. &nbsp;<\/p>","protected":false},"featured_media":84925,"template":"","meta":{"_acf_changed":false},"product_brand":[],"product_cat":[599],"product_tag":[3440,3447],"class_list":{"0":"post-34744","1":"product","2":"type-product","3":"status-publish","4":"has-post-thumbnail","6":"product_cat-nyckelband","7":"product_tag-10mm","8":"product_tag-svart-nyckelband","9":"product_shipping_class-tunga-paket","10":"pa_brands-stonehouse-security","11":"pa_farg-svart","12":"pa_farg-nyckelband-svart","13":"pa_rfid-tillbehor-nyckelband-halsband","14":"tm-no-options","16":"first","17":"instock","18":"sale","19":"featured","20":"taxable","21":"shipping-taxable","22":"product-type-simple"},"acf":[],"_links":{"self":[{"href":"https:\/\/stonehouse.se\/en\/wp-json\/wp\/v2\/product\/34744","targetHints":{"allow":["GET"]}}],"collection":[{"href":"https:\/\/stonehouse.se\/en\/wp-json\/wp\/v2\/product"}],"about":[{"href":"https:\/\/stonehouse.se\/en\/wp-json\/wp\/v2\/types\/product"}],"wp:featuredmedia":[{"embeddable":true,"href":"https:\/\/stonehouse.se\/en\/wp-json\/wp\/v2\/media\/84925"}],"wp:attachment":[{"href":"https:\/\/stonehouse.se\/en\/wp-json\/wp\/v2\/media?parent=34744"}],"wp:term":[{"taxonomy":"product_brand","embeddable":true,"href":"https:\/\/stonehouse.se\/en\/wp-json\/wp\/v2\/product_brand?post=34744"},{"taxonomy":"product_cat","embeddable":true,"href":"https:\/\/stonehouse.se\/en\/wp-json\/wp\/v2\/product_cat?post=34744"},{"taxonomy":"product_tag","embeddable":true,"href":"https:\/\/stonehouse.se\/en\/wp-json\/wp\/v2\/product_tag?post=34744"}],"curies":[{"name":"wp","href":"https:\/\/api.w.org\/{rel}","templated":true}]}}