
{"id":34746,"date":"2022-03-10T15:26:00","date_gmt":"2022-03-10T14:26:00","guid":{"rendered":"https:\/\/stonehouse.se\/produkt\/korthallare-standard-for-1-kort\/"},"modified":"2025-12-31T19:35:31","modified_gmt":"2025-12-31T18:35:31","slug":"korthallare-standard-for-1-kort","status":"publish","type":"product","link":"https:\/\/stonehouse.se\/en\/product\/korthallare-standard-for-1-kort\/","title":{"rendered":"Korth\u00e5llare Standard f\u00f6r 1 kort"},"content":{"rendered":"<div>\n<p>Korth\u00e5llaren \u00e4r det perfekta verktyget f\u00f6r att alltid ha ID-kort, passerkort &amp; bes\u00f6ksbrickan synlig och l\u00e4tt tillg\u00e4nglig (levereras utan Clips)<\/p>\n<p>Du kan ha 1 kort i denna h\u00e5llare.<\/p>\n<p>Storlek 91x 64 mm<\/p>\n<\/div>","protected":false},"excerpt":{"rendered":"<p>Korth\u00e5llaren \u00e4r det perfekta verktyget f\u00f6r att alltid ha ID-kort, passerkort &amp; bes\u00f6ksbrickan synlig och l\u00e4tt tillg\u00e4nglig (levereras utan Clips)<\/p>","protected":false},"featured_media":84806,"template":"","meta":{"_acf_changed":false},"product_brand":[],"product_cat":[600,557],"product_tag":[2222],"class_list":{"0":"post-34746","1":"product","2":"type-product","3":"status-publish","4":"has-post-thumbnail","6":"product_cat-korthallare-lagt-pris","7":"product_cat-passerkortshallare","8":"product_tag-korthallare-staende","9":"product_shipping_class-postnord-varubrev","10":"pa_brands-stonehouse-security","11":"pa_farg-bla","12":"pa_rfid-tillbehor-nyckelringar","13":"tm-no-options","15":"first","16":"instock","17":"sale","18":"featured","19":"taxable","20":"shipping-taxable","21":"product-type-simple"},"acf":[],"_links":{"self":[{"href":"https:\/\/stonehouse.se\/en\/wp-json\/wp\/v2\/product\/34746","targetHints":{"allow":["GET"]}}],"collection":[{"href":"https:\/\/stonehouse.se\/en\/wp-json\/wp\/v2\/product"}],"about":[{"href":"https:\/\/stonehouse.se\/en\/wp-json\/wp\/v2\/types\/product"}],"wp:featuredmedia":[{"embeddable":true,"href":"https:\/\/stonehouse.se\/en\/wp-json\/wp\/v2\/media\/84806"}],"wp:attachment":[{"href":"https:\/\/stonehouse.se\/en\/wp-json\/wp\/v2\/media?parent=34746"}],"wp:term":[{"taxonomy":"product_brand","embeddable":true,"href":"https:\/\/stonehouse.se\/en\/wp-json\/wp\/v2\/product_brand?post=34746"},{"taxonomy":"product_cat","embeddable":true,"href":"https:\/\/stonehouse.se\/en\/wp-json\/wp\/v2\/product_cat?post=34746"},{"taxonomy":"product_tag","embeddable":true,"href":"https:\/\/stonehouse.se\/en\/wp-json\/wp\/v2\/product_tag?post=34746"}],"curies":[{"name":"wp","href":"https:\/\/api.w.org\/{rel}","templated":true}]}}