
{"id":34750,"date":"2022-03-10T15:26:00","date_gmt":"2022-03-10T14:26:00","guid":{"rendered":"https:\/\/stonehouse.se\/produkt\/liten-pase-70x100-aterforslutningsbarskrivfalt-25-pack\/"},"modified":"2025-12-31T19:36:28","modified_gmt":"2025-12-31T18:36:28","slug":"liten-pase-70x100-aterforslutningsbarskrivfalt-25-pack","status":"publish","type":"product","link":"https:\/\/stonehouse.se\/en\/product\/liten-pase-70x100-aterforslutningsbarskrivfalt-25-pack\/","title":{"rendered":"Liten P\u00e5se  25-Pack 70&#215;100 \u00c5terf\u00f6rslutningsbar+Skrivf\u00e4lt"},"content":{"rendered":"<div>\n<p>Blixl\u00e5sp\u00e5sar \u00e4r bra n\u00e4r du enkelt vill f\u00f6rsluta, \u00f6ppna och \u00e5terf\u00f6rsluta en p\u00e5se.<\/p>\n<ul>\n<li>Blixtl\u00e5sp\u00e5sarna \u00e4r tillverkad av milj\u00f6v\u00e4nlig polyeten och f\u00f6rsedda med blixtl\u00e5s.<\/li>\n<li>Levereras med utstansat h\u00e5l, 6 mm, \u00f6ver f\u00f6rslutningen.<\/li>\n<li>Levereras med skrivf\u00e4lt d\u00e4r du kan fylla i vad inneh\u00e5ller \u00e4r.<\/li>\n<li>Levereras i 25 pack<\/li>\n<\/ul>\n<\/div>","protected":false},"excerpt":{"rendered":"<p>Blixl\u00e5sp\u00e5sar \u00e4r bra n\u00e4r du enkelt vill f\u00f6rsluta, \u00f6ppna och \u00e5terf\u00f6rsluta en p\u00e5se. Blixtl\u00e5sp\u00e5sarna \u00e4r tillverkad av milj\u00f6v\u00e4nlig polyeten och<\/p>","protected":false},"featured_media":85011,"template":"","meta":{"_acf_changed":false},"product_brand":[],"product_cat":[574],"product_tag":[],"class_list":{"0":"post-34750","1":"product","2":"type-product","3":"status-publish","4":"has-post-thumbnail","6":"product_cat-kortklamma-montering","7":"product_shipping_class-postnord-varubrev","8":"pa_brands-stonehouse-security","9":"pa_rfid-tillbehor-clips-montering","10":"tm-no-options","12":"first","13":"instock","14":"sale","15":"featured","16":"taxable","17":"shipping-taxable","18":"product-type-simple"},"acf":[],"_links":{"self":[{"href":"https:\/\/stonehouse.se\/en\/wp-json\/wp\/v2\/product\/34750","targetHints":{"allow":["GET"]}}],"collection":[{"href":"https:\/\/stonehouse.se\/en\/wp-json\/wp\/v2\/product"}],"about":[{"href":"https:\/\/stonehouse.se\/en\/wp-json\/wp\/v2\/types\/product"}],"wp:featuredmedia":[{"embeddable":true,"href":"https:\/\/stonehouse.se\/en\/wp-json\/wp\/v2\/media\/85011"}],"wp:attachment":[{"href":"https:\/\/stonehouse.se\/en\/wp-json\/wp\/v2\/media?parent=34750"}],"wp:term":[{"taxonomy":"product_brand","embeddable":true,"href":"https:\/\/stonehouse.se\/en\/wp-json\/wp\/v2\/product_brand?post=34750"},{"taxonomy":"product_cat","embeddable":true,"href":"https:\/\/stonehouse.se\/en\/wp-json\/wp\/v2\/product_cat?post=34750"},{"taxonomy":"product_tag","embeddable":true,"href":"https:\/\/stonehouse.se\/en\/wp-json\/wp\/v2\/product_tag?post=34750"}],"curies":[{"name":"wp","href":"https:\/\/api.w.org\/{rel}","templated":true}]}}