
{"id":34770,"date":"2022-03-10T15:26:00","date_gmt":"2022-03-10T14:26:00","guid":{"rendered":"https:\/\/stonehouse.se\/produkt\/jojo-zink-abs-med-modern-design-svart\/"},"modified":"2026-04-07T09:57:52","modified_gmt":"2026-04-07T07:57:52","slug":"jojo-zink-abs-med-modern-design-svart","status":"publish","type":"product","link":"https:\/\/stonehouse.se\/en\/product\/jojo-zink-abs-med-modern-design-svart\/","title":{"rendered":"Jojo Zink\/ABS med modern Design &#8211; Svart"},"content":{"rendered":"<div>\n<p>Denna jojo \u00e4r modern i sin utformning och finns i f\u00e4rgerna r\u00f6d och svart.<\/p>\n<p>Har en stabil fasts\u00e4ttnings anordning och f\u00f6rsedd clips.<\/p>\n<p>Storlek: 33&#215;52 mm<\/p>\n<p>Sn\u00f6re: 70 cm<\/p>\n<p>&nbsp;<\/p>\n<p>&nbsp;<\/p>\n<\/div>","protected":false},"excerpt":{"rendered":"<p>Utdragbar nyckelring med jojo i h\u00f6gkvalitativ Zink\/ABS-plast, idealisk f\u00f6r s\u00e4ker och enkel \u00e5tkomst till nycklar eller ID-kort. Stilren svart design med stabil clips f\u00f6r enkel fasts\u00e4ttning.<\/p>","protected":false},"featured_media":88781,"template":"","meta":{"_acf_changed":false},"product_brand":[],"product_cat":[566],"product_tag":[2304],"class_list":{"0":"post-34770","1":"product","2":"type-product","3":"status-publish","4":"has-post-thumbnail","6":"product_cat-jojo-yoyo","7":"product_tag-stonehouse-produkt","8":"product_shipping_class-postnord-varubrev","9":"pa_brands-stonehouse-security","10":"pa_farg-svart","11":"pa_rfid-tillbehor-jojo","12":"tm-no-options","14":"first","15":"instock","16":"sale","17":"featured","18":"taxable","19":"shipping-taxable","20":"product-type-simple"},"acf":[],"_links":{"self":[{"href":"https:\/\/stonehouse.se\/en\/wp-json\/wp\/v2\/product\/34770","targetHints":{"allow":["GET"]}}],"collection":[{"href":"https:\/\/stonehouse.se\/en\/wp-json\/wp\/v2\/product"}],"about":[{"href":"https:\/\/stonehouse.se\/en\/wp-json\/wp\/v2\/types\/product"}],"wp:featuredmedia":[{"embeddable":true,"href":"https:\/\/stonehouse.se\/en\/wp-json\/wp\/v2\/media\/88781"}],"wp:attachment":[{"href":"https:\/\/stonehouse.se\/en\/wp-json\/wp\/v2\/media?parent=34770"}],"wp:term":[{"taxonomy":"product_brand","embeddable":true,"href":"https:\/\/stonehouse.se\/en\/wp-json\/wp\/v2\/product_brand?post=34770"},{"taxonomy":"product_cat","embeddable":true,"href":"https:\/\/stonehouse.se\/en\/wp-json\/wp\/v2\/product_cat?post=34770"},{"taxonomy":"product_tag","embeddable":true,"href":"https:\/\/stonehouse.se\/en\/wp-json\/wp\/v2\/product_tag?post=34770"}],"curies":[{"name":"wp","href":"https:\/\/api.w.org\/{rel}","templated":true}]}}