
{"id":34843,"date":"2022-03-10T15:15:00","date_gmt":"2022-03-10T14:15:00","guid":{"rendered":"https:\/\/stonehouse.se\/produkt\/2-vags-tradlos-panda-keyfob-fjarrkontroll-agililty4-och-wicomm-pro\/"},"modified":"2026-03-14T12:52:46","modified_gmt":"2026-03-14T11:52:46","slug":"risco-fjarrkontroll-2-vags","status":"publish","type":"product","link":"https:\/\/stonehouse.se\/en\/product\/risco-fjarrkontroll-2-vags\/","title":{"rendered":"Risco Fj\u00e4rrkontroll 2-v\u00e4gs"},"content":{"rendered":"<h1>Risco Fj\u00e4rrkontroll 2-v\u00e4gs<\/h1>\n<p data-start=\"478\" data-end=\"845\">RISCO Panda 2-v\u00e4gs Fj\u00e4rrkontroll (mod. RWX332KF800B) \u00e4r den senaste innovationen fr\u00e5n RISCO Group, utformad f\u00f6r att ge maximal bekv\u00e4mlighet och s\u00e4kerhet f\u00f6r anv\u00e4ndare av RISCO:s intr\u00e5ngssystem.<\/p>\n<p data-start=\"478\" data-end=\"845\">Fj\u00e4rrkontrollen kombinerar en modern och str\u00f6mlinjeformad design med avancerad tr\u00e5dl\u00f6s tv\u00e5v\u00e4gskommunikation, vilket g\u00f6r den till ett utm\u00e4rkt val f\u00f6r b\u00e5de hem och sm\u00e5 kontor.<\/p>\n<p data-start=\"847\" data-end=\"1241\">Den Panda 2-v\u00e4gs fj\u00e4rrkontrollen \u00e4r s\u00e4rskilt anv\u00e4ndarv\u00e4nlig och l\u00e4tt att konfigurera.<\/p>\n<p data-start=\"847\" data-end=\"1241\">Den \u00e4r kompatibel med alla RISCO:s tr\u00e5dl\u00f6sa och hybrid s\u00e4kerhetssystem och erbjuder ett smidigt s\u00e4tt f\u00f6r anv\u00e4ndare att styra sina larm- och s\u00e4kerhetssystem.<\/p>\n<p data-start=\"847\" data-end=\"1241\">Fj\u00e4rrkontrollen \u00e4r f\u00f6rsedd med stora tangenter, vilket g\u00f6r den enkel att anv\u00e4nda f\u00f6r till- och fr\u00e5nkoppling av systemet, samt f\u00f6r att skicka paniklarm.<\/p>\n<p data-start=\"1243\" data-end=\"1561\">En av de mest praktiska funktionerna med Panda-fj\u00e4rrkontrollen \u00e4r dess tv\u00e5v\u00e4gs tr\u00e5dl\u00f6sa kommunikation.<\/p>\n<p data-start=\"1243\" data-end=\"1561\">N\u00e4r ett kommando skickas till panelen, f\u00e5r anv\u00e4ndaren en bekr\u00e4ftelsestatus tillbaka via lysdioden p\u00e5 fj\u00e4rrkontrollen.<\/p>\n<p data-start=\"1243\" data-end=\"1561\">Detta ger trygghet och bekr\u00e4ftar att kommandot har mottagits och bearbetats av s\u00e4kerhetssystemet.<\/p>\n<p data-start=\"1563\" data-end=\"1831\">Fj\u00e4rrkontrollen \u00e4r ocks\u00e5 enkel att b\u00e4ra, d\u00e5 den kan monteras p\u00e5 en kedja eller b\u00e4ras som ett h\u00e4nge, vilket g\u00f6r den praktisk f\u00f6r daglig anv\u00e4ndning.<\/p>\n<p data-start=\"1563\" data-end=\"1831\">Med enkel batteribyte kan anv\u00e4ndaren enkelt underh\u00e5lla enheten utan att beh\u00f6va oroa sig f\u00f6r driftstopp eller sv\u00e5righeter.<\/p>\n<p data-start=\"1833\" data-end=\"1863\"><strong data-start=\"1833\" data-end=\"1861\">Huvudsakliga Funktioner:<\/strong><\/p>\n<ul data-start=\"1864\" data-end=\"2462\">\n<li data-start=\"1864\" data-end=\"1938\">\n<p data-start=\"1866\" data-end=\"1938\"><strong data-start=\"1866\" data-end=\"1900\">Tv\u00e5v\u00e4gs tr\u00e5dl\u00f6s kommunikation:<\/strong> F\u00e5r bekr\u00e4ftelsestatus fr\u00e5n systemet<\/p>\n<\/li>\n<li data-start=\"1939\" data-end=\"2022\">\n<p data-start=\"1941\" data-end=\"2022\"><strong data-start=\"1941\" data-end=\"1962\">Enkel anv\u00e4ndning:<\/strong> Stora tangenter f\u00f6r snabb och enkel hantering av systemet<\/p>\n<\/li>\n<li data-start=\"2023\" data-end=\"2099\">\n<p data-start=\"2025\" data-end=\"2099\"><strong data-start=\"2025\" data-end=\"2043\">Panikkontroll:<\/strong> M\u00f6jlighet att skicka paniklarm till s\u00e4kerhetssystemet<\/p>\n<\/li>\n<li data-start=\"2100\" data-end=\"2166\">\n<p data-start=\"2102\" data-end=\"2166\"><strong data-start=\"2102\" data-end=\"2113\">B\u00e4rbar:<\/strong> Kan monteras p\u00e5 en kedja eller b\u00e4ras som ett h\u00e4nge<\/p>\n<\/li>\n<li data-start=\"2167\" data-end=\"2251\">\n<p data-start=\"2169\" data-end=\"2251\"><strong data-start=\"2169\" data-end=\"2188\">Compatibility:<\/strong> Fungerar med alla RISCO:s tr\u00e5dl\u00f6sa och hybrid intr\u00e5ngssystem<\/p>\n<\/li>\n<li data-start=\"2252\" data-end=\"2320\">\n<p data-start=\"2254\" data-end=\"2320\"><strong data-start=\"2254\" data-end=\"2270\">Batteribyte:<\/strong> Enkel att byta batteri f\u00f6r l\u00e5ngvarig anv\u00e4ndning<\/p>\n<\/li>\n<li data-start=\"2321\" data-end=\"2407\">\n<p data-start=\"2323\" data-end=\"2407\"><strong data-start=\"2323\" data-end=\"2344\">Lysdiodindikator:<\/strong> Bekr\u00e4ftar status f\u00f6r varje kommando som skickas till panelen<\/p>\n<\/li>\n<li data-start=\"2408\" data-end=\"2462\">\n<p data-start=\"2410\" data-end=\"2462\"><strong data-start=\"2410\" data-end=\"2421\">Design:<\/strong> Modern och kompakt f\u00f6r bekv\u00e4m anv\u00e4ndning<\/p>\n<\/li>\n<\/ul>\n<p data-start=\"2464\" data-end=\"2495\"><strong data-start=\"2464\" data-end=\"2493\">Tekniska Specifikationer:<\/strong><\/p>\n<ul data-start=\"2496\" data-end=\"2714\">\n<li data-start=\"2496\" data-end=\"2521\">\n<p data-start=\"2498\" data-end=\"2521\"><strong data-start=\"2498\" data-end=\"2511\">Frekvens:<\/strong> 868 MHz<\/p>\n<\/li>\n<li data-start=\"2522\" data-end=\"2581\">\n<p data-start=\"2524\" data-end=\"2581\"><strong data-start=\"2524\" data-end=\"2545\">Str\u00f6mf\u00f6rs\u00f6rjning:<\/strong> Batteridriven (enkel batteribyte)<\/p>\n<\/li>\n<li data-start=\"2582\" data-end=\"2649\">\n<p data-start=\"2584\" data-end=\"2649\"><strong data-start=\"2584\" data-end=\"2603\">Compatibility:<\/strong> Agility\u2122, WiComm Pro och andra RISCO-system<\/p>\n<\/li>\n<li data-start=\"2650\" data-end=\"2714\">\n<p data-start=\"2652\" data-end=\"2714\"><strong data-start=\"2652\" data-end=\"2665\">Funktion:<\/strong> Larm p\u00e5\/av, paniklarm, tv\u00e5v\u00e4gs bekr\u00e4ftelsestatus<\/p>\n<\/li>\n<\/ul>\n<p data-start=\"2716\" data-end=\"2980\">Denna Panda 2-v\u00e4gs Fj\u00e4rrkontroll \u00e4r ett perfekt tillbeh\u00f6r f\u00f6r anv\u00e4ndare som s\u00f6ker enkel men effektiv kontroll \u00f6ver sina s\u00e4kerhetssystem.<\/p>\n<p data-start=\"2716\" data-end=\"2980\">Med sina anv\u00e4ndarv\u00e4nliga funktioner och p\u00e5litliga kommunikation erbjuder den en s\u00e4ker och flexibel l\u00f6sning f\u00f6r vardagligt bruk.<\/p>\n<p><a href=\"https:\/\/www.riscogroup.com\/products\/product\/52708\" target=\"_blank\" rel=\"noopener\">H\u00e4r kan du l\u00e4sa mer om WiCom Pro p\u00e5 Risco Groups Hemsida\u00a0<\/a><\/p>\n<p><iframe title=\"Wicomm Smart Hub US\" width=\"1170\" height=\"658\" src=\"https:\/\/www.youtube.com\/embed\/5PHoH2dRjEs?feature=oembed\" frameborder=\"0\" allow=\"accelerometer; autoplay; clipboard-write; encrypted-media; gyroscope; picture-in-picture; web-share\" referrerpolicy=\"strict-origin-when-cross-origin\" allowfullscreen><\/iframe><\/p>","protected":false},"excerpt":{"rendered":"<p>Risco Panda 2-v\u00e4gs fj\u00e4rrkontroll \u00e4r en kompakt och modern tr\u00e5dl\u00f6s nyckelkontroll som ger anv\u00e4ndare enkel tillg\u00e5ng till sina s\u00e4kerhetssystem.<\/p>\n<p>Den \u00e4r l\u00e4tt att konfigurera och anv\u00e4ndas med RISCO:s hybrid- och tr\u00e5dl\u00f6sa intr\u00e5ngssystem.<\/p>\n<p>Bekr\u00e4ftelsestatus via lysdiod och tv\u00e5v\u00e4gs kommunikation f\u00f6r \u00f6kad s\u00e4kerhet.<\/p>","protected":false},"featured_media":85077,"template":"","meta":{"_acf_changed":false},"product_brand":[],"product_cat":[2720,2717],"product_tag":[],"class_list":{"0":"post-34843","1":"product","2":"type-product","3":"status-publish","4":"has-post-thumbnail","6":"product_cat-knappsatser","7":"product_cat-risco-larm","8":"product_shipping_class-postnord-varubrev","9":"pa_brands-4risco","10":"pa_risco-produkter-agility-4","11":"pa_wicomm-pro-kategorier-manoverpaneler-knappar","12":"tm-no-options","14":"first","15":"instock","16":"sale","17":"featured","18":"taxable","19":"shipping-taxable","20":"product-type-simple"},"acf":[],"_links":{"self":[{"href":"https:\/\/stonehouse.se\/en\/wp-json\/wp\/v2\/product\/34843","targetHints":{"allow":["GET"]}}],"collection":[{"href":"https:\/\/stonehouse.se\/en\/wp-json\/wp\/v2\/product"}],"about":[{"href":"https:\/\/stonehouse.se\/en\/wp-json\/wp\/v2\/types\/product"}],"wp:featuredmedia":[{"embeddable":true,"href":"https:\/\/stonehouse.se\/en\/wp-json\/wp\/v2\/media\/85077"}],"wp:attachment":[{"href":"https:\/\/stonehouse.se\/en\/wp-json\/wp\/v2\/media?parent=34843"}],"wp:term":[{"taxonomy":"product_brand","embeddable":true,"href":"https:\/\/stonehouse.se\/en\/wp-json\/wp\/v2\/product_brand?post=34843"},{"taxonomy":"product_cat","embeddable":true,"href":"https:\/\/stonehouse.se\/en\/wp-json\/wp\/v2\/product_cat?post=34843"},{"taxonomy":"product_tag","embeddable":true,"href":"https:\/\/stonehouse.se\/en\/wp-json\/wp\/v2\/product_tag?post=34843"}],"curies":[{"name":"wp","href":"https:\/\/api.w.org\/{rel}","templated":true}]}}