
{"id":34844,"date":"2022-03-10T15:15:00","date_gmt":"2022-03-10T14:15:00","guid":{"rendered":"https:\/\/stonehouse.se\/produkt\/1-vags-2-vags-tradlos-piccolo-pet-pir-detektor-agililty3-4-och-wicomm-pro\/"},"modified":"2025-12-31T19:38:46","modified_gmt":"2025-12-31T18:38:46","slug":"risco-piccolo-2-vags-rorelsedetektor-med-husdjursfunktion","status":"publish","type":"product","link":"https:\/\/stonehouse.se\/en\/product\/risco-piccolo-2-vags-rorelsedetektor-med-husdjursfunktion\/","title":{"rendered":"Risco Piccolo 2-v\u00e4gs R\u00f6relsedetektor med husdjursfunktion"},"content":{"rendered":"<h1>Risco 2-v\u00e4gs R\u00f6relsedetektor Piccolo med husdjursfunktion<\/h1>\n<div class=\"field field-name-field-product-description field-type-text-long field-label-hidden\">\n<div class=\"field-items\">\n<p data-start=\"518\" data-end=\"881\">Risco Piccolo 2-v\u00e4gs r\u00f6relsedetektor med husdjursfunktion (modell RWX96P86800A) \u00e4r en kompakt och effektiv r\u00f6relsedetektor som erbjuder p\u00e5litlig s\u00e4kerhet f\u00f6r b\u00e5de sm\u00e5 och stora utrymmen.<\/p>\n<p data-start=\"518\" data-end=\"881\">Med en r\u00e4ckvidd p\u00e5 upp till 8 meter och en husdjursv\u00e4nlig funktion som g\u00f6r det m\u00f6jligt att ignorera husdjur upp till 36 kg, \u00e4r Piccolo perfekt f\u00f6r b\u00e5de bost\u00e4der och sm\u00e5 kontor.<\/p>\n<p data-start=\"883\" data-end=\"1216\">Detektorn \u00e4r utrustad med en dubbel-element PIR-sensor som ger h\u00f6g detektionskapacitet och l\u00e5g k\u00e4nslighet f\u00f6r falsklarm, vilket g\u00f6r den till en idealisk l\u00f6sning f\u00f6r hem med husdjur eller d\u00e4r det \u00e4r viktigt att undvika falska larm.<\/p>\n<p data-start=\"883\" data-end=\"1216\">Den innovativa och eleganta designen g\u00f6r den dessutom till en diskret och modern del av din inredning.<\/p>\n<p data-start=\"1218\" data-end=\"1590\">Piccolo \u00e4r enkel att installera och underh\u00e5lla tack vare dess tr\u00e5dl\u00f6sa 2-v\u00e4gs kommunikation och fj\u00e4rrprogrammering. Detektorn \u00e4r kompatibel med RISCO:s tr\u00e5dl\u00f6sa och hybrid system, inklusive Agility\u21224 (fr\u00e5n version 5.17), WiComm Pro och LightSYS+.<\/p>\n<p data-start=\"1218\" data-end=\"1590\">Den st\u00f6der \u00e4ven b\u00e5de 1-v\u00e4gs och 2-v\u00e4gs kommunikation, vilket g\u00f6r den flexibel och kompatibel med olika systemkonfigurationer.<\/p>\n<p data-start=\"1592\" data-end=\"1777\">F\u00f6r att f\u00f6renkla underh\u00e5llet har Piccolo en magnetisk h\u00e5llare som g\u00f6r det enkelt att byta batteri, och batteribyte kan g\u00f6ras av anv\u00e4ndaren om installat\u00f6ren har aktiverat denna funktion.<\/p>\n<p data-start=\"1779\" data-end=\"1809\"><strong data-start=\"1779\" data-end=\"1807\">Huvudsakliga Funktioner:<\/strong><\/p>\n<ul data-start=\"1810\" data-end=\"2457\">\n<li data-start=\"1810\" data-end=\"1835\">\n<p data-start=\"1812\" data-end=\"1835\"><strong data-start=\"1812\" data-end=\"1825\">R\u00e4ckvidd:<\/strong> 8 meter<\/p>\n<\/li>\n<li data-start=\"1836\" data-end=\"1892\">\n<p data-start=\"1838\" data-end=\"1892\"><strong data-start=\"1838\" data-end=\"1857\">Husdjursv\u00e4nlig:<\/strong> Ignorerar husdjur upp till 36 kg<\/p>\n<\/li>\n<li data-start=\"1893\" data-end=\"1967\">\n<p data-start=\"1895\" data-end=\"1967\"><strong data-start=\"1895\" data-end=\"1913\">Kommunikation:<\/strong> St\u00f6der b\u00e5de 1-v\u00e4gs och 2-v\u00e4gs tr\u00e5dl\u00f6s kommunikation<\/p>\n<\/li>\n<li data-start=\"1968\" data-end=\"2030\">\n<p data-start=\"1970\" data-end=\"2030\"><strong data-start=\"1970\" data-end=\"1981\">Design:<\/strong> Kompakt och modern, passar b\u00e5de hem och kontor<\/p>\n<\/li>\n<li data-start=\"2031\" data-end=\"2121\">\n<p data-start=\"2033\" data-end=\"2121\"><strong data-start=\"2033\" data-end=\"2051\">H\u00f6g prestanda:<\/strong> Utrustad med dubbel-element PIR-sensor och digital signalbehandling<\/p>\n<\/li>\n<li data-start=\"2122\" data-end=\"2207\">\n<p data-start=\"2124\" data-end=\"2207\"><strong data-start=\"2124\" data-end=\"2151\">Temperaturkompensation:<\/strong> F\u00f6r maximal detektion och h\u00f6g immunitet mot falsklarm<\/p>\n<\/li>\n<li data-start=\"2208\" data-end=\"2289\">\n<p data-start=\"2210\" data-end=\"2289\"><strong data-start=\"2210\" data-end=\"2247\">Enkel installation och underh\u00e5ll:<\/strong> Magnetisk h\u00e5llare f\u00f6r enkel batteribyte<\/p>\n<\/li>\n<li data-start=\"2290\" data-end=\"2366\">\n<p data-start=\"2292\" data-end=\"2366\"><strong data-start=\"2292\" data-end=\"2311\">Kompatibilitet:<\/strong> Agility\u21224 (fr\u00e5n version 5.17), WiComm Pro, LightSYS+<\/p>\n<\/li>\n<li data-start=\"2367\" data-end=\"2411\">\n<p data-start=\"2369\" data-end=\"2411\"><strong data-start=\"2369\" data-end=\"2381\">Batteri:<\/strong> 1 x CR123A, l\u00e5ng batteritid<\/p>\n<\/li>\n<li data-start=\"2412\" data-end=\"2457\">\n<p data-start=\"2414\" data-end=\"2457\"><strong data-start=\"2414\" data-end=\"2444\">Leverant\u00f6rs artikelnummer:<\/strong> RWX96P86800A<\/p>\n<\/li>\n<\/ul>\n<p data-start=\"2459\" data-end=\"2490\"><strong data-start=\"2459\" data-end=\"2488\">Tekniska Specifikationer:<\/strong><\/p>\n<ul data-start=\"2491\" data-end=\"2792\">\n<li data-start=\"2491\" data-end=\"2516\">\n<p data-start=\"2493\" data-end=\"2516\"><strong data-start=\"2493\" data-end=\"2506\">Frekvens:<\/strong> 868 MHz<\/p>\n<\/li>\n<li data-start=\"2517\" data-end=\"2550\">\n<p data-start=\"2519\" data-end=\"2550\"><strong data-start=\"2519\" data-end=\"2540\">Detektionsomr\u00e5de:<\/strong> 8 meter<\/p>\n<\/li>\n<li data-start=\"2551\" data-end=\"2591\">\n<p data-start=\"2553\" data-end=\"2591\"><strong data-start=\"2553\" data-end=\"2572\">Monteringsh\u00f6jd:<\/strong> 2,2 m till 2,5 m<\/p>\n<\/li>\n<li data-start=\"2592\" data-end=\"2622\">\n<p data-start=\"2594\" data-end=\"2622\"><strong data-start=\"2594\" data-end=\"2609\">Batterityp:<\/strong> 1 x CR123A<\/p>\n<\/li>\n<li data-start=\"2623\" data-end=\"2661\">\n<p data-start=\"2625\" data-end=\"2661\"><strong data-start=\"2625\" data-end=\"2646\">Str\u00f6mf\u00f6rbrukning:<\/strong> 12mA standby<\/p>\n<\/li>\n<li data-start=\"2662\" data-end=\"2707\">\n<p data-start=\"2664\" data-end=\"2707\"><strong data-start=\"2664\" data-end=\"2688\">Temperaturintervall:<\/strong> -10\u00b0C till +40\u00b0C<\/p>\n<\/li>\n<li data-start=\"2708\" data-end=\"2745\">\n<p data-start=\"2710\" data-end=\"2745\"><strong data-start=\"2710\" data-end=\"2726\">Dimensioner:<\/strong> 120 x 60 x 60 mm<\/p>\n<\/li>\n<li data-start=\"2746\" data-end=\"2765\">\n<p data-start=\"2748\" data-end=\"2765\"><strong data-start=\"2748\" data-end=\"2757\">Weight:<\/strong> 100 g<\/p>\n<\/li>\n<li data-start=\"2766\" data-end=\"2792\">\n<p data-start=\"2768\" data-end=\"2792\"><strong data-start=\"2768\" data-end=\"2785\">IP-klassning:<\/strong> IP44<\/p>\n<\/li>\n<\/ul>\n<p data-start=\"2794\" data-end=\"3067\">Denna Piccolo r\u00f6relsedetektor \u00e4r den perfekta l\u00f6sningen f\u00f6r anv\u00e4ndare som s\u00f6ker en s\u00e4ker och p\u00e5litlig tr\u00e5dl\u00f6s detektor som \u00e4ven tar h\u00e4nsyn till husdjur i hemmet.<\/p>\n<p data-start=\"2794\" data-end=\"3067\">Med sina avancerade funktioner och enkla installation \u00e4r den en utm\u00e4rkt komponent i alla RISCO s\u00e4kerhetssystem.<\/p>\n<p><a href=\"https:\/\/www.riscogroup.com\/products\/product\/52708\" target=\"_blank\" rel=\"noopener\">H\u00e4r kan du l\u00e4sa mer om WiCom Pro p\u00e5 Risco Groups Hemsida\u00a0<\/a><\/p>\n<p><iframe title=\"Wicomm Smart Hub US\" width=\"1170\" height=\"658\" src=\"https:\/\/www.youtube.com\/embed\/5PHoH2dRjEs?feature=oembed\" frameborder=\"0\" allow=\"accelerometer; autoplay; clipboard-write; encrypted-media; gyroscope; picture-in-picture; web-share\" referrerpolicy=\"strict-origin-when-cross-origin\" allowfullscreen><\/iframe><\/p>\n<\/div>\n<\/div>\n<div class=\"field field-name-field-product-description field-type-text-long field-label-hidden\">\n<div class=\"field-items\">\n<div class=\"field-item even\">\n<p>&nbsp;<\/p>\n<\/div>\n<\/div>\n<\/div>","protected":false},"excerpt":{"rendered":"<p>Risco Piccolo 2-v\u00e4gs r\u00f6relsedetektor med husdjursfunktion \u00e4r en liten och kompakt PIR-sensor med en r\u00e4ckvidd p\u00e5 8 meter.<\/p>\n<p>Den \u00e4r idealisk f\u00f6r anv\u00e4ndning i hem och mindre kontor och \u00e4r kompatibel med b\u00e5de tr\u00e5dl\u00f6sa 1-v\u00e4gs och 2-v\u00e4gs system.<\/p>\n<p>Husdjursfunktionen g\u00f6r det m\u00f6jligt att anv\u00e4nda den utan att p\u00e5verkas av husdjur upp till 36 kg.<\/p>","protected":false},"featured_media":84865,"template":"","meta":{"_acf_changed":false},"product_brand":[],"product_cat":[2721,2717],"product_tag":[2638],"class_list":{"0":"post-34844","1":"product","2":"type-product","3":"status-publish","4":"has-post-thumbnail","6":"product_cat-larmenheter-risco-larm","7":"product_cat-risco-larm","8":"product_tag-cr123-tillbehor","9":"product_shipping_class-postnord-varubrev","10":"pa_brands-4risco","11":"pa_risco-produkter-agility-3","12":"pa_risco-produkter-agility-4","13":"pa_wicomm-pro-kategorier-rorelsedetektor","14":"tm-no-options","16":"first","17":"instock","18":"sale","19":"featured","20":"taxable","21":"shipping-taxable","22":"product-type-simple"},"acf":[],"_links":{"self":[{"href":"https:\/\/stonehouse.se\/en\/wp-json\/wp\/v2\/product\/34844","targetHints":{"allow":["GET"]}}],"collection":[{"href":"https:\/\/stonehouse.se\/en\/wp-json\/wp\/v2\/product"}],"about":[{"href":"https:\/\/stonehouse.se\/en\/wp-json\/wp\/v2\/types\/product"}],"wp:featuredmedia":[{"embeddable":true,"href":"https:\/\/stonehouse.se\/en\/wp-json\/wp\/v2\/media\/84865"}],"wp:attachment":[{"href":"https:\/\/stonehouse.se\/en\/wp-json\/wp\/v2\/media?parent=34844"}],"wp:term":[{"taxonomy":"product_brand","embeddable":true,"href":"https:\/\/stonehouse.se\/en\/wp-json\/wp\/v2\/product_brand?post=34844"},{"taxonomy":"product_cat","embeddable":true,"href":"https:\/\/stonehouse.se\/en\/wp-json\/wp\/v2\/product_cat?post=34844"},{"taxonomy":"product_tag","embeddable":true,"href":"https:\/\/stonehouse.se\/en\/wp-json\/wp\/v2\/product_tag?post=34844"}],"curies":[{"name":"wp","href":"https:\/\/api.w.org\/{rel}","templated":true}]}}