
{"id":34850,"date":"2022-03-10T15:15:00","date_gmt":"2022-03-10T14:15:00","guid":{"rendered":"https:\/\/stonehouse.se\/produkt\/wifi-ip-modul-kommunikationsmodul-agility4-wicomm-pro\/"},"modified":"2026-02-12T10:44:14","modified_gmt":"2026-02-12T09:44:14","slug":"wifi-ip-modul-wicomm-pro-risco","status":"publish","type":"product","link":"https:\/\/stonehouse.se\/en\/product\/wifi-ip-modul-wicomm-pro-risco\/","title":{"rendered":"Risco IP Modul WiComm Pro"},"content":{"rendered":"<h1>IP Modul WiComm Pro Wifi kommunikationsmodul<\/h1>\n<p data-start=\"440\" data-end=\"748\">Risco IP Modul WiComm Pro (mod. RW332IP0000A) \u00e4r en kraftfull och flexibel WiFi-kommunikationsmodul som g\u00f6r det m\u00f6jligt f\u00f6r WiComm Pro kontrollpanelen att kommunicera via TCP\/IP-n\u00e4tverk.<\/p>\n<p data-start=\"440\" data-end=\"748\">Den h\u00e4r plug-in-modulen \u00e4r designad f\u00f6r att enkelt integreras i systemet, vilket g\u00f6r installationen snabb och problemfri.<\/p>\n<p data-start=\"750\" data-end=\"1115\">Denna IP-modul st\u00f6der flerkanalskommunikation och ger m\u00f6jlighet till b\u00e5de prim\u00e4r kommunikation och backup-l\u00f6sningar f\u00f6r IP- eller PSTN-kommunikation.<\/p>\n<p data-start=\"750\" data-end=\"1115\">Om det prim\u00e4ra kommunikationssystemet (t.ex. IP eller PSTN) skulle fallera, tar modulen \u00f6ver och s\u00e4kerst\u00e4ller att systemet forts\u00e4tter att fungera utan avbrott, vilket ger h\u00f6g s\u00e4kerhet och p\u00e5litlighet f\u00f6r anv\u00e4ndaren.<\/p>\n<p data-start=\"1117\" data-end=\"1454\">En av de stora f\u00f6rdelarna med denna modul \u00e4r att den m\u00f6jligg\u00f6r fj\u00e4rr\u00e5tkomst till kontrollpanelen via Risco:s konfigurationsprogram, vilket g\u00f6r att anv\u00e4ndare eller installat\u00f6rer kan hantera och konfigurera systemet p\u00e5 distans.<\/p>\n<p data-start=\"1117\" data-end=\"1454\">Detta underl\u00e4ttar b\u00e5de installation och underh\u00e5ll och minskar behovet av fysiska bes\u00f6k p\u00e5 installationsplatsen.<\/p>\n<p data-start=\"1456\" data-end=\"1674\">Risco IP Modul WiComm Pro \u00e4r kompatibel med WiComm Pro kontrollpanelen och \u00e4r ett utm\u00e4rkt val f\u00f6r anv\u00e4ndare som vill f\u00f6rb\u00e4ttra sin kommunikationsl\u00f6sning och f\u00e5 st\u00f6rre flexibilitet i hanteringen av sitt s\u00e4kerhetssystem.<\/p>\n<p data-start=\"1676\" data-end=\"1706\"><strong data-start=\"1676\" data-end=\"1704\">Huvudsakliga Funktioner:<\/strong><\/p>\n<ul data-start=\"1707\" data-end=\"2292\">\n<li data-start=\"1707\" data-end=\"1793\">\n<p data-start=\"1709\" data-end=\"1793\"><strong data-start=\"1709\" data-end=\"1726\">Fj\u00e4rr\u00e5tkomst:<\/strong> M\u00f6jligg\u00f6r fj\u00e4rr\u00e5tkomst till panelen via konfigurationsprogrammet<\/p>\n<\/li>\n<li data-start=\"1794\" data-end=\"1919\">\n<p data-start=\"1796\" data-end=\"1919\"><strong data-start=\"1796\" data-end=\"1834\">Prim\u00e4r eller backup-kommunikation:<\/strong> Anv\u00e4nds som prim\u00e4r kommunikation eller som backup f\u00f6r IP- eller PSTN-kommunikation<\/p>\n<\/li>\n<li data-start=\"1920\" data-end=\"2009\">\n<p data-start=\"1922\" data-end=\"2009\"><strong data-start=\"1922\" data-end=\"1950\">Flerkanalskommunikation:<\/strong> St\u00f6d f\u00f6r flerkanalskommunikation f\u00f6r flexibel anv\u00e4ndning<\/p>\n<\/li>\n<li data-start=\"2010\" data-end=\"2102\">\n<p data-start=\"2012\" data-end=\"2102\"><strong data-start=\"2012\" data-end=\"2035\">Enkel installation:<\/strong> Plug-in-modul som ansluts direkt till WiComm Pro kontrollpanelen<\/p>\n<\/li>\n<li data-start=\"2103\" data-end=\"2172\">\n<p data-start=\"2105\" data-end=\"2172\"><strong data-start=\"2105\" data-end=\"2124\">Kompatibilitet:<\/strong> Fungerar med WiComm Pro kontrollpanel Grade 2<\/p>\n<\/li>\n<li data-start=\"2173\" data-end=\"2292\">\n<p data-start=\"2175\" data-end=\"2292\"><strong data-start=\"2175\" data-end=\"2204\">Drift via TCP\/IP-n\u00e4tverk:<\/strong> M\u00f6jligg\u00f6r kommunikation via TCP\/IP-n\u00e4tverk f\u00f6r f\u00f6rb\u00e4ttrad s\u00e4kerhet och tillf\u00f6rlitlighet<\/p>\n<\/li>\n<\/ul>\n<p data-start=\"2294\" data-end=\"2325\"><strong data-start=\"2294\" data-end=\"2323\">Tekniska Specifikationer:<\/strong><\/p>\n<ul data-start=\"2326\" data-end=\"2681\">\n<li data-start=\"2326\" data-end=\"2365\">\n<p data-start=\"2328\" data-end=\"2365\"><strong data-start=\"2328\" data-end=\"2356\">Kommunikationsprotokoll:<\/strong> TCP\/IP<\/p>\n<\/li>\n<li data-start=\"2366\" data-end=\"2422\">\n<p data-start=\"2368\" data-end=\"2422\"><strong data-start=\"2368\" data-end=\"2387\">Kompatibilitet:<\/strong> WiComm Pro kontrollpanel Grade 2<\/p>\n<\/li>\n<li data-start=\"2423\" data-end=\"2477\">\n<p data-start=\"2425\" data-end=\"2477\"><strong data-start=\"2425\" data-end=\"2442\">Fj\u00e4rr\u00e5tkomst:<\/strong> Ja, via konfigurationsprogrammet<\/p>\n<\/li>\n<li data-start=\"2478\" data-end=\"2558\">\n<p data-start=\"2480\" data-end=\"2558\"><strong data-start=\"2480\" data-end=\"2499\">Backupfunktion:<\/strong> Kan anv\u00e4ndas som backup f\u00f6r IP- eller PSTN-kommunikation<\/p>\n<\/li>\n<li data-start=\"2559\" data-end=\"2635\">\n<p data-start=\"2561\" data-end=\"2635\"><strong data-start=\"2561\" data-end=\"2578\">Installation:<\/strong> Plug-in, enkel att installera direkt i kontrollpanelen<\/p>\n<\/li>\n<li data-start=\"2636\" data-end=\"2681\">\n<p data-start=\"2638\" data-end=\"2681\"><strong data-start=\"2638\" data-end=\"2668\">Leverant\u00f6rs artikelnummer:<\/strong> RW332IP0000A<\/p>\n<\/li>\n<\/ul>\n<p data-start=\"2683\" data-end=\"2939\">Risco IP Modul WiComm Pro ger ett p\u00e5litligt och flexibelt s\u00e4tt att hantera kommunikation f\u00f6r ditt s\u00e4kerhetssystem, och med sin f\u00f6rm\u00e5ga att erbjuda fj\u00e4rr\u00e5tkomst och backup-l\u00f6sningar \u00e4r det ett utm\u00e4rkt val f\u00f6r anv\u00e4ndare som s\u00f6ker en s\u00e4ker och smidig l\u00f6sning.<\/p>\n<p><a href=\"https:\/\/www.riscogroup.com\/\" target=\"_blank\" rel=\"noopener\"><span style=\"text-decoration: underline\"><strong>Risco Group \u00e4r ledande inom tr\u00e5dl\u00f6s s\u00e4kerhet &#8211; H\u00e4r kan du l\u00e4sa mer om Risco\u00a0<\/strong><\/span><\/a><\/p>","protected":false},"excerpt":{"rendered":"<p data-start=\"138\" data-end=\"406\">Risco IP Modul WiComm Pro \u00e4r en plug-in WiFi-kommunikationsmodul som m\u00f6jligg\u00f6r kommunikation via TCP\/IP-n\u00e4tverk.<\/p>\n<p data-start=\"138\" data-end=\"406\">Den \u00e4r enkel att installera, ansluts direkt till WiComm Pro kontrollpanelen, och fungerar som prim\u00e4r eller backup-kommunikation f\u00f6r IP- eller PSTN-n\u00e4tverk.<\/p>","protected":false},"featured_media":84868,"template":"","meta":{"_acf_changed":false},"product_brand":[],"product_cat":[2719,2717],"product_tag":[1755],"class_list":{"0":"post-34850","1":"product","2":"type-product","3":"status-publish","4":"has-post-thumbnail","6":"product_cat-larmsandare","7":"product_cat-risco-larm","8":"product_tag-rel-risco","9":"product_shipping_class-postnord-varubrev","10":"pa_brands-4risco","11":"pa_risco-produkter-agility-4","12":"pa_wicomm-pro-kategorier-gsm-ip-moduler","13":"tm-no-options","15":"first","16":"instock","17":"sale","18":"featured","19":"taxable","20":"shipping-taxable","21":"product-type-simple"},"acf":[],"_links":{"self":[{"href":"https:\/\/stonehouse.se\/en\/wp-json\/wp\/v2\/product\/34850","targetHints":{"allow":["GET"]}}],"collection":[{"href":"https:\/\/stonehouse.se\/en\/wp-json\/wp\/v2\/product"}],"about":[{"href":"https:\/\/stonehouse.se\/en\/wp-json\/wp\/v2\/types\/product"}],"wp:featuredmedia":[{"embeddable":true,"href":"https:\/\/stonehouse.se\/en\/wp-json\/wp\/v2\/media\/84868"}],"wp:attachment":[{"href":"https:\/\/stonehouse.se\/en\/wp-json\/wp\/v2\/media?parent=34850"}],"wp:term":[{"taxonomy":"product_brand","embeddable":true,"href":"https:\/\/stonehouse.se\/en\/wp-json\/wp\/v2\/product_brand?post=34850"},{"taxonomy":"product_cat","embeddable":true,"href":"https:\/\/stonehouse.se\/en\/wp-json\/wp\/v2\/product_cat?post=34850"},{"taxonomy":"product_tag","embeddable":true,"href":"https:\/\/stonehouse.se\/en\/wp-json\/wp\/v2\/product_tag?post=34850"}],"curies":[{"name":"wp","href":"https:\/\/api.w.org\/{rel}","templated":true}]}}