
{"id":34855,"date":"2022-03-10T15:13:00","date_gmt":"2022-03-10T14:13:00","guid":{"rendered":"https:\/\/stonehouse.se\/produkt\/msr100-usb-magnetlasare\/"},"modified":"2025-12-31T19:43:06","modified_gmt":"2025-12-31T18:43:06","slug":"rfid-lasare-msr100-usb-magnetlasare","status":"publish","type":"product","link":"https:\/\/stonehouse.se\/en\/product\/rfid-lasare-msr100-usb-magnetlasare\/","title":{"rendered":"RFID L\u00e4sare Magnetl\u00e4sare MSR100 USB"},"content":{"rendered":"<div class=\"tab-content\">\n<div id=\"Product-Description\" class=\"tab-pane product-description fade in active\">\n<p>Denna produkt har obligatorisk frakt.<\/p>\n<p>Plug and play USB Magnetic Card Swipe Reader<\/p>\n<p>USB-gr\u00e4nssnitt till tangentbordsbuffert, l\u00e4ser alla 3 magnetremssp\u00e5r.<\/p>\n<p>ISO 7811, 12, 13 f\u00f6r l\u00e4sning av kreditkorts-, presentkorts-, lojalitets- och medlemsmagnetiska korttyper. Kan anv\u00e4ndas f\u00f6r f\u00f6rs\u00e4ljningsst\u00e4llen, datainsamling, \u00e5tkomstkontroll bland annat.<\/p>\n<p>M\u00e5tt (LxBxD) &#8211; 100 x 34 x 30 mm.<\/p>\n<p>Livsl\u00e4ngd p\u00e5 huvudet cirka 300 000 pass. L\u00e4s bekr\u00e4ftelse med LED och pip. Vikt 108g.<\/p>\n<p>Ingen programvara medf\u00f6ljer denna l\u00e4sare.<\/p>\n<\/div>\n<\/div>","protected":false},"excerpt":{"rendered":"<p>Denna produkt har obligatorisk frakt.<\/p>\n<p>Plug and play USB Magnetic Card Swipe Reader<\/p>\n<p>USB-gr\u00e4nssnitt till tangentbordsbuffert, l\u00e4ser alla 3 magnetremssp\u00e5r.<\/p>\n<p>ISO 7811, 12, 13 f\u00f6r l\u00e4sning av kreditkorts-, presentkorts-, lojalitets- och medlemsmagnetiska korttyper. Kan anv\u00e4ndas f\u00f6r f\u00f6rs\u00e4ljningsst\u00e4llen, datainsamling, \u00e5tkomstkontroll bland annat.<\/p>\n<p>M\u00e5tt (LxBxD) &#8211; 100 x 34 x 30 mm.<\/p>\n<p>Livsl\u00e4ngd p\u00e5 huvudet cirka 300 000 pass. L\u00e4s bekr\u00e4ftelse med LED och pip. Vikt 108g.<\/p>\n<p>Ingen programvara medf\u00f6ljer denna l\u00e4sare.<\/p>","protected":false},"featured_media":84882,"template":"","meta":{"_acf_changed":false},"product_brand":[],"product_cat":[579],"product_tag":[],"class_list":{"0":"post-34855","1":"product","2":"type-product","3":"status-publish","4":"has-post-thumbnail","6":"product_cat-rfid-lasare","7":"product_shipping_class-postnord-varubrev","8":"pa_brands-elatec","9":"tm-no-options","11":"first","12":"instock","13":"sale","14":"featured","15":"taxable","16":"shipping-taxable","17":"product-type-simple"},"acf":[],"_links":{"self":[{"href":"https:\/\/stonehouse.se\/en\/wp-json\/wp\/v2\/product\/34855","targetHints":{"allow":["GET"]}}],"collection":[{"href":"https:\/\/stonehouse.se\/en\/wp-json\/wp\/v2\/product"}],"about":[{"href":"https:\/\/stonehouse.se\/en\/wp-json\/wp\/v2\/types\/product"}],"wp:featuredmedia":[{"embeddable":true,"href":"https:\/\/stonehouse.se\/en\/wp-json\/wp\/v2\/media\/84882"}],"wp:attachment":[{"href":"https:\/\/stonehouse.se\/en\/wp-json\/wp\/v2\/media?parent=34855"}],"wp:term":[{"taxonomy":"product_brand","embeddable":true,"href":"https:\/\/stonehouse.se\/en\/wp-json\/wp\/v2\/product_brand?post=34855"},{"taxonomy":"product_cat","embeddable":true,"href":"https:\/\/stonehouse.se\/en\/wp-json\/wp\/v2\/product_cat?post=34855"},{"taxonomy":"product_tag","embeddable":true,"href":"https:\/\/stonehouse.se\/en\/wp-json\/wp\/v2\/product_tag?post=34855"}],"curies":[{"name":"wp","href":"https:\/\/api.w.org\/{rel}","templated":true}]}}