
{"id":34856,"date":"2022-03-10T15:13:00","date_gmt":"2022-03-10T14:13:00","guid":{"rendered":"https:\/\/stonehouse.se\/produkt\/elatec-twn4-multitech-2-lf-125-khz-em4100-02-4200-4305-programmerad-for-system-kod-endast-lasare-med-uid-chipkod\/"},"modified":"2025-12-31T19:42:45","modified_gmt":"2025-12-31T18:42:45","slug":"rfid-lasare-elatec-twn4-multitech-2-lf-125-khz-em4100-02-4200-4305-programmerad-for-system-kod-endast-lasare-med-uid-chipkod","status":"publish","type":"product","link":"https:\/\/stonehouse.se\/en\/product\/rfid-lasare-elatec-twn4-multitech-2-lf-125-khz-em4100-02-4200-4305-programmerad-for-system-kod-endast-lasare-med-uid-chipkod\/","title":{"rendered":"RFID L\u00e4sare Elatec TWN4 Multitech 2 LF 125 Khz EM4100\/02\/4200 Bordsl\u00e4sare"},"content":{"rendered":"<p>H\u00f6gkvalitativa Bordsl\u00e4sare fr\u00e5n tyska Elatec som \u00e4r ledande inom l\u00e4stekniker.<\/p>\n<p>Om du vill ha en annan out put eller funktion f\u00f6r exempelvis printer\/dator s\u00e5 hj\u00e4lper vi dig med det ocks\u00e5.<\/p>\n<p>Dessa l\u00e4sare ers\u00e4tter tidigare modeller (TWN3) och \u00e4r ett val f\u00f6r m\u00e5nga av v\u00e5ra kunder.<\/p>\n<p>Om du \u00e4r i behov av st\u00f6rre volymer eller k\u00f6per l\u00f6pande s\u00e5 kan vi l\u00e4gga upp lager f\u00f6r dig med avrop.<\/p>\n<p>Vi har l\u00e4gre pris \u00e4n vad du kan f\u00f6rv\u00e4nta dig p\u00e5 dessa produkter !<\/p>\n<p>TWN4 hanterar f\u00f6ljande:<\/p>\n<p>125kHz \/ 134.2kHz:<\/p>\n<p>4100, 4102, 420010), 4050, 4150, 4450, 4550, AWID, CASI-RUSCO, HITAG 111), HITAG 211 , HITAG S11, Keri, Miro, Pyramid, TIRIS\/HDX, UNIQUE, FDX-B, Q5, TITAN, T55x7, ZODIAC2 4305, Cardax, IDTECK, 4305<\/p>\n<p>Information om val:<\/p>\n<p>ID Formate = EM<\/p>\n<p>A = Aptus<br \/>\nR = RCO<br \/>\nS = ARX\/SOLID<br \/>\nAx = Axema<br \/>\nB13 = Bewator13 (Omnis)<\/p>\n<p>B8 = Bewator8 (Entro)<br \/>\nV = Axema Vaka<br \/>\n10h = Hexadecimalt<\/p>\n<p>&nbsp;<\/p>","protected":false},"excerpt":{"rendered":"<p>H\u00f6gkvalitativa Bordsl\u00e4sare fr\u00e5n tyska Elatec som \u00e4r ledande inom l\u00e4stekniker. Om du vill ha en annan out put eller funktion<\/p>","protected":false},"featured_media":85083,"template":"","meta":{"_acf_changed":false},"product_brand":[],"product_cat":[579],"product_tag":[],"class_list":{"0":"post-34856","1":"product","2":"type-product","3":"status-publish","4":"has-post-thumbnail","6":"product_cat-rfid-lasare","7":"product_shipping_class-postnord-varubrev","8":"pa_access-lasare-chippets-uid-kod","9":"pa_access-lasare-em-kod-aptus","10":"pa_access-lasare-em-kod-rco","11":"pa_access-lasare-em-kod-assa-arx","12":"pa_access-lasare-em-kod-axema-10-siffror","13":"pa_access-lasare-em-kod-axema-vaka-13-siffror","14":"pa_access-lasare-em-kod-bewator-vanderbilt-13-siffror","15":"pa_access-lasare-em-kod-bewator-vanderbilt-8-siffror","16":"pa_bordlasare-val-av-typ-em-teknik","17":"pa_brands-elatec","18":"tm-no-options","20":"first","21":"outofstock","22":"sale","23":"featured","24":"taxable","25":"shipping-taxable","26":"product-type-simple"},"acf":[],"_links":{"self":[{"href":"https:\/\/stonehouse.se\/en\/wp-json\/wp\/v2\/product\/34856","targetHints":{"allow":["GET"]}}],"collection":[{"href":"https:\/\/stonehouse.se\/en\/wp-json\/wp\/v2\/product"}],"about":[{"href":"https:\/\/stonehouse.se\/en\/wp-json\/wp\/v2\/types\/product"}],"wp:featuredmedia":[{"embeddable":true,"href":"https:\/\/stonehouse.se\/en\/wp-json\/wp\/v2\/media\/85083"}],"wp:attachment":[{"href":"https:\/\/stonehouse.se\/en\/wp-json\/wp\/v2\/media?parent=34856"}],"wp:term":[{"taxonomy":"product_brand","embeddable":true,"href":"https:\/\/stonehouse.se\/en\/wp-json\/wp\/v2\/product_brand?post=34856"},{"taxonomy":"product_cat","embeddable":true,"href":"https:\/\/stonehouse.se\/en\/wp-json\/wp\/v2\/product_cat?post=34856"},{"taxonomy":"product_tag","embeddable":true,"href":"https:\/\/stonehouse.se\/en\/wp-json\/wp\/v2\/product_tag?post=34856"}],"curies":[{"name":"wp","href":"https:\/\/api.w.org\/{rel}","templated":true}]}}