
{"id":34857,"date":"2022-03-10T15:13:00","date_gmt":"2022-03-10T14:13:00","guid":{"rendered":"https:\/\/stonehouse.se\/produkt\/elatec-twn4-multitech-2-hf-13-56-mhz-mifare-programmerad-for-system-kod-endast-lasare-med-uid-chip-kod\/"},"modified":"2026-04-09T09:59:20","modified_gmt":"2026-04-09T07:59:20","slug":"rfid-lasare-elatec-twn4-multitech-2-hf-13-56-mhz-mifare-programmerad-for-system-kod-endast-lasare-med-uid-chip-kod","status":"publish","type":"product","link":"https:\/\/stonehouse.se\/en\/product\/rfid-lasare-elatec-twn4-multitech-2-hf-13-56-mhz-mifare-programmerad-for-system-kod-endast-lasare-med-uid-chip-kod\/","title":{"rendered":"RFID L\u00e4sare Elatec TWN4 Multitech 2 HF (13.56 Mhz Mifare) Bordsl\u00e4sare"},"content":{"rendered":"<p>H\u00f6gkvalitativa Bordsl\u00e4sare fr\u00e5n tyska Elatec som \u00e4r ledande inom l\u00e4stekniker.<\/p>\n<p>H\u00e4r har v\u00e5ra utvalda modeller av Elatech\u00b4s flexibla och popul\u00e4ra modeller och samtliga programmerar vi enligt dina \u00f6nskem\u00e5l.<\/p>\n<p>Du kan v\u00e4lja under respektive produkt om du vill programmerad f\u00f6r ex ASSA ARX, Bewator, Aptus, Axema VAKA och m\u00e5nga fler.<\/p>\n<p>Om du vill ha en annan out put eller funktion f\u00f6r exempelvis printer\/dator s\u00e5 hj\u00e4lper vi dig med det ocks\u00e5.<\/p>\n<p>Dessa l\u00e4sare ers\u00e4tter tidigare modeller (TWN3) och \u00e4r ett val f\u00f6r m\u00e5nga av v\u00e5ra kunder.<\/p>\n<p>Om du \u00e4r i behov av st\u00f6rre volymer eller k\u00f6per l\u00f6pande s\u00e5 kan vi l\u00e4gga upp lager f\u00f6r dig med avrop.<\/p>\n<p>Vi har l\u00e4gre pris \u00e4n vad du kan f\u00f6rv\u00e4nta dig p\u00e5 dessa produkter !<\/p>\n<p>TWN4 hanterar f\u00f6ljande:<\/p>\n<p>Mifare 13.56MHz \/ ISO14443A:<\/p>\n<p>L\u00e4s i Datablad vilka tekniker som l\u00e4saren klarar av.<\/p>","protected":false},"excerpt":{"rendered":"<p>H\u00f6gkvalitativa Bordsl\u00e4sare fr\u00e5n tyska Elatec som \u00e4r ledande inom l\u00e4stekniker. H\u00e4r har v\u00e5ra utvalda modeller av Elatech\u00b4s flexibla och popul\u00e4ra<\/p>","protected":false},"featured_media":85084,"template":"","meta":{"_acf_changed":false},"product_brand":[],"product_cat":[352,2618,579],"product_tag":[],"class_list":{"0":"post-34857","1":"product","2":"type-product","3":"status-publish","4":"has-post-thumbnail","6":"product_cat-outlet","7":"product_cat-kampanjer","8":"product_cat-rfid-lasare","9":"product_shipping_class-postnord-varubrev","10":"pa_access-lasare-mifare-mifare-mfd-aptus-9-siffror","11":"pa_access-lasare-mifare-mifare-mfr-axema-vaka-13-siffror","12":"pa_access-lasare-mifare-chippets-uid-kod","13":"pa_access-lasare-mifare-mifare-mfd-assa-10-siffror","14":"pa_access-lasare-mifare-mifare-rco-9-siffror","15":"pa_bordlasare-val-av-typ-mifare-teknik","16":"pa_brands-elatec","17":"tm-no-options","19":"first","20":"onbackorder","21":"sale","22":"featured","23":"taxable","24":"shipping-taxable","25":"product-type-simple"},"acf":[],"_links":{"self":[{"href":"https:\/\/stonehouse.se\/en\/wp-json\/wp\/v2\/product\/34857","targetHints":{"allow":["GET"]}}],"collection":[{"href":"https:\/\/stonehouse.se\/en\/wp-json\/wp\/v2\/product"}],"about":[{"href":"https:\/\/stonehouse.se\/en\/wp-json\/wp\/v2\/types\/product"}],"wp:featuredmedia":[{"embeddable":true,"href":"https:\/\/stonehouse.se\/en\/wp-json\/wp\/v2\/media\/85084"}],"wp:attachment":[{"href":"https:\/\/stonehouse.se\/en\/wp-json\/wp\/v2\/media?parent=34857"}],"wp:term":[{"taxonomy":"product_brand","embeddable":true,"href":"https:\/\/stonehouse.se\/en\/wp-json\/wp\/v2\/product_brand?post=34857"},{"taxonomy":"product_cat","embeddable":true,"href":"https:\/\/stonehouse.se\/en\/wp-json\/wp\/v2\/product_cat?post=34857"},{"taxonomy":"product_tag","embeddable":true,"href":"https:\/\/stonehouse.se\/en\/wp-json\/wp\/v2\/product_tag?post=34857"}],"curies":[{"name":"wp","href":"https:\/\/api.w.org\/{rel}","templated":true}]}}