
{"id":34865,"date":"2022-03-10T14:57:00","date_gmt":"2022-03-10T13:57:00","guid":{"rendered":"https:\/\/stonehouse.se\/produkt\/vibrationsdetektor-tradlos-agililty3-4-och-wicomm-pro\/"},"modified":"2025-12-31T19:42:28","modified_gmt":"2025-12-31T18:42:28","slug":"risco-vibrationsdetektor-1-vags","status":"publish","type":"product","link":"https:\/\/stonehouse.se\/en\/product\/risco-vibrationsdetektor-1-vags\/","title":{"rendered":"Risco Vibrationsdetektor 1-v\u00e4gs"},"content":{"rendered":"<h1>Risco Vibrationsdetektor 1-v\u00e4gs<\/h1>\n<p data-start=\"435\" data-end=\"949\">Risco Vibrationsdetektor 1-v\u00e4g WiComm Pro Agility \u00e4r en avancerad tr\u00e5dl\u00f6s st\u00f6tdetektor som erbjuder h\u00f6g s\u00e4kerhet f\u00f6r interna och externa skyddsomr\u00e5den.<\/p>\n<p data-start=\"435\" data-end=\"949\">Den \u00e4r designad f\u00f6r att detektera vibrationer som uppst\u00e5r vid f\u00f6rs\u00f6k att tvinga, krossa, borra eller s\u00e5ga genom f\u00f6nster, d\u00f6rrar, v\u00e4ggar eller tak, \u00e4ven n\u00e4r inkr\u00e4ktaren fortfarande \u00e4r utanf\u00f6r.<\/p>\n<p data-start=\"435\" data-end=\"949\">Detta g\u00f6r det till en effektiv l\u00f6sning f\u00f6r perimeterskydd, och \u00e4r s\u00e4rskilt anv\u00e4ndbar f\u00f6r att f\u00f6rhindra intr\u00e5ng innan de fysiska barri\u00e4rerna bryts.<\/p>\n<p data-start=\"951\" data-end=\"1355\">Denna detektor \u00e4r utrustad med en digital mikroprocessor och intelligent digital signalbehandling f\u00f6r att exakt analysera och registrera vibrationer.<\/p>\n<p data-start=\"951\" data-end=\"1355\">Den justerbara k\u00e4nsligheten g\u00f6r att anv\u00e4ndaren kan anpassa detektorns responsniv\u00e5 f\u00f6r att passa olika milj\u00f6er och behov.<\/p>\n<p data-start=\"951\" data-end=\"1355\">Den levereras med en tref\u00e4rgad LED-indikator som underl\u00e4ttar kalibreringen och ger tydlig statusinformation om detektorns k\u00e4nslighet.<\/p>\n<p data-start=\"1357\" data-end=\"1617\">Detektorn \u00e4r fullt \u00f6vervakad, vilket inneb\u00e4r att sabotage, batterisp\u00e4nning och kommunikation alltid kontrolleras.<\/p>\n<p data-start=\"1357\" data-end=\"1617\">Med en r\u00e4ckvidd p\u00e5 upp till 300 meter (LOS) och l\u00e5ng batterilivsl\u00e4ngd, som r\u00e4cker i cirka 3 \u00e5r, \u00e4r den en p\u00e5litlig del av Risco:s s\u00e4kerhetssystem.<\/p>\n<p data-start=\"1619\" data-end=\"1932\">Funktioner som grov attackdetektering och inkapslad bi-morf piezoelektrisk sensor g\u00f6r att denna vibrationsdetektor \u00e4r v\u00e4l rustad att hantera potentiella s\u00e4kerhetshot.<\/p>\n<p data-start=\"1619\" data-end=\"1932\">Den \u00e4r ocks\u00e5 kompatibel med Risco:s Agility\u2122, WisDom, ProSYS\u2122, LightSYS\u2122 och Nova-system, vilket g\u00f6r den mycket flexibel f\u00f6r olika s\u00e4kerhetsbehov.<\/p>\n<p>&nbsp;<\/p>\n<p><iframe title=\"Wicomm Smart Hub US\" width=\"1170\" height=\"658\" src=\"https:\/\/www.youtube.com\/embed\/5PHoH2dRjEs?feature=oembed\" frameborder=\"0\" allow=\"accelerometer; autoplay; clipboard-write; encrypted-media; gyroscope; picture-in-picture; web-share\" referrerpolicy=\"strict-origin-when-cross-origin\" allowfullscreen><\/iframe><\/p>","protected":false},"excerpt":{"rendered":"<p>Tr\u00e5dl\u00f6s vibrationsdetektor f\u00f6r Risco Agility och WiComm Pro, designad f\u00f6r att uppt\u00e4cka inbrottsf\u00f6rs\u00f6k genom att k\u00e4nna vibrationer fr\u00e5n tvingande, krossande, borrande eller s\u00e5gande aktiviteter.<\/p>\n<p>Anpassad f\u00f6r b\u00e5de inomhus och perimeterskydd.<\/p>","protected":false},"featured_media":84909,"template":"","meta":{"_acf_changed":false},"product_brand":[],"product_cat":[2721,2717],"product_tag":[2638],"class_list":{"0":"post-34865","1":"product","2":"type-product","3":"status-publish","4":"has-post-thumbnail","6":"product_cat-larmenheter-risco-larm","7":"product_cat-risco-larm","8":"product_tag-cr123-tillbehor","9":"product_shipping_class-postnord-varubrev","10":"pa_brands-4risco","11":"pa_risco-produkter-agility-3","12":"pa_risco-produkter-agility-4","13":"pa_wicomm-pro-kategorier-vibrationdetektorer","14":"tm-no-options","16":"first","17":"instock","18":"sale","19":"featured","20":"taxable","21":"shipping-taxable","22":"product-type-simple"},"acf":[],"_links":{"self":[{"href":"https:\/\/stonehouse.se\/en\/wp-json\/wp\/v2\/product\/34865","targetHints":{"allow":["GET"]}}],"collection":[{"href":"https:\/\/stonehouse.se\/en\/wp-json\/wp\/v2\/product"}],"about":[{"href":"https:\/\/stonehouse.se\/en\/wp-json\/wp\/v2\/types\/product"}],"wp:featuredmedia":[{"embeddable":true,"href":"https:\/\/stonehouse.se\/en\/wp-json\/wp\/v2\/media\/84909"}],"wp:attachment":[{"href":"https:\/\/stonehouse.se\/en\/wp-json\/wp\/v2\/media?parent=34865"}],"wp:term":[{"taxonomy":"product_brand","embeddable":true,"href":"https:\/\/stonehouse.se\/en\/wp-json\/wp\/v2\/product_brand?post=34865"},{"taxonomy":"product_cat","embeddable":true,"href":"https:\/\/stonehouse.se\/en\/wp-json\/wp\/v2\/product_cat?post=34865"},{"taxonomy":"product_tag","embeddable":true,"href":"https:\/\/stonehouse.se\/en\/wp-json\/wp\/v2\/product_tag?post=34865"}],"curies":[{"name":"wp","href":"https:\/\/api.w.org\/{rel}","templated":true}]}}