
{"id":34867,"date":"2022-03-10T14:57:00","date_gmt":"2022-03-10T13:57:00","guid":{"rendered":"https:\/\/stonehouse.se\/produkt\/2-vags-tradlos-dual-tech-am-inom-utomhus-ridadetektor-agililty4-och-wicomm-pro\/"},"modified":"2026-01-06T20:42:15","modified_gmt":"2026-01-06T19:42:15","slug":"risco-ridadetektor-2-vags-utomhus","status":"publish","type":"product","link":"https:\/\/stonehouse.se\/en\/product\/risco-ridadetektor-2-vags-utomhus\/","title":{"rendered":"Risco Rid\u00e5detektor 2-v\u00e4gs  &#8211; Utomhus"},"content":{"rendered":"<div>\n<h1>Risco Rid\u00e5detektor 2-v\u00e4gs &#8211; Utomhus<\/h1>\n<p data-start=\"413\" data-end=\"936\">Risco Rid\u00e5detektor 2-v\u00e4gs WiComm Pro Agility4 \u00e4r det ultimata valet f\u00f6r utomhuss\u00e4kerhet.<\/p>\n<p data-start=\"413\" data-end=\"936\">Designad f\u00f6r att vara den f\u00f6rsta f\u00f6rsvarslinjen i ditt s\u00e4kerhetssystem, erbjuder denna tr\u00e5dl\u00f6sa rid\u00e5detektor en snabb och enkel installation med flexibel montering och konfiguration.<\/p>\n<p data-start=\"413\" data-end=\"936\">Den avancerade mikrov\u00e5gstekniken och tv\u00e5v\u00e4gs radiokommunikation ger \u00f6verl\u00e4gsen t\u00e4ckning och s\u00e4kerhet f\u00f6r stora omr\u00e5den, medan den aktiva anti-maskeringsfunktionen skyddar mot alla f\u00f6rs\u00f6k att skada detektorns upptagningsf\u00f6rm\u00e5ga.<\/p>\n<p data-start=\"938\" data-end=\"1305\">Med fyra justerbara k\u00e4nslighetsniv\u00e5er och en smal str\u00e5le minimeras risken f\u00f6r falska larm, vilket g\u00f6r det m\u00f6jligt att f\u00e5 precis det skydd du beh\u00f6ver utan on\u00f6diga st\u00f6rningar.<\/p>\n<p data-start=\"938\" data-end=\"1305\">Den \u00e4r perfekt f\u00f6r installation i h\u00f6gar p\u00e5 upp till 3,0 meter och kan monteras p\u00e5 antingen v\u00e4nster eller h\u00f6ger sida av det skyddade omr\u00e5det, vilket ger flexibilitet i installationsalternativen.<\/p>\n<p data-start=\"1307\" data-end=\"1526\">F\u00f6r \u00f6kad anv\u00e4ndarv\u00e4nlighet har detektorn en enkel process f\u00f6r batteribyte, samt funktioner f\u00f6r fj\u00e4rrkonfiguration och diagnostik, vilket g\u00f6r service och underh\u00e5ll effektivare och minskar behovet av on\u00f6diga serviceturer.<\/p>\n<p><iframe title=\"Wicomm Smart Hub US\" width=\"1170\" height=\"658\" src=\"https:\/\/www.youtube.com\/embed\/5PHoH2dRjEs?feature=oembed\" frameborder=\"0\" allow=\"accelerometer; autoplay; clipboard-write; encrypted-media; gyroscope; picture-in-picture; web-share\" referrerpolicy=\"strict-origin-when-cross-origin\" allowfullscreen><\/iframe><\/p>\n<\/div>","protected":false},"excerpt":{"rendered":"<p>Den tr\u00e5dl\u00f6sa rid\u00e5detektorn WiComm Pro Agility4 f\u00f6r utomhusbruk erbjuder o\u00f6vertr\u00e4ffad s\u00e4kerhet med dubbel teknik, aktiv IR-antimask och justerbar k\u00e4nslighet.<\/p>\n<p>Perfekt f\u00f6r breda omr\u00e5den och flexibel installation.<\/p>","protected":false},"featured_media":93733,"template":"","meta":{"_acf_changed":false},"product_brand":[],"product_cat":[2721,2717,2723],"product_tag":[],"class_list":{"0":"post-34867","1":"product","2":"type-product","3":"status-publish","4":"has-post-thumbnail","6":"product_cat-larmenheter-risco-larm","7":"product_cat-risco-larm","8":"product_cat-utomhusdetektorer","9":"product_shipping_class-postnord-varubrev","10":"pa_risco-produkter-agility-4","11":"pa_wicomm-pro-kategorier-ridadetektor","12":"tm-no-options","14":"first","15":"outofstock","16":"sale","17":"featured","18":"taxable","19":"shipping-taxable","20":"product-type-simple"},"acf":[],"_links":{"self":[{"href":"https:\/\/stonehouse.se\/en\/wp-json\/wp\/v2\/product\/34867","targetHints":{"allow":["GET"]}}],"collection":[{"href":"https:\/\/stonehouse.se\/en\/wp-json\/wp\/v2\/product"}],"about":[{"href":"https:\/\/stonehouse.se\/en\/wp-json\/wp\/v2\/types\/product"}],"wp:featuredmedia":[{"embeddable":true,"href":"https:\/\/stonehouse.se\/en\/wp-json\/wp\/v2\/media\/93733"}],"wp:attachment":[{"href":"https:\/\/stonehouse.se\/en\/wp-json\/wp\/v2\/media?parent=34867"}],"wp:term":[{"taxonomy":"product_brand","embeddable":true,"href":"https:\/\/stonehouse.se\/en\/wp-json\/wp\/v2\/product_brand?post=34867"},{"taxonomy":"product_cat","embeddable":true,"href":"https:\/\/stonehouse.se\/en\/wp-json\/wp\/v2\/product_cat?post=34867"},{"taxonomy":"product_tag","embeddable":true,"href":"https:\/\/stonehouse.se\/en\/wp-json\/wp\/v2\/product_tag?post=34867"}],"curies":[{"name":"wp","href":"https:\/\/api.w.org\/{rel}","templated":true}]}}