
{"id":34868,"date":"2022-03-10T14:57:00","date_gmt":"2022-03-10T13:57:00","guid":{"rendered":"https:\/\/stonehouse.se\/produkt\/agility-4-centralenhet-rmv132v-gsm-tal\/"},"modified":"2025-12-31T19:36:35","modified_gmt":"2025-12-31T18:36:35","slug":"risco-centralenhet-agililty4-utgar","status":"publish","type":"product","link":"https:\/\/stonehouse.se\/en\/product\/risco-centralenhet-agililty4-utgar\/","title":{"rendered":"Risco Centralenhet Agililty4 &#8211; UTG\u00c5R"},"content":{"rendered":"<h1>Risco Centralenhet Agililty4 &#8211; UTG\u00c5R<\/h1>\n<p data-start=\"502\" data-end=\"836\">Risco Agility4 (mod. RMV132V) \u00e4r ett avancerat och moduluppbyggt tr\u00e5dl\u00f6st s\u00e4kerhetssystem som erbjuder omfattande skydd f\u00f6r b\u00e5de bost\u00e4der och kommersiella fastigheter.<\/p>\n<p data-start=\"502\" data-end=\"836\">Med en modern och elegant design ger Agility4 ett robust skydd mot intr\u00e5ng, brand och andra s\u00e4kerhetsrisker, och \u00e4r anpassningsbart f\u00f6r att m\u00f6ta dina specifika behov.<\/p>\n<p data-start=\"838\" data-end=\"1215\">Systemet \u00e4r utrustat med b\u00e5de utomhus- och inomhusskydd, vilket g\u00f6r det idealiskt f\u00f6r att skydda alla delar av en byggnad.<\/p>\n<p data-start=\"838\" data-end=\"1215\">Agility4 erbjuder \u00e4ven tr\u00e5dl\u00f6s visuell verifiering, vilket ger en interaktiv och automatisk s\u00e4kerhetsl\u00f6sning.<\/p>\n<p data-start=\"838\" data-end=\"1215\">Detta g\u00f6r det m\u00f6jligt f\u00f6r anv\u00e4ndare att f\u00e5 realtidsvideoverifiering av h\u00e4ndelser, vilket f\u00f6rb\u00e4ttrar s\u00e4kerheten och minskar risken f\u00f6r falsklarm.<\/p>\n<p data-start=\"1217\" data-end=\"1513\">En av de mest anv\u00e4ndbara funktionerna i Agility4 \u00e4r den inbyggda taggl\u00e4saren, vilket inneb\u00e4r att du inte beh\u00f6ver komma ih\u00e5g koder f\u00f6r att till- eller fr\u00e5nkoppla larmet.<\/p>\n<p data-start=\"1217\" data-end=\"1513\">Taggl\u00e4saren g\u00f6r det b\u00e5de snabbt och enkelt att styra systemet, samtidigt som den f\u00f6rb\u00e4ttrar anv\u00e4ndarv\u00e4nligheten och s\u00e4kerheten.<\/p>\n<p data-start=\"1515\" data-end=\"1755\">Agility4 \u00e4r ett flexibelt system som kan anpassas och ut\u00f6kas efter behov. Oavsett om du vill l\u00e4gga till fler sensorer, kameror eller andra s\u00e4kerhetskomponenter, kan systemet enkelt uppgraderas f\u00f6r att m\u00f6ta f\u00f6r\u00e4ndrade s\u00e4kerhetskrav \u00f6ver tid.<\/p>\n<p data-start=\"1757\" data-end=\"1787\"><strong data-start=\"1757\" data-end=\"1785\">Huvudsakliga Funktioner:<\/strong><\/p>\n<ul data-start=\"1788\" data-end=\"2322\">\n<li data-start=\"1788\" data-end=\"1844\">\n<p data-start=\"1790\" data-end=\"1844\"><strong data-start=\"1790\" data-end=\"1815\">Moduluppbyggt system:<\/strong> L\u00e4tt att anpassa och ut\u00f6ka<\/p>\n<\/li>\n<li data-start=\"1845\" data-end=\"1901\">\n<p data-start=\"1847\" data-end=\"1901\"><strong data-start=\"1847\" data-end=\"1870\">Tr\u00e5dl\u00f6st och smart:<\/strong> Enkel installation och drift<\/p>\n<\/li>\n<li data-start=\"1902\" data-end=\"1975\">\n<p data-start=\"1904\" data-end=\"1975\"><strong data-start=\"1904\" data-end=\"1928\">Visuell verifiering:<\/strong> Tr\u00e5dl\u00f6s video\u00f6vervakning f\u00f6r b\u00e4ttre s\u00e4kerhet<\/p>\n<\/li>\n<li data-start=\"1976\" data-end=\"2058\">\n<p data-start=\"1978\" data-end=\"2058\"><strong data-start=\"1978\" data-end=\"2001\">Inbyggd taggl\u00e4sare:<\/strong> Ingen kod beh\u00f6vs f\u00f6r att till- eller fr\u00e5nkoppla larmet<\/p>\n<\/li>\n<li data-start=\"2059\" data-end=\"2132\">\n<p data-start=\"2061\" data-end=\"2132\"><strong data-start=\"2061\" data-end=\"2078\">Flexibilitet:<\/strong> Kan anpassas f\u00f6r att m\u00f6ta f\u00f6r\u00e4ndrade s\u00e4kerhetsbehov<\/p>\n<\/li>\n<li data-start=\"2133\" data-end=\"2225\">\n<p data-start=\"2135\" data-end=\"2225\"><strong data-start=\"2135\" data-end=\"2167\">Skydd mot intr\u00e5ng och brand:<\/strong> Fullst\u00e4ndigt skydd f\u00f6r b\u00e5de inomhus- och utomhusomr\u00e5den<\/p>\n<\/li>\n<li data-start=\"2226\" data-end=\"2322\">\n<p data-start=\"2228\" data-end=\"2322\"><strong data-start=\"2228\" data-end=\"2251\">L\u00e4tt att f\u00f6rb\u00e4ttra:<\/strong> Systemet kan uppgraderas f\u00f6r att inkludera fler funktioner och enheter<\/p>\n<\/li>\n<\/ul>\n<p data-start=\"2324\" data-end=\"2355\"><strong data-start=\"2324\" data-end=\"2353\">Tekniska Specifikationer:<\/strong><\/p>\n<ul data-start=\"2356\" data-end=\"2671\">\n<li data-start=\"2356\" data-end=\"2384\">\n<p data-start=\"2358\" data-end=\"2384\"><strong data-start=\"2358\" data-end=\"2374\">Modulnummer:<\/strong> RMV132V<\/p>\n<\/li>\n<li data-start=\"2385\" data-end=\"2443\">\n<p data-start=\"2387\" data-end=\"2443\"><strong data-start=\"2387\" data-end=\"2419\">Leverant\u00f6rens artikelnummer:<\/strong> RW132V \/ RW132V87E0B0<\/p>\n<\/li>\n<li data-start=\"2444\" data-end=\"2510\">\n<p data-start=\"2446\" data-end=\"2510\"><strong data-start=\"2446\" data-end=\"2467\">Skyddsfunktioner:<\/strong> Intr\u00e5ngsskydd, brandskydd, trygghetslarm<\/p>\n<\/li>\n<li data-start=\"2511\" data-end=\"2570\">\n<p data-start=\"2513\" data-end=\"2570\"><strong data-start=\"2513\" data-end=\"2532\">Anpassningsbar:<\/strong> Flexibel och kan byggas ut \u00f6ver tid<\/p>\n<\/li>\n<li data-start=\"2571\" data-end=\"2630\">\n<p data-start=\"2573\" data-end=\"2630\"><strong data-start=\"2573\" data-end=\"2588\">Taggl\u00e4sare:<\/strong> Inbyggd f\u00f6r att f\u00f6renkla systemkontroll<\/p>\n<\/li>\n<li data-start=\"2631\" data-end=\"2671\">\n<p data-start=\"2633\" data-end=\"2671\"><strong data-start=\"2633\" data-end=\"2644\">Design:<\/strong> Elegant och anv\u00e4ndarv\u00e4nlig<\/p>\n<\/li>\n<\/ul>\n<p data-start=\"2673\" data-end=\"2969\">Risco Agility4 \u00e4r en avancerad och p\u00e5litlig s\u00e4kerhetsl\u00f6sning som g\u00f6r det enkelt att h\u00e5lla ditt hem eller f\u00f6retag s\u00e4kert och skyddat mot alla typer av risker.<\/p>\n<p data-start=\"2673\" data-end=\"2969\">Med sin moduluppbyggda design kan systemet alltid anpassas efter dina behov, vilket g\u00f6r det till en l\u00e5ngsiktig investering i din trygghet.<\/p>","protected":false},"excerpt":{"rendered":"<p>Risco Agility4 \u00e4r ett tr\u00e5dl\u00f6st och smart s\u00e4kerhetssystem med moduluppbyggnad och anpassningsbar design.<\/p>\n<p>Det ger fullst\u00e4ndigt skydd mot intr\u00e5ng, brand och andra s\u00e4kerhetsrisker b\u00e5de inomhus och utomhus, och kan alltid f\u00f6rb\u00e4ttras och modifieras efter behov.<\/p>\n<p>Systemet inkluderar tr\u00e5dl\u00f6s visuell verifiering och en inbyggd taggl\u00e4sare f\u00f6r bekv\u00e4m anv\u00e4ndning.<\/p>","protected":false},"featured_media":85087,"template":"","meta":{"_acf_changed":false},"product_brand":[],"product_cat":[2718,2717],"product_tag":[],"class_list":{"0":"post-34868","1":"product","2":"type-product","3":"status-publish","4":"has-post-thumbnail","6":"product_cat-centralenheter-risco-larm","7":"product_cat-risco-larm","8":"product_shipping_class-postnord-varubrev","9":"pa_brands-4risco","10":"pa_risco-produkter-agility-4","11":"tm-no-options","13":"first","14":"outofstock","15":"sale","16":"featured","17":"taxable","18":"shipping-taxable","19":"product-type-simple"},"acf":[],"_links":{"self":[{"href":"https:\/\/stonehouse.se\/en\/wp-json\/wp\/v2\/product\/34868","targetHints":{"allow":["GET"]}}],"collection":[{"href":"https:\/\/stonehouse.se\/en\/wp-json\/wp\/v2\/product"}],"about":[{"href":"https:\/\/stonehouse.se\/en\/wp-json\/wp\/v2\/types\/product"}],"wp:featuredmedia":[{"embeddable":true,"href":"https:\/\/stonehouse.se\/en\/wp-json\/wp\/v2\/media\/85087"}],"wp:attachment":[{"href":"https:\/\/stonehouse.se\/en\/wp-json\/wp\/v2\/media?parent=34868"}],"wp:term":[{"taxonomy":"product_brand","embeddable":true,"href":"https:\/\/stonehouse.se\/en\/wp-json\/wp\/v2\/product_brand?post=34868"},{"taxonomy":"product_cat","embeddable":true,"href":"https:\/\/stonehouse.se\/en\/wp-json\/wp\/v2\/product_cat?post=34868"},{"taxonomy":"product_tag","embeddable":true,"href":"https:\/\/stonehouse.se\/en\/wp-json\/wp\/v2\/product_tag?post=34868"}],"curies":[{"name":"wp","href":"https:\/\/api.w.org\/{rel}","templated":true}]}}