
{"id":34871,"date":"2022-03-10T14:57:00","date_gmt":"2022-03-10T13:57:00","guid":{"rendered":"https:\/\/stonehouse.se\/produkt\/2-vags-tradlos-beyond-dual-tech-kband-detektor-med-kamera-inom-utomhus-agililty4-och-wicomm-pro\/"},"modified":"2025-05-27T11:50:08","modified_gmt":"2025-05-27T09:50:08","slug":"2-vags-tradlos-beyond-dual-tech-kameradetektor-utomhus-inomhus","status":"publish","type":"product","link":"https:\/\/stonehouse.se\/en\/product\/2-vags-tradlos-beyond-dual-tech-kameradetektor-utomhus-inomhus\/","title":{"rendered":"2 V\u00e4gs Tr\u00e5dl\u00f6s Beyond Dual-tech &#8211; Kameradetektor Utomhus\/Inomhus &#8211; Agility 4 och WiComm Pro"},"content":{"rendered":"<h1>Risco 2 V\u00e4gs Tr\u00e5dl\u00f6s Beyond Dual-tech &#8211; Kameradetektor Utomhus\/Inomhus &#8211; Agility 4 och WiComm Pro<\/h1>\n<p data-start=\"500\" data-end=\"887\">Den tr\u00e5dl\u00f6sa Risco 2 V\u00e4gs Beyond Dual-tech kameradetektorn \u00e4r idealisk f\u00f6r b\u00e5de inomhus- och utomhusbruk, kompatibel med Agility 4 och WiComm Pro.<\/p>\n<p data-start=\"500\" data-end=\"887\">Den erbjuder en dubbel detektionsteknik med mikrov\u00e5gssensor i K-band och tv\u00e5 separata PIR-sensorer, vilket g\u00f6r den extremt noggrann. Med en t\u00e4ckning p\u00e5 12 meter och en vinkel p\u00e5 90\u00ba, detekterar den r\u00f6relse effektivt.<\/p>\n<p data-start=\"889\" data-end=\"1210\">Kameradetektorn har WDR-teknik f\u00f6r att hantera b\u00e5de starkt ljus och skuggiga omr\u00e5den, och den \u00e4r dessutom utrustad med Risco Sway Recognition-teknik som utesluter sv\u00e4ngande och repetitivt r\u00f6rliga f\u00f6rem\u00e5l, vilket minskar risken f\u00f6r falska larm.<\/p>\n<p data-start=\"889\" data-end=\"1210\">Djurimmuniteten g\u00f6r att sm\u00e5 djur, upp till 50 cm i h\u00f6jd, inte utl\u00f6ser larmet.<\/p>\n<p data-start=\"1212\" data-end=\"1456\">Den har ett uppladdningsbart batteri som drivs med solenergi och kompletteras med 3 x CR123 3V litiumbatterier.<\/p>\n<p data-start=\"1212\" data-end=\"1456\">Med den extra solpanelen (tillvalsprodukt) f\u00f6rl\u00e4ngs batteriets livsl\u00e4ngd till 6 \u00e5r, medan det utan solpanel r\u00e4cker i upp till 3 \u00e5r.<\/p>\n<p data-start=\"1458\" data-end=\"1754\">En roterande kulled p\u00e5 180\u00b0 och variabel monteringsh\u00f6jd (fr\u00e5n 1,8 m till 2,7 m, optimal h\u00f6jd 2,2 m) g\u00f6r det enkelt att anpassa detektorn efter dina behov.<\/p>\n<p data-start=\"1458\" data-end=\"1754\">Kameradetektorn har ett brett temperaturintervall (-25 \u00baC till 65 \u00baC) och milj\u00f6skydd IP65, vilket g\u00f6r den l\u00e4mplig f\u00f6r alla v\u00e4derf\u00f6rh\u00e5llanden.<\/p>\n<p data-start=\"1756\" data-end=\"1787\"><strong data-start=\"1756\" data-end=\"1784\">Tekniska Specifikationer<\/strong>:<\/p>\n<ul data-start=\"1788\" data-end=\"2245\">\n<li data-start=\"1788\" data-end=\"1812\">\n<p data-start=\"1790\" data-end=\"1812\">T\u00e4ckning: 12 m \/ 90\u00ba<\/p>\n<\/li>\n<li data-start=\"1813\" data-end=\"1886\">\n<p data-start=\"1815\" data-end=\"1886\">Sensorer: 2-kanals K-band mikrov\u00e5gssensor och 2 separata PIR-sensorer<\/p>\n<\/li>\n<li data-start=\"1887\" data-end=\"1927\">\n<p data-start=\"1889\" data-end=\"1927\">Djurimmunitet: Upp till 50 cm i h\u00f6jd<\/p>\n<\/li>\n<li data-start=\"1928\" data-end=\"1989\">\n<p data-start=\"1930\" data-end=\"1989\">Uppladdningsbart batteri och 3 x CR123 3V litiumbatterier<\/p>\n<\/li>\n<li data-start=\"1990\" data-end=\"2036\">\n<p data-start=\"1992\" data-end=\"2036\">Batteritid: 3 \u00e5r (6 \u00e5r med extra solpanel)<\/p>\n<\/li>\n<li data-start=\"2037\" data-end=\"2063\">\n<p data-start=\"2039\" data-end=\"2063\">Roterande kulled: 180\u00b0<\/p>\n<\/li>\n<li data-start=\"2064\" data-end=\"2108\">\n<p data-start=\"2066\" data-end=\"2108\">Monteringsh\u00f6jd: 1,8\u20132,7 m, optimal 2,2 m<\/p>\n<\/li>\n<li data-start=\"2109\" data-end=\"2148\">\n<p data-start=\"2111\" data-end=\"2148\">Arbetstemperatur: -25 \u00baC till 65 \u00baC<\/p>\n<\/li>\n<li data-start=\"2149\" data-end=\"2170\">\n<p data-start=\"2151\" data-end=\"2170\">Milj\u00f6skydd: IP 65<\/p>\n<\/li>\n<li data-start=\"2171\" data-end=\"2198\">\n<p data-start=\"2173\" data-end=\"2198\">M\u00e5tt: 176 x 89 x 106 mm<\/p>\n<\/li>\n<li data-start=\"2199\" data-end=\"2245\">\n<p data-start=\"2201\" data-end=\"2245\">Kompatibilitet: Risco Agility 5.14 och h\u00f6gre<\/p>\n<\/li>\n<\/ul>","protected":false},"excerpt":{"rendered":"<p>Risco Beyond Dual-tech kameradetektor f\u00f6r b\u00e5de utomhus och inomhusbruk, designad f\u00f6r att anv\u00e4ndas med Agility 4 och WiComm Pro.<\/p>\n<p>Den kombinerar h\u00f6gkvalitativ WDR-kamera med mikrov\u00e5g och PIR-sensorer f\u00f6r tillf\u00f6rlitlig detektion och djurimmunitet.<\/p>","protected":false},"featured_media":23526,"template":"","meta":{"_acf_changed":false},"product_brand":[],"product_cat":[2717,2723],"product_tag":[1713,1755],"class_list":{"0":"post-34871","1":"product","2":"type-product","3":"status-publish","4":"has-post-thumbnail","6":"product_cat-risco-larm","7":"product_cat-utomhusdetektorer","8":"product_tag-paket-bundle-ej-disc-rules","9":"product_tag-rel-risco","10":"product_shipping_class-postnord-varubrev","11":"pa_brands-risco-group","12":"pa_risco-produkter-agility-4","13":"pa_wicomm-pro-kategorier-kameradetektorer","14":"tm-no-options","16":"first","17":"instock","18":"sale","19":"featured","20":"taxable","21":"shipping-taxable","22":"product-type-simple"},"acf":[],"_links":{"self":[{"href":"https:\/\/stonehouse.se\/en\/wp-json\/wp\/v2\/product\/34871","targetHints":{"allow":["GET"]}}],"collection":[{"href":"https:\/\/stonehouse.se\/en\/wp-json\/wp\/v2\/product"}],"about":[{"href":"https:\/\/stonehouse.se\/en\/wp-json\/wp\/v2\/types\/product"}],"wp:featuredmedia":[{"embeddable":true,"href":"https:\/\/stonehouse.se\/en\/wp-json\/wp\/v2\/media\/23526"}],"wp:attachment":[{"href":"https:\/\/stonehouse.se\/en\/wp-json\/wp\/v2\/media?parent=34871"}],"wp:term":[{"taxonomy":"product_brand","embeddable":true,"href":"https:\/\/stonehouse.se\/en\/wp-json\/wp\/v2\/product_brand?post=34871"},{"taxonomy":"product_cat","embeddable":true,"href":"https:\/\/stonehouse.se\/en\/wp-json\/wp\/v2\/product_cat?post=34871"},{"taxonomy":"product_tag","embeddable":true,"href":"https:\/\/stonehouse.se\/en\/wp-json\/wp\/v2\/product_tag?post=34871"}],"curies":[{"name":"wp","href":"https:\/\/api.w.org\/{rel}","templated":true}]}}