
{"id":34878,"date":"2022-03-10T14:57:00","date_gmt":"2022-03-10T13:57:00","guid":{"rendered":"https:\/\/stonehouse.se\/produkt\/2-vags-tradlos-rok-temperatur-detektor-agililty3-4-och-wicomm-pro\/"},"modified":"2026-01-22T10:09:35","modified_gmt":"2026-01-22T09:09:35","slug":"risco-rok-varmedetektor-2-vags","status":"publish","type":"product","link":"https:\/\/stonehouse.se\/en\/product\/risco-rok-varmedetektor-2-vags\/","title":{"rendered":"Risco R\u00f6k &amp; V\u00e4rmedetektor 2-v\u00e4gs"},"content":{"rendered":"<h1>Risco R\u00f6k &amp; V\u00e4rmedetektor 2-v\u00e4gs<\/h1>\n<p data-start=\"468\" data-end=\"829\">Risco 2-v\u00e4gs R\u00f6k &amp; V\u00e4rmedetektor RWX35S00800C \u00e4r en innovativ och effektiv l\u00f6sning f\u00f6r branddetektering, designad f\u00f6r att passa i alla typer av milj\u00f6er \u2013 fr\u00e5n bost\u00e4der till kommersiella utrymmen.<\/p>\n<p data-start=\"468\" data-end=\"829\">Den h\u00e4r detektorn kombinerar b\u00e5de r\u00f6k- och v\u00e4rmedetektering i en enhet, vilket g\u00f6r den till en utm\u00e4rkt val f\u00f6r att s\u00e4kerst\u00e4lla optimal s\u00e4kerhet och brand\u00f6vervakning.<\/p>\n<p data-start=\"831\" data-end=\"1154\"><strong data-start=\"831\" data-end=\"849\">R\u00f6kdetektering<\/strong><br data-start=\"849\" data-end=\"852\" \/>Risco RWX35 anv\u00e4nder en ny avancerad fotoelektrisk kammare och en utvecklad detekteringsalgoritm som uppfyller EN14604-standarden f\u00f6r r\u00f6kdetektering.<\/p>\n<p data-start=\"831\" data-end=\"1154\">Denna teknik g\u00f6r det m\u00f6jligt att snabbt och effektivt detektera r\u00f6k vid en brand, vilket ger anv\u00e4ndarna v\u00e4rdefull tid att vidta \u00e5tg\u00e4rder och skydda sig.<\/p>\n<p data-start=\"1156\" data-end=\"1468\"><strong data-start=\"1156\" data-end=\"1176\">V\u00e4rmedetektering<\/strong><br data-start=\"1176\" data-end=\"1179\" \/>Detektorn \u00f6vervakar temperaturen med fyra separata v\u00e4rmesensorer som m\u00e4ter b\u00e5de stigningshastighet och absolut temperatur.<\/p>\n<p data-start=\"1156\" data-end=\"1468\">Denna dubbla metod f\u00f6r temperatur\u00f6vervakning g\u00f6r att detektorn kan reagera p\u00e5 en potentiell brand snabbare och mer noggrant, vilket ytterligare f\u00f6rb\u00e4ttrar s\u00e4kerheten.<\/p>\n<p data-start=\"1470\" data-end=\"2006\"><strong data-start=\"1470\" data-end=\"1507\">Enkel installation och anv\u00e4ndning<\/strong><br data-start=\"1507\" data-end=\"1510\" \/>Designen av RWX35 g\u00f6r installationen snabb och enkel. Den \u00e4r kompatibel med alla RISCO Groups hybrid- och tr\u00e5dl\u00f6sa system, inklusive Agility3, Agility4 och WiComm Pro, och anv\u00e4nder 2-v\u00e4gs kommunikation f\u00f6r att s\u00e4kerst\u00e4lla kontinuerlig och p\u00e5litlig \u00f6vervakning.<\/p>\n<p data-start=\"1470\" data-end=\"2006\">F\u00f6r att s\u00e4kerst\u00e4lla att detektorn fungerar korrekt kan anv\u00e4ndare enkelt trycka p\u00e5 tryckplattan f\u00f6r att aktivera brandlarmet och bekr\u00e4fta att systemet fungerar som det ska. F\u00f6r \u00e5terst\u00e4llning trycker man p\u00e5 knappen f\u00f6r att sl\u00e4cka larmet.<\/p>\n<p data-start=\"2008\" data-end=\"2038\"><strong data-start=\"2008\" data-end=\"2036\">Huvudsakliga Funktioner:<\/strong><\/p>\n<ul data-start=\"2039\" data-end=\"2536\">\n<li data-start=\"2039\" data-end=\"2117\">\n<p data-start=\"2041\" data-end=\"2117\">R\u00f6kdetektion: Fotoelektrisk kammare och avancerad detekteringsalgoritm<\/p>\n<\/li>\n<li data-start=\"2118\" data-end=\"2224\">\n<p data-start=\"2120\" data-end=\"2224\">V\u00e4rmedetektion: Fyra separata v\u00e4rmesensorer f\u00f6r att m\u00e4ta temperaturstigning och absolut temperatur<\/p>\n<\/li>\n<li data-start=\"2225\" data-end=\"2320\">\n<p data-start=\"2227\" data-end=\"2320\">Enkel testning: Tryckplatta f\u00f6r att aktivera brandlarm och s\u00e4kerst\u00e4lla korrekt funktion<\/p>\n<\/li>\n<li data-start=\"2321\" data-end=\"2404\">\n<p data-start=\"2323\" data-end=\"2404\">Tr\u00e5dl\u00f6s 2-v\u00e4gs kommunikation: Kompatibel med Agility3, Agility4, WiComm Pro<\/p>\n<\/li>\n<li data-start=\"2405\" data-end=\"2473\">\n<p data-start=\"2407\" data-end=\"2473\">L\u00e5ng batterilivsl\u00e4ngd: Drivs av 4 x CR123 3V litiumbatterier<\/p>\n<\/li>\n<li data-start=\"2474\" data-end=\"2536\">\n<p data-start=\"2476\" data-end=\"2536\">Elegant design: Sm\u00e4lter l\u00e4tt in i alla hush\u00e5llsmilj\u00f6er<\/p>\n<\/li>\n<\/ul>\n<p data-start=\"2538\" data-end=\"2569\"><strong data-start=\"2538\" data-end=\"2567\">Tekniska Specifikationer:<\/strong><\/p>\n<ul data-start=\"2570\" data-end=\"2952\">\n<li data-start=\"2570\" data-end=\"2595\">\n<p data-start=\"2572\" data-end=\"2595\">Frekvens: 868 MHz<\/p>\n<\/li>\n<li data-start=\"2596\" data-end=\"2656\">\n<p data-start=\"2598\" data-end=\"2656\">Batterityp: 4 x CR123 3V litiumbatterier (medf\u00f6ljer)<\/p>\n<\/li>\n<li data-start=\"2657\" data-end=\"2711\">\n<p data-start=\"2659\" data-end=\"2711\">Kompatibilitet: Agility3, Agility4, WiComm Pro<\/p>\n<\/li>\n<li data-start=\"2712\" data-end=\"2779\">\n<p data-start=\"2714\" data-end=\"2779\">R\u00f6kdetektering: Uppfyller EN14604 med fotoelektrisk kammare<\/p>\n<\/li>\n<li data-start=\"2780\" data-end=\"2838\">\n<p data-start=\"2782\" data-end=\"2838\">Temperatur\u00f6vervakning: Fyra separata v\u00e4rmesensorer<\/p>\n<\/li>\n<li data-start=\"2839\" data-end=\"2902\">\n<p data-start=\"2841\" data-end=\"2902\">M\u00e5tt: Kompakt och diskret design f\u00f6r enkel installation<\/p>\n<\/li>\n<li data-start=\"2903\" data-end=\"2952\">\n<p data-start=\"2905\" data-end=\"2952\">Leverant\u00f6rens artikelnummer: RWX35S00800C<\/p>\n<\/li>\n<\/ul>\n<p data-start=\"2954\" data-end=\"3255\">Risco 2-v\u00e4gs R\u00f6k &amp; V\u00e4rmedetektor erbjuder en p\u00e5litlig och effektiv l\u00f6sning f\u00f6r att uppt\u00e4cka b\u00e5de r\u00f6k och v\u00e4rme i ett enda system.<\/p>\n<p data-start=\"2954\" data-end=\"3255\">Med enkel installation och anv\u00e4ndning, samt h\u00f6g s\u00e4kerhet och l\u00e5ng batterilivsl\u00e4ngd, \u00e4r denna detektor en utm\u00e4rkt komponent f\u00f6r att skydda ditt hem eller f\u00f6retag mot brand.<\/p>","protected":false},"excerpt":{"rendered":"<p>Risco 2-v\u00e4gs R\u00f6k &amp; V\u00e4rmedetektor RWX35S00800C kombinerar r\u00f6k- och v\u00e4rmedetektering i en enhet, med avancerad fotoelektrisk teknik och temperatur\u00f6vervakning.<\/p>\n<p>Designad f\u00f6r att passa in i alla milj\u00f6er, den erbjuder h\u00f6g s\u00e4kerhet med enkel installation och integration i RISCOs tr\u00e5dl\u00f6sa system.<\/p>","protected":false},"featured_media":84827,"template":"","meta":{"_acf_changed":false},"product_brand":[],"product_cat":[2721,2717],"product_tag":[2638],"class_list":{"0":"post-34878","1":"product","2":"type-product","3":"status-publish","4":"has-post-thumbnail","6":"product_cat-larmenheter-risco-larm","7":"product_cat-risco-larm","8":"product_tag-cr123-tillbehor","9":"product_shipping_class-postnord-varubrev","10":"pa_brands-4risco","11":"pa_risco-produkter-agility-3","12":"pa_risco-produkter-agility-4","13":"pa_wicomm-pro-kategorier-rokdetektorer","14":"tm-no-options","16":"first","17":"onbackorder","18":"sale","19":"featured","20":"taxable","21":"shipping-taxable","22":"product-type-simple"},"acf":[],"_links":{"self":[{"href":"https:\/\/stonehouse.se\/en\/wp-json\/wp\/v2\/product\/34878","targetHints":{"allow":["GET"]}}],"collection":[{"href":"https:\/\/stonehouse.se\/en\/wp-json\/wp\/v2\/product"}],"about":[{"href":"https:\/\/stonehouse.se\/en\/wp-json\/wp\/v2\/types\/product"}],"wp:featuredmedia":[{"embeddable":true,"href":"https:\/\/stonehouse.se\/en\/wp-json\/wp\/v2\/media\/84827"}],"wp:attachment":[{"href":"https:\/\/stonehouse.se\/en\/wp-json\/wp\/v2\/media?parent=34878"}],"wp:term":[{"taxonomy":"product_brand","embeddable":true,"href":"https:\/\/stonehouse.se\/en\/wp-json\/wp\/v2\/product_brand?post=34878"},{"taxonomy":"product_cat","embeddable":true,"href":"https:\/\/stonehouse.se\/en\/wp-json\/wp\/v2\/product_cat?post=34878"},{"taxonomy":"product_tag","embeddable":true,"href":"https:\/\/stonehouse.se\/en\/wp-json\/wp\/v2\/product_tag?post=34878"}],"curies":[{"name":"wp","href":"https:\/\/api.w.org\/{rel}","templated":true}]}}