
{"id":34882,"date":"2022-03-10T14:57:00","date_gmt":"2022-03-10T13:57:00","guid":{"rendered":"https:\/\/stonehouse.se\/produkt\/rorelsesensor-t95p-digital-ir-15-x-15-meter-med-husdjursimmunitet\/"},"modified":"2026-01-16T18:49:14","modified_gmt":"2026-01-16T17:49:14","slug":"risco-rorelsevakt-husdjur-rorelsedetektor-2-vags-t95-pet","status":"publish","type":"product","link":"https:\/\/stonehouse.se\/en\/product\/risco-rorelsevakt-husdjur-rorelsedetektor-2-vags-t95-pet\/","title":{"rendered":"Risco R\u00f6relsevakt + Husdjur R\u00f6relsedetektor 2-v\u00e4gs T95 Pet"},"content":{"rendered":"<h1>Risco R\u00f6relsevakt + Husdjur R\u00f6relsedetektor 2-v\u00e4gs T95 Pet<\/h1>\n<p data-start=\"410\" data-end=\"738\">Risco 2-v\u00e4gs R\u00f6relsesensor T95 Pet (mod. RWX95P86800) \u00e4r en digital tr\u00e5dl\u00f6s passiv infrar\u00f6d (PIR) detektor som \u00e4r perfekt f\u00f6r anv\u00e4ndning i hem, kontor och sm\u00e5 kommersiella installationer.<\/p>\n<p data-start=\"410\" data-end=\"738\">Denna detektor har en r\u00e4ckvidd p\u00e5 12&#215;12 meter (40&#8217;x40&#8242;) och erbjuder ett brett synf\u00e4lt f\u00f6r att s\u00e4kerst\u00e4lla att inget omr\u00e5de l\u00e4mnas oskyddat.<\/p>\n<p data-start=\"740\" data-end=\"1129\"><strong data-start=\"740\" data-end=\"761\">Husdjursimmunitet<\/strong><br data-start=\"761\" data-end=\"764\" \/>En av de mest anm\u00e4rkningsv\u00e4rda funktionerna i T95 Pet \u00e4r dess husdjursimmunitet. Den har ett variabelt husdjurstr\u00f6skel (VPT\u2122) som g\u00f6r den idealisk f\u00f6r milj\u00f6er med husdjur, d\u00e5 den kan ignorera r\u00f6relser fr\u00e5n husdjur upp till 36 kg (80 lb).<\/p>\n<p data-start=\"740\" data-end=\"1129\">Detta g\u00f6r att detektorn \u00e4r perfekt f\u00f6r hush\u00e5ll eller kontor d\u00e4r sm\u00e5 till medelstora husdjur finns, utan att orsaka falska larm.<\/p>\n<p data-start=\"1131\" data-end=\"1453\"><strong data-start=\"1131\" data-end=\"1163\">2-v\u00e4gs Tr\u00e5dl\u00f6s Kommunikation<\/strong><br data-start=\"1163\" data-end=\"1166\" \/>T95 Pet anv\u00e4nder 2-v\u00e4gs tr\u00e5dl\u00f6s kommunikation, vilket erbjuder h\u00f6gre s\u00e4kerhet genom minskad tr\u00e5dl\u00f6s \u00f6verbelastning och effektiv fj\u00e4rrkontroll och diagnostik.<\/p>\n<p data-start=\"1131\" data-end=\"1453\">Denna funktion g\u00f6r det l\u00e4ttare att h\u00e5lla systemet optimalt, samtidigt som RF-kommunikationen h\u00e5lls l\u00e5g f\u00f6r att minska st\u00f6rningar.<\/p>\n<p data-start=\"1455\" data-end=\"1735\"><strong data-start=\"1455\" data-end=\"1487\">Intelligent Signalbehandling<\/strong><br data-start=\"1487\" data-end=\"1490\" \/>Den digitala signalbehandlingen s\u00e4kerst\u00e4ller att detektorn kan uppt\u00e4cka r\u00f6relse exakt och p\u00e5litligt.<\/p>\n<p data-start=\"1455\" data-end=\"1735\">Den \u00e4r ocks\u00e5 utrustad med en skyddssensorhylsa som f\u00f6rhindrar falsklarm fr\u00e5n sm\u00e5 insekter, vilket g\u00f6r att systemet blir \u00e4nnu mer tillf\u00f6rlitligt.<\/p>\n<p data-start=\"1737\" data-end=\"2023\"><strong data-start=\"1737\" data-end=\"1755\">Valfria Linser<\/strong><br data-start=\"1755\" data-end=\"1758\" \/>F\u00f6r att ytterligare anpassa systemet efter specifika behov erbjuder T95 Pet valfria linser som kan anv\u00e4ndas f\u00f6r att skr\u00e4ddarsy t\u00e4ckningen.<\/p>\n<p data-start=\"1737\" data-end=\"2023\">Anv\u00e4nd den standardlinsen f\u00f6r 12 meters (40\u2019) t\u00e4ckning eller v\u00e4lj gardinlins f\u00f6r att skydda l\u00e4ngre avst\u00e5nd (upp till 23m\/75&#8242;).<\/p>\n<p data-start=\"2025\" data-end=\"2055\"><strong data-start=\"2025\" data-end=\"2053\">Huvudsakliga Funktioner:<\/strong><\/p>\n<ul data-start=\"2056\" data-end=\"2581\">\n<li data-start=\"2056\" data-end=\"2105\">\n<p data-start=\"2058\" data-end=\"2105\"><strong data-start=\"2058\" data-end=\"2071\">T\u00e4ckning:<\/strong> 12&#215;12 meter (40&#8217;x40&#8242;) vidvinkel<\/p>\n<\/li>\n<li data-start=\"2106\" data-end=\"2191\">\n<p data-start=\"2108\" data-end=\"2191\"><strong data-start=\"2108\" data-end=\"2130\">Husdjursimmunitet:<\/strong> Upp till 36 kg (80 lb) med variabel husdjurstr\u00f6skel (VPT\u2122)<\/p>\n<\/li>\n<li data-start=\"2192\" data-end=\"2273\">\n<p data-start=\"2194\" data-end=\"2273\"><strong data-start=\"2194\" data-end=\"2227\">2-v\u00e4gs tr\u00e5dl\u00f6s kommunikation:<\/strong> H\u00f6gre s\u00e4kerhet och minskad RF-kommunikation<\/p>\n<\/li>\n<li data-start=\"2274\" data-end=\"2344\">\n<p data-start=\"2276\" data-end=\"2344\"><strong data-start=\"2276\" data-end=\"2309\">Intelligent signalbehandling:<\/strong> F\u00f6r exakt detektering av r\u00f6relse<\/p>\n<\/li>\n<li data-start=\"2345\" data-end=\"2433\">\n<p data-start=\"2347\" data-end=\"2433\"><strong data-start=\"2347\" data-end=\"2371\">Skydd mot falsklarm:<\/strong> Skyddssensorhylsa f\u00f6r att f\u00f6rhindra falsklarm fr\u00e5n insekter<\/p>\n<\/li>\n<li data-start=\"2434\" data-end=\"2500\">\n<p data-start=\"2436\" data-end=\"2500\"><strong data-start=\"2436\" data-end=\"2455\">Valfria linser:<\/strong> 12m gardinlins eller 23m l\u00e5ngdistanslinser<\/p>\n<\/li>\n<li data-start=\"2501\" data-end=\"2581\">\n<p data-start=\"2503\" data-end=\"2581\"><strong data-start=\"2503\" data-end=\"2522\">Compatibility:<\/strong> Agility\u21223, Agility\u21224, WiComm Pro, och andra Risco-system<\/p>\n<\/li>\n<\/ul>\n<p data-start=\"2583\" data-end=\"2614\"><strong data-start=\"2583\" data-end=\"2612\">Tekniska Specifikationer:<\/strong><\/p>\n<ul data-start=\"2615\" data-end=\"2917\">\n<li data-start=\"2615\" data-end=\"2650\">\n<p data-start=\"2617\" data-end=\"2650\"><strong data-start=\"2617\" data-end=\"2630\">R\u00e4ckvidd:<\/strong> 12&#215;12 m (40&#8217;x40&#8242;)<\/p>\n<\/li>\n<li data-start=\"2651\" data-end=\"2736\">\n<p data-start=\"2653\" data-end=\"2736\"><strong data-start=\"2653\" data-end=\"2675\">Husdjursimmunitet:<\/strong> Upp till 36 kg (80 lb) med variabel husdjurstr\u00f6skel (VPT\u2122)<\/p>\n<\/li>\n<li data-start=\"2737\" data-end=\"2774\">\n<p data-start=\"2739\" data-end=\"2774\"><strong data-start=\"2739\" data-end=\"2757\">Kommunikation:<\/strong> 2-v\u00e4gs tr\u00e5dl\u00f6s<\/p>\n<\/li>\n<li data-start=\"2775\" data-end=\"2816\">\n<p data-start=\"2777\" data-end=\"2816\"><strong data-start=\"2777\" data-end=\"2789\">Batteri:<\/strong> 3V litiumbatteri (ing\u00e5r)<\/p>\n<\/li>\n<li data-start=\"2817\" data-end=\"2868\">\n<p data-start=\"2819\" data-end=\"2868\"><strong data-start=\"2819\" data-end=\"2828\">M\u00e5tt:<\/strong> Kompakt design f\u00f6r enkel installation<\/p>\n<\/li>\n<li data-start=\"2869\" data-end=\"2917\">\n<p data-start=\"2871\" data-end=\"2917\"><strong data-start=\"2871\" data-end=\"2903\">Leverant\u00f6rens artikelnummer:<\/strong> RWX95P86800<\/p>\n<\/li>\n<\/ul>\n<p data-start=\"2919\" data-end=\"3223\">Risco 2-v\u00e4gs R\u00f6relsesensor T95 Pet \u00e4r den perfekta l\u00f6sningen f\u00f6r att s\u00e4kerst\u00e4lla att ditt s\u00e4kerhetssystem fungerar effektivt utan att orsaka falska larm n\u00e4r husdjur \u00e4r n\u00e4rvarande.<\/p>\n<p data-start=\"2919\" data-end=\"3223\">Med l\u00e5ng r\u00e4ckvidd, intelligent signalbehandling och husdjursimmunitet, erbjuder denna detektor h\u00f6g s\u00e4kerhet och p\u00e5litlighet.<\/p>","protected":false},"excerpt":{"rendered":"<p>Risco 2-v\u00e4gs R\u00f6relsesensor T95 Pet \u00e4r en digital tr\u00e5dl\u00f6s PIR-detektor med husdjursimmunitet upp till 36 kg.<\/p>\n<p>Den erbjuder en t\u00e4ckning p\u00e5 12&#215;12 m och anv\u00e4nder intelligent signalbehandling f\u00f6r att f\u00f6rhindra falsklarm.<\/p>","protected":false},"featured_media":84900,"template":"","meta":{"_acf_changed":false},"product_brand":[],"product_cat":[2721,2717],"product_tag":[],"class_list":{"0":"post-34882","1":"product","2":"type-product","3":"status-publish","4":"has-post-thumbnail","6":"product_cat-larmenheter-risco-larm","7":"product_cat-risco-larm","8":"product_shipping_class-postnord-varubrev","9":"pa_brands-4risco","10":"pa_risco-produkter-agility-3","11":"pa_risco-produkter-agility-4","12":"tm-no-options","14":"first","15":"instock","16":"sale","17":"featured","18":"taxable","19":"shipping-taxable","20":"product-type-simple"},"acf":[],"_links":{"self":[{"href":"https:\/\/stonehouse.se\/en\/wp-json\/wp\/v2\/product\/34882","targetHints":{"allow":["GET"]}}],"collection":[{"href":"https:\/\/stonehouse.se\/en\/wp-json\/wp\/v2\/product"}],"about":[{"href":"https:\/\/stonehouse.se\/en\/wp-json\/wp\/v2\/types\/product"}],"wp:featuredmedia":[{"embeddable":true,"href":"https:\/\/stonehouse.se\/en\/wp-json\/wp\/v2\/media\/84900"}],"wp:attachment":[{"href":"https:\/\/stonehouse.se\/en\/wp-json\/wp\/v2\/media?parent=34882"}],"wp:term":[{"taxonomy":"product_brand","embeddable":true,"href":"https:\/\/stonehouse.se\/en\/wp-json\/wp\/v2\/product_brand?post=34882"},{"taxonomy":"product_cat","embeddable":true,"href":"https:\/\/stonehouse.se\/en\/wp-json\/wp\/v2\/product_cat?post=34882"},{"taxonomy":"product_tag","embeddable":true,"href":"https:\/\/stonehouse.se\/en\/wp-json\/wp\/v2\/product_tag?post=34882"}],"curies":[{"name":"wp","href":"https:\/\/api.w.org\/{rel}","templated":true}]}}