
{"id":34883,"date":"2022-03-10T14:57:00","date_gmt":"2022-03-10T13:57:00","guid":{"rendered":"https:\/\/stonehouse.se\/produkt\/sladdstall-2m-skx-2x075\/"},"modified":"2025-12-31T19:41:54","modified_gmt":"2025-12-31T18:41:54","slug":"sladdstall-2m-skx-2x075-risco","status":"publish","type":"product","link":"https:\/\/stonehouse.se\/en\/product\/sladdstall-2m-skx-2x075-risco\/","title":{"rendered":"Sladd Transformator Sladdst\u00e4ll  2m SKX 2&#215;0,75"},"content":{"rendered":"<table class=\"light-cement-grey regular-table\">\n<tbody>\n<tr>\n<td>Anslutning 1<\/td>\n<td>CEE 7\/16 EURO-kontakt<\/td>\n<\/tr>\n<tr>\n<td>Anslutning 2<\/td>\n<td>Ingen<\/td>\n<\/tr>\n<tr>\n<td>Systembundet anslutningssystem<\/td>\n<td>Nej<\/td>\n<\/tr>\n<tr>\n<td>Antal ledare<\/td>\n<td>2<\/td>\n<\/tr>\n<tr>\n<td>Ledarens nominella area<\/td>\n<td>0,75 mm\u00b2<\/td>\n<\/tr>\n<tr>\n<td>L\u00e4ngd<\/td>\n<td>2 m<\/td>\n<\/tr>\n<tr>\n<td>Material yttre mantel<\/td>\n<td>PVC (Polyvinylklorid)<\/td>\n<\/tr>\n<tr>\n<td>Nominell sp\u00e4nning<\/td>\n<td>300 V<\/td>\n<\/tr>\n<tr>\n<td>F\u00e4rg yttre mantel<\/td>\n<td>Vit<\/td>\n<\/tr>\n<tr>\n<td>SIR detektor alkabel<\/td>\n<td>Nej<\/td>\n<\/tr>\n<tr>\n<td>Skyddsledare<\/td>\n<td>Nej<\/td>\n<\/tr>\n<tr>\n<td>Oljebest\u00e4ndig (EN 60811-404)<\/td>\n<td>Nej<\/td>\n<\/tr>\n<tr>\n<td>Med sladdomkopplare<\/td>\n<td>Nej<\/td>\n<\/tr>\n<tr>\n<td>REACH<\/td>\n<td>Nej<\/td>\n<\/tr>\n<\/tbody>\n<\/table>","protected":false},"excerpt":{"rendered":"<p>Lampsladd f\u00f6r anslutning av ex transformator f\u00f6r larm eller belysning &#8211; Anlslutningskabel f\u00f6r 220 volt.<\/p>","protected":false},"featured_media":84962,"template":"","meta":{"_acf_changed":false},"product_brand":[],"product_cat":[2717],"product_tag":[],"class_list":{"0":"post-34883","1":"product","2":"type-product","3":"status-publish","4":"has-post-thumbnail","6":"product_cat-risco-larm","7":"product_shipping_class-postnord-varubrev","8":"pa_brands-solar-sverige-aktiebolag","9":"pa_risco-produkter-agility-4","10":"tm-no-options","12":"first","13":"instock","14":"sale","15":"featured","16":"taxable","17":"shipping-taxable","18":"product-type-simple"},"acf":[],"_links":{"self":[{"href":"https:\/\/stonehouse.se\/en\/wp-json\/wp\/v2\/product\/34883","targetHints":{"allow":["GET"]}}],"collection":[{"href":"https:\/\/stonehouse.se\/en\/wp-json\/wp\/v2\/product"}],"about":[{"href":"https:\/\/stonehouse.se\/en\/wp-json\/wp\/v2\/types\/product"}],"wp:featuredmedia":[{"embeddable":true,"href":"https:\/\/stonehouse.se\/en\/wp-json\/wp\/v2\/media\/84962"}],"wp:attachment":[{"href":"https:\/\/stonehouse.se\/en\/wp-json\/wp\/v2\/media?parent=34883"}],"wp:term":[{"taxonomy":"product_brand","embeddable":true,"href":"https:\/\/stonehouse.se\/en\/wp-json\/wp\/v2\/product_brand?post=34883"},{"taxonomy":"product_cat","embeddable":true,"href":"https:\/\/stonehouse.se\/en\/wp-json\/wp\/v2\/product_cat?post=34883"},{"taxonomy":"product_tag","embeddable":true,"href":"https:\/\/stonehouse.se\/en\/wp-json\/wp\/v2\/product_tag?post=34883"}],"curies":[{"name":"wp","href":"https:\/\/api.w.org\/{rel}","templated":true}]}}