
{"id":34887,"date":"2022-03-10T14:57:00","date_gmt":"2022-03-10T13:57:00","guid":{"rendered":"https:\/\/stonehouse.se\/produkt\/manoverpanel-panda-prox-dubbelriktad-kommunikation-for-wicomm-pro-obs-aven-for-version-agility-4-5-10-eller-hogre\/"},"modified":"2025-12-31T19:37:21","modified_gmt":"2025-12-31T18:37:21","slug":"risco-knappsats-prox-2-vags","status":"publish","type":"product","link":"https:\/\/stonehouse.se\/en\/product\/risco-knappsats-prox-2-vags\/","title":{"rendered":"Risco Knappsats Prox 2-v\u00e4gs"},"content":{"rendered":"<h1>Risco Knappsats Prox 2-v\u00e4gs<\/h1>\n<p data-start=\"444\" data-end=\"979\">KeyPad Man\u00f6verpanel WiComm Pro Panda \u00e4r den senaste och mest uppdaterade man\u00f6verpanelen fr\u00e5n RISCO, som erbjuder en elegant och stilren design med h\u00f6g funktionalitet.<\/p>\n<p data-start=\"444\" data-end=\"979\">Denna 2-v\u00e4gs tr\u00e5dl\u00f6sa man\u00f6verpanel ger m\u00f6jlighet till fj\u00e4rrprogrammering och styrning av RISCO:s tr\u00e5dl\u00f6sa s\u00e4kerhetssystem.<\/p>\n<p data-start=\"444\" data-end=\"979\">Eftersom den \u00e4r dubbelriktad, f\u00e5r knappsatsen ett svarstatus fr\u00e5n panelen f\u00f6r varje kommando som skickas, vilket f\u00f6rb\u00e4ttrar anv\u00e4ndarupplevelsen och s\u00e4kerheten.<\/p>\n<p data-start=\"444\" data-end=\"979\">Anv\u00e4nd den enkelt med en kod eller en proximity-tagg (RFID).<\/p>\n<p data-start=\"981\" data-end=\"1416\">Med upp till tre tr\u00e5dl\u00f6sa knappsatser per system och en SOS\/N\u00f6dnyckel f\u00f6r tv\u00e5v\u00e4gskommunikation, erbjuder WiComm Pro Panda en trygg och flexibel l\u00f6sning f\u00f6r s\u00e4kerhetsbehov.<\/p>\n<p data-start=\"981\" data-end=\"1416\">Den har \u00e4ven dubbelt sabotageskydd (box och v\u00e4gg) och ett batteriekonomil\u00e4ge f\u00f6r l\u00e5ngvarig anv\u00e4ndning.<\/p>\n<p data-start=\"981\" data-end=\"1416\">Tack vare sina h\u00e5llbara tangentknappar och uppdaterade visuella indikatatorer \u00e4r den b\u00e5de l\u00e4tt att anv\u00e4nda och p\u00e5litlig f\u00f6r problemidentifiering och larmstatus.<\/p>","protected":false},"excerpt":{"rendered":"<p>Den tr\u00e5dl\u00f6sa 2-v\u00e4gs man\u00f6verpanelen WiComm Pro Panda \u00e4r perfekt f\u00f6r RISCO:s tr\u00e5dl\u00f6sa s\u00e4kerhetssystem och erbjuder h\u00f6g tillf\u00f6rlitlighet och modern design.<\/p>\n<p>Den har RFID-l\u00e4sare och en SOS\/N\u00f6dnyckel f\u00f6r tv\u00e5v\u00e4gskommunikation.<\/p>","protected":false},"featured_media":84835,"template":"","meta":{"_acf_changed":false},"product_brand":[],"product_cat":[2720,2717],"product_tag":[],"class_list":{"0":"post-34887","1":"product","2":"type-product","3":"status-publish","4":"has-post-thumbnail","6":"product_cat-knappsatser","7":"product_cat-risco-larm","8":"product_shipping_class-postnord-varubrev","9":"pa_brands-4risco","10":"pa_risco-produkter-agility-4","11":"pa_wicomm-pro-kategorier-manoverpaneler-knappar","12":"tm-no-options","14":"first","15":"onbackorder","16":"sale","17":"featured","18":"taxable","19":"shipping-taxable","20":"product-type-simple"},"acf":[],"_links":{"self":[{"href":"https:\/\/stonehouse.se\/en\/wp-json\/wp\/v2\/product\/34887","targetHints":{"allow":["GET"]}}],"collection":[{"href":"https:\/\/stonehouse.se\/en\/wp-json\/wp\/v2\/product"}],"about":[{"href":"https:\/\/stonehouse.se\/en\/wp-json\/wp\/v2\/types\/product"}],"wp:featuredmedia":[{"embeddable":true,"href":"https:\/\/stonehouse.se\/en\/wp-json\/wp\/v2\/media\/84835"}],"wp:attachment":[{"href":"https:\/\/stonehouse.se\/en\/wp-json\/wp\/v2\/media?parent=34887"}],"wp:term":[{"taxonomy":"product_brand","embeddable":true,"href":"https:\/\/stonehouse.se\/en\/wp-json\/wp\/v2\/product_brand?post=34887"},{"taxonomy":"product_cat","embeddable":true,"href":"https:\/\/stonehouse.se\/en\/wp-json\/wp\/v2\/product_cat?post=34887"},{"taxonomy":"product_tag","embeddable":true,"href":"https:\/\/stonehouse.se\/en\/wp-json\/wp\/v2\/product_tag?post=34887"}],"curies":[{"name":"wp","href":"https:\/\/api.w.org\/{rel}","templated":true}]}}