
{"id":34890,"date":"2022-03-10T14:57:00","date_gmt":"2022-03-10T13:57:00","guid":{"rendered":"https:\/\/stonehouse.se\/produkt\/risco-agility-gsm-gprs-2g-modul\/"},"modified":"2025-12-31T19:36:06","modified_gmt":"2025-12-31T18:36:06","slug":"risco-agility-gsm-gprs-2g-modul","status":"publish","type":"product","link":"https:\/\/stonehouse.se\/en\/product\/risco-agility-gsm-gprs-2g-modul\/","title":{"rendered":"Risco Agility GSM\/GPRS 2G-MODUL &#8211; UTG\u00c5R"},"content":{"rendered":"<h1>Risco Agility GSM\/GPRS 2G-MODUL<\/h1>\n<p data-start=\"433\" data-end=\"917\">Risco Agility GSM\/GPRS 2G-modul (mod. RW132G2) \u00e4r en viktig komponent f\u00f6r att ut\u00f6ka funktionaliteten hos Agility-s\u00e4kerhetssystemet.<\/p>\n<p data-start=\"433\" data-end=\"917\">Den h\u00e4r modulen tillf\u00f6r m\u00f6jligheten att kommunicera via GSM\/GPRS-n\u00e4tverk, vilket g\u00f6r att systemet kan \u00f6verf\u00f6ra larm och h\u00e4ndelser b\u00e5de till kontaktpersoner och till larmcentralen.<\/p>\n<p data-start=\"433\" data-end=\"917\">Det \u00e4r en perfekt l\u00f6sning f\u00f6r anv\u00e4ndare som vill ha en s\u00e4ker och p\u00e5litlig metod f\u00f6r larm\u00f6verf\u00f6ring d\u00e4r internetbaserad kommunikation via Risco Cloud inte \u00e4r ett alternativ.<\/p>\n<p data-start=\"919\" data-end=\"1302\">N\u00e4r Agility 3 levereras i grundutf\u00f6rande, kommer det med ett n\u00e4tverkskort f\u00f6r att ansluta till Risco Cloud f\u00f6r larm\u00f6verf\u00f6ring.<\/p>\n<p data-start=\"919\" data-end=\"1302\">F\u00f6r anv\u00e4ndare som fortfarande vill anv\u00e4nda traditionella larm\u00f6verf\u00f6ringsmetoder via GSM eller GPRS, m\u00e5ste detta instickskort installeras.<\/p>\n<p data-start=\"919\" data-end=\"1302\">Det ger systemet m\u00f6jlighet att s\u00e4nda SMS- eller r\u00f6stlarm till f\u00f6rvalda kontaktpersoner vid systemh\u00e4ndelser eller larm.<\/p>\n<p data-start=\"1304\" data-end=\"1742\">Modulen st\u00f6djer r\u00f6stuppringning till kontaktpersoner, vilket g\u00f6r att anv\u00e4ndare f\u00e5r ett direkt samtal vid larm eller systemh\u00e4ndelser, vilket kan vara ett viktigt alternativ i situationer d\u00e4r SMS inte \u00e4r tillr\u00e4ckligt.<\/p>\n<p data-start=\"1304\" data-end=\"1742\">Dessutom m\u00f6jligg\u00f6r den larm\u00f6verf\u00f6ring till larmcentraler via GSM i ContactID- eller SIA-larmformat, samt \u00f6verf\u00f6ring via GPRS i SIA IP-larmformat, vilket g\u00f6r att systemet \u00e4r kompatibelt med ett brett utbud av larmcentraler.<\/p>\n<p data-start=\"1744\" data-end=\"1967\">Modulen till\u00e5ter ocks\u00e5 anslutning till Risco Cloud via GPRS, vilket g\u00f6r det m\u00f6jligt f\u00f6r anv\u00e4ndare att forts\u00e4tta ha fj\u00e4rr\u00f6vervakning och styrning av sitt system trots att de anv\u00e4nder traditionell larm\u00f6verf\u00f6ring via GSM\/GPRS.<\/p>\n<p data-start=\"1969\" data-end=\"1999\"><strong data-start=\"1969\" data-end=\"1997\">Huvudsakliga Funktioner:<\/strong><\/p>\n<ul data-start=\"2000\" data-end=\"2580\">\n<li data-start=\"2000\" data-end=\"2069\">\n<p data-start=\"2002\" data-end=\"2069\"><strong data-start=\"2002\" data-end=\"2029\">GSM\/GPRS Kommunikation:<\/strong> M\u00f6jligg\u00f6r larm\u00f6verf\u00f6ring via GSM\/GPRS<\/p>\n<\/li>\n<li data-start=\"2070\" data-end=\"2151\">\n<p data-start=\"2072\" data-end=\"2151\"><strong data-start=\"2072\" data-end=\"2085\">SMS Larm:<\/strong> Skickar SMS till kontaktpersoner vid larm eller systemh\u00e4ndelser<\/p>\n<\/li>\n<li data-start=\"2152\" data-end=\"2222\">\n<p data-start=\"2154\" data-end=\"2222\"><strong data-start=\"2154\" data-end=\"2174\">R\u00f6stuppringning:<\/strong> R\u00f6stuppringning till kontaktpersoner vid larm<\/p>\n<\/li>\n<li data-start=\"2223\" data-end=\"2292\">\n<p data-start=\"2225\" data-end=\"2292\"><strong data-start=\"2225\" data-end=\"2243\">Fj\u00e4rrstyrning:<\/strong> R\u00f6stmeny f\u00f6r fj\u00e4rrstyrning av Agility-systemet<\/p>\n<\/li>\n<li data-start=\"2293\" data-end=\"2387\">\n<p data-start=\"2295\" data-end=\"2387\"><strong data-start=\"2295\" data-end=\"2331\">Larm\u00f6verf\u00f6ring till larmcentral:<\/strong> St\u00f6der ContactID och SIA via GSM samt SIA IP via GPRS<\/p>\n<\/li>\n<li data-start=\"2388\" data-end=\"2476\">\n<p data-start=\"2390\" data-end=\"2476\"><strong data-start=\"2390\" data-end=\"2406\">Risco Cloud:<\/strong> M\u00f6jligg\u00f6r anslutning till Risco Cloud via GPRS f\u00f6r fj\u00e4rr\u00f6vervakning<\/p>\n<\/li>\n<li data-start=\"2477\" data-end=\"2580\">\n<p data-start=\"2479\" data-end=\"2580\"><strong data-start=\"2479\" data-end=\"2495\">Kombination:<\/strong> Kan inte kombinera GSM\/GPRS larm\u00f6verf\u00f6ring och anslutning till Risco Cloud samtidigt<\/p>\n<\/li>\n<\/ul>\n<p data-start=\"2582\" data-end=\"2613\"><strong data-start=\"2582\" data-end=\"2611\">Tekniska Specifikationer:<\/strong><\/p>\n<ul data-start=\"2614\" data-end=\"2841\">\n<li data-start=\"2614\" data-end=\"2640\">\n<p data-start=\"2616\" data-end=\"2640\"><strong data-start=\"2616\" data-end=\"2629\">Frekvens:<\/strong> GSM\/GPRS<\/p>\n<\/li>\n<li data-start=\"2641\" data-end=\"2696\">\n<p data-start=\"2643\" data-end=\"2696\"><strong data-start=\"2643\" data-end=\"2658\">Larmformat:<\/strong> ContactID, SIA (GSM); SIA IP (GPRS)<\/p>\n<\/li>\n<li data-start=\"2697\" data-end=\"2736\">\n<p data-start=\"2699\" data-end=\"2736\"><strong data-start=\"2699\" data-end=\"2717\">Fj\u00e4rrstyrning:<\/strong> Ja, via r\u00f6stmeny<\/p>\n<\/li>\n<li data-start=\"2737\" data-end=\"2796\">\n<p data-start=\"2739\" data-end=\"2796\"><strong data-start=\"2739\" data-end=\"2762\">Installationsmetod:<\/strong> Instickskort i Agility-systemet<\/p>\n<\/li>\n<li data-start=\"2797\" data-end=\"2841\">\n<p data-start=\"2799\" data-end=\"2841\"><strong data-start=\"2799\" data-end=\"2831\">Leverant\u00f6rens artikelnummer:<\/strong> RW132G2<\/p>\n<\/li>\n<\/ul>\n<p data-start=\"2843\" data-end=\"3060\">Risco Agility GSM\/GPRS 2G-modul \u00e4r en p\u00e5litlig och flexibel l\u00f6sning f\u00f6r anv\u00e4ndare som beh\u00f6ver anv\u00e4nda traditionell GSM\/GPRS-larm\u00f6verf\u00f6ring och samtidigt ha m\u00f6jlighet till fj\u00e4rr\u00f6vervakning och styrning via Risco Cloud.<\/p>","protected":false},"excerpt":{"rendered":"<p>Risco Agility GSM\/GPRS 2G-modul (RW132G2) g\u00f6r det m\u00f6jligt f\u00f6r Agility-systemet att kommunicera via GSM\/GPRS.<\/p>\n<p>Denna instickskort ger funktioner som SMS-larm, r\u00f6stuppringning och larm\u00f6verf\u00f6ring till larmcentralen via GSM eller GPRS i traditionella larmformat som ContactID och SIA.<\/p>","protected":false},"featured_media":84816,"template":"","meta":{"_acf_changed":false},"product_brand":[],"product_cat":[2717],"product_tag":[],"class_list":{"0":"post-34890","1":"product","2":"type-product","3":"status-publish","4":"has-post-thumbnail","6":"product_cat-risco-larm","7":"product_shipping_class-postnord-varubrev","8":"pa_brands-4risco","9":"pa_risco-produkter-agility-2","10":"pa_risco-produkter-agility-3","11":"pa_risco-produkter-agility-4","12":"tm-no-options","14":"first","15":"instock","16":"sale","17":"featured","18":"taxable","19":"shipping-taxable","20":"product-type-simple"},"acf":[],"_links":{"self":[{"href":"https:\/\/stonehouse.se\/en\/wp-json\/wp\/v2\/product\/34890","targetHints":{"allow":["GET"]}}],"collection":[{"href":"https:\/\/stonehouse.se\/en\/wp-json\/wp\/v2\/product"}],"about":[{"href":"https:\/\/stonehouse.se\/en\/wp-json\/wp\/v2\/types\/product"}],"wp:featuredmedia":[{"embeddable":true,"href":"https:\/\/stonehouse.se\/en\/wp-json\/wp\/v2\/media\/84816"}],"wp:attachment":[{"href":"https:\/\/stonehouse.se\/en\/wp-json\/wp\/v2\/media?parent=34890"}],"wp:term":[{"taxonomy":"product_brand","embeddable":true,"href":"https:\/\/stonehouse.se\/en\/wp-json\/wp\/v2\/product_brand?post=34890"},{"taxonomy":"product_cat","embeddable":true,"href":"https:\/\/stonehouse.se\/en\/wp-json\/wp\/v2\/product_cat?post=34890"},{"taxonomy":"product_tag","embeddable":true,"href":"https:\/\/stonehouse.se\/en\/wp-json\/wp\/v2\/product_tag?post=34890"}],"curies":[{"name":"wp","href":"https:\/\/api.w.org\/{rel}","templated":true}]}}