
{"id":34892,"date":"2022-03-10T14:57:00","date_gmt":"2022-03-10T13:57:00","guid":{"rendered":"https:\/\/stonehouse.se\/produkt\/risco-agility-gsm-gprs-3g-modul\/"},"modified":"2026-01-17T19:56:26","modified_gmt":"2026-01-17T18:56:26","slug":"risco-agility-gsm-gprs-3g-modul","status":"publish","type":"product","link":"https:\/\/stonehouse.se\/en\/product\/risco-agility-gsm-gprs-3g-modul\/","title":{"rendered":"Risco Agility GSM\/GPRS 3G-MODUL"},"content":{"rendered":"<div>\n<h1>Risco Agility GSM\/GPRS 3G-MODUL<\/h1>\n<p data-start=\"484\" data-end=\"886\">Risco Agility GSM\/GPRS 3G-modul (mod. RW132G30000) \u00e4r en instickskortl\u00f6sning som tillf\u00f6r kommunikationsm\u00f6jligheter via GSM\/GPRS-n\u00e4tverket till Agility-s\u00e4kerhetssystemet.<\/p>\n<p data-start=\"484\" data-end=\"886\">Den h\u00e4r modulen g\u00f6r det m\u00f6jligt f\u00f6r Agility 3-systemet att skicka larm och systemh\u00e4ndelser till kontaktpersoner via SMS eller r\u00f6stuppringning, samt att \u00f6verf\u00f6ra larm till larmcentraler i traditionella format som ContactID eller SIA.<\/p>\n<p data-start=\"888\" data-end=\"1266\">Vid installation av Agility 3 levereras systemet med ett n\u00e4tverkskort f\u00f6r anslutning till Risco Cloud, men f\u00f6r att kunna \u00f6verf\u00f6ra larm via GSM\/GPRS och f\u00f6r att anv\u00e4nda traditionella larmformat m\u00e5ste detta instickskort installeras.<\/p>\n<p data-start=\"888\" data-end=\"1266\">Det g\u00f6r det m\u00f6jligt f\u00f6r anv\u00e4ndaren att ha ett system som kan kommunicera via GSM\/GPRS om den digitala eller IP-kommunikationen inte \u00e4r tillg\u00e4nglig.<\/p>\n<p data-start=\"1268\" data-end=\"1584\">Risco Agility GSM\/GPRS 3G-modul g\u00f6r det m\u00f6jligt f\u00f6r systemet att skicka larm med r\u00f6stuppringning till kontaktpersoner, vilket g\u00f6r det enklare att snabbt f\u00e5 information om larmh\u00e4ndelser.<\/p>\n<p data-start=\"1268\" data-end=\"1584\">Det finns \u00e4ven m\u00f6jlighet till fj\u00e4rrstyrning av Agility-systemet via en r\u00f6stmeny, vilket ger ytterligare kontroll och bekv\u00e4mlighet.<\/p>\n<p data-start=\"1586\" data-end=\"1921\">Larm\u00f6verf\u00f6ring till larmcentraler kan ske via GSM i formaten ContactID eller SIA, samt via GPRS i formatet SIA IP, vilket g\u00f6r modulen kompatibel med ett brett utbud av larmcentraler.<\/p>\n<p data-start=\"1586\" data-end=\"1921\">Dessutom g\u00f6r anslutningen till Risco Cloud via GPRS att anv\u00e4ndare fortfarande kan fj\u00e4rr\u00f6vervaka och styra systemet via sina smartphones och surfplattor.<\/p>\n<p data-start=\"1923\" data-end=\"1953\"><strong data-start=\"1923\" data-end=\"1951\">Huvudsakliga Funktioner:<\/strong><\/p>\n<ul data-start=\"1954\" data-end=\"2669\">\n<li data-start=\"1954\" data-end=\"2054\">\n<p data-start=\"1956\" data-end=\"2054\"><strong data-start=\"1956\" data-end=\"1977\">SMS och R\u00f6stlarm:<\/strong> Skickar SMS och r\u00f6stlarm till kontaktpersoner vid systemh\u00e4ndelser och larm<\/p>\n<\/li>\n<li data-start=\"2055\" data-end=\"2145\">\n<p data-start=\"2057\" data-end=\"2145\"><strong data-start=\"2057\" data-end=\"2077\">R\u00f6stuppringning:<\/strong> R\u00f6stuppringning till kontaktpersoner vid larm och systemh\u00e4ndelser<\/p>\n<\/li>\n<li data-start=\"2146\" data-end=\"2215\">\n<p data-start=\"2148\" data-end=\"2215\"><strong data-start=\"2148\" data-end=\"2166\">Fj\u00e4rrstyrning:<\/strong> R\u00f6stmeny f\u00f6r fj\u00e4rrstyrning av Agility-systemet<\/p>\n<\/li>\n<li data-start=\"2216\" data-end=\"2333\">\n<p data-start=\"2218\" data-end=\"2333\"><strong data-start=\"2218\" data-end=\"2254\">Larm\u00f6verf\u00f6ring till larmcentral:<\/strong> St\u00f6der GSM-larm i formatet ContactID och SIA, samt GPRS-larm i SIA IP-format<\/p>\n<\/li>\n<li data-start=\"2334\" data-end=\"2438\">\n<p data-start=\"2336\" data-end=\"2438\"><strong data-start=\"2336\" data-end=\"2368\">Anslutning till Risco Cloud:<\/strong> M\u00f6jligg\u00f6r anslutning till Risco Cloud via GPRS f\u00f6r fj\u00e4rr\u00f6vervakning<\/p>\n<\/li>\n<li data-start=\"2439\" data-end=\"2536\">\n<p data-start=\"2441\" data-end=\"2536\"><strong data-start=\"2441\" data-end=\"2460\">Compatibility:<\/strong> Kan anv\u00e4ndas f\u00f6r att l\u00e4gga till GSM\/GPRS-kommunikation i Agility-systemet<\/p>\n<\/li>\n<li data-start=\"2537\" data-end=\"2669\">\n<p data-start=\"2539\" data-end=\"2669\"><strong data-start=\"2539\" data-end=\"2575\">Ej kombinerbart med Risco Cloud:<\/strong> GSM\/GPRS-larm\u00f6verf\u00f6ring kan inte anv\u00e4ndas samtidigt med Risco Cloud-anslutning p\u00e5 denna modul<\/p>\n<\/li>\n<\/ul>\n<p data-start=\"2671\" data-end=\"2702\"><strong data-start=\"2671\" data-end=\"2700\">Tekniska Specifikationer:<\/strong><\/p>\n<ul data-start=\"2703\" data-end=\"2944\">\n<li data-start=\"2703\" data-end=\"2739\">\n<p data-start=\"2705\" data-end=\"2739\"><strong data-start=\"2705\" data-end=\"2723\">Kommunikation:<\/strong> GSM\/GPRS (3G)<\/p>\n<\/li>\n<li data-start=\"2740\" data-end=\"2795\">\n<p data-start=\"2742\" data-end=\"2795\"><strong data-start=\"2742\" data-end=\"2757\">Larmformat:<\/strong> ContactID, SIA (GSM), SIA IP (GPRS)<\/p>\n<\/li>\n<li data-start=\"2796\" data-end=\"2835\">\n<p data-start=\"2798\" data-end=\"2835\"><strong data-start=\"2798\" data-end=\"2816\">Fj\u00e4rrstyrning:<\/strong> Ja, via r\u00f6stmeny<\/p>\n<\/li>\n<li data-start=\"2836\" data-end=\"2895\">\n<p data-start=\"2838\" data-end=\"2895\"><strong data-start=\"2838\" data-end=\"2861\">Installationsmetod:<\/strong> Instickskort i Agility-systemet<\/p>\n<\/li>\n<li data-start=\"2896\" data-end=\"2944\">\n<p data-start=\"2898\" data-end=\"2944\"><strong data-start=\"2898\" data-end=\"2930\">Leverant\u00f6rens artikelnummer:<\/strong> RW132G30000<\/p>\n<\/li>\n<\/ul>\n<p data-start=\"2946\" data-end=\"3217\">Risco Agility GSM\/GPRS 3G-modul ger anv\u00e4ndare en p\u00e5litlig metod f\u00f6r larm\u00f6verf\u00f6ring via GSM\/GPRS, samt m\u00f6jlighet att ansluta till Risco Cloud f\u00f6r fj\u00e4rr\u00f6vervakning, vilket g\u00f6r det till ett utm\u00e4rkt val f\u00f6r anv\u00e4ndare som beh\u00f6ver flexibel kommunikation i sina s\u00e4kerhetssystem.<\/p>\n<\/div>","protected":false},"excerpt":{"rendered":"<p>Risco Agility GSM\/GPRS 3G-modul (RW132G30000) \u00e4r ett instickskort som ger Agility-systemet m\u00f6jlighet att kommunicera via GSM\/GPRS f\u00f6r traditionell larm\u00f6verf\u00f6ring.<\/p>\n<p>Den m\u00f6jligg\u00f6r SMS och r\u00f6stlarm till kontaktpersoner och anslutning till larmcentraler via GSM eller GPRS. Modulen st\u00f6der \u00e4ven anslutning till Risco Cloud via GPRS.<\/p>","protected":false},"featured_media":85086,"template":"","meta":{"_acf_changed":false},"product_brand":[],"product_cat":[2717],"product_tag":[],"class_list":{"0":"post-34892","1":"product","2":"type-product","3":"status-publish","4":"has-post-thumbnail","6":"product_cat-risco-larm","7":"product_shipping_class-postnord-varubrev","8":"pa_brands-4risco","9":"pa_risco-produkter-agility-2","10":"pa_risco-produkter-agility-3","11":"pa_risco-produkter-agility-4","12":"tm-no-options","14":"first","15":"instock","16":"sale","17":"featured","18":"taxable","19":"shipping-taxable","20":"product-type-simple"},"acf":[],"_links":{"self":[{"href":"https:\/\/stonehouse.se\/en\/wp-json\/wp\/v2\/product\/34892","targetHints":{"allow":["GET"]}}],"collection":[{"href":"https:\/\/stonehouse.se\/en\/wp-json\/wp\/v2\/product"}],"about":[{"href":"https:\/\/stonehouse.se\/en\/wp-json\/wp\/v2\/types\/product"}],"wp:featuredmedia":[{"embeddable":true,"href":"https:\/\/stonehouse.se\/en\/wp-json\/wp\/v2\/media\/85086"}],"wp:attachment":[{"href":"https:\/\/stonehouse.se\/en\/wp-json\/wp\/v2\/media?parent=34892"}],"wp:term":[{"taxonomy":"product_brand","embeddable":true,"href":"https:\/\/stonehouse.se\/en\/wp-json\/wp\/v2\/product_brand?post=34892"},{"taxonomy":"product_cat","embeddable":true,"href":"https:\/\/stonehouse.se\/en\/wp-json\/wp\/v2\/product_cat?post=34892"},{"taxonomy":"product_tag","embeddable":true,"href":"https:\/\/stonehouse.se\/en\/wp-json\/wp\/v2\/product_tag?post=34892"}],"curies":[{"name":"wp","href":"https:\/\/api.w.org\/{rel}","templated":true}]}}