
{"id":34893,"date":"2022-03-10T14:57:00","date_gmt":"2022-03-10T13:57:00","guid":{"rendered":"https:\/\/stonehouse.se\/produkt\/glaskrossdetektor-tradlos-agililty2-3-4-och-wicomm-pro\/"},"modified":"2025-12-31T19:37:34","modified_gmt":"2025-12-31T18:37:34","slug":"risco-glaskrossdetektor-1-vag","status":"publish","type":"product","link":"https:\/\/stonehouse.se\/en\/product\/risco-glaskrossdetektor-1-vag\/","title":{"rendered":"Risco Glaskrossdetektor 1-v\u00e4g"},"content":{"rendered":"<h1>Risco Glaskrossdetektor 1-v\u00e4g<\/h1>\n<p data-start=\"389\" data-end=\"823\">Risco Glaskrossdetektor 1-v\u00e4g WiComm Pro Agility \u00e4r en avancerad och tr\u00e5dl\u00f6s glaskrossdetektor designad f\u00f6r att uppt\u00e4cka glasbrott p\u00e5 alla typer av glas, inklusive vanligt f\u00f6nsterglas, laminerat glas, tr\u00e5df\u00f6rst\u00e4rkt glas och h\u00e4rdat glas.<\/p>\n<p data-start=\"389\" data-end=\"823\">Den har en imponerande r\u00e4ckvidd p\u00e5 upp till 9 meter och anv\u00e4nder mikroprocessorbaserad dubbelfrekvensm\u00f6nsterigenk\u00e4nning f\u00f6r att noggrant uppt\u00e4cka \u00e4ven de minsta glasbrotten.<\/p>\n<p data-start=\"825\" data-end=\"1227\">Denna glaskrossdetektor \u00e4r perfekt f\u00f6r anv\u00e4ndning med Risco Agility och WiComm Pro s\u00e4kerhetssystem och levereras med ett monteringsf\u00e4ste f\u00f6r enkel installation i tak eller p\u00e5 v\u00e4gg.<\/p>\n<p data-start=\"825\" data-end=\"1227\">F\u00f6r att s\u00e4kerst\u00e4lla att enheten \u00e4r p\u00e5litlig, erbjuder den kontinuerlig \u00f6vervakning av sabotage, batterisp\u00e4nning och kommunikation.<\/p>\n<p data-start=\"825\" data-end=\"1227\">Den \u00e4r batteridriven med ett CR123A litiumbatteri som ger upp till 3 \u00e5rs batterilivsl\u00e4ngd.<\/p>\n<p data-start=\"1229\" data-end=\"1409\">Med sin funktion f\u00f6r fj\u00e4rrtest och \u00f6vervakning av d\u00f6d mikrofon kan anv\u00e4ndaren enkelt testa enheten utan att beh\u00f6va \u00f6ppna den, vilket sparar tid och f\u00f6rb\u00e4ttrar anv\u00e4ndarv\u00e4nligheten.<\/p>\n<p><iframe title=\"Wicomm Smart Hub US\" width=\"1170\" height=\"658\" src=\"https:\/\/www.youtube.com\/embed\/5PHoH2dRjEs?feature=oembed\" frameborder=\"0\" allow=\"accelerometer; autoplay; clipboard-write; encrypted-media; gyroscope; picture-in-picture; web-share\" referrerpolicy=\"strict-origin-when-cross-origin\" allowfullscreen><\/iframe><\/p>","protected":false},"excerpt":{"rendered":"<p>Tr\u00e5dl\u00f6s glaskrossdetektor f\u00f6r Risco Agility och WiComm Pro, som uppt\u00e4cker alla typer av glasbrott, inklusive pl\u00e5t, laminerat och h\u00e4rdat glas.<\/p>\n<p>Bevakningsomr\u00e5de upp till 9 meter f\u00f6r \u00f6kad s\u00e4kerhet.<\/p>","protected":false},"featured_media":85090,"template":"","meta":{"_acf_changed":false},"product_brand":[],"product_cat":[2721,2717],"product_tag":[2638,1755],"class_list":{"0":"post-34893","1":"product","2":"type-product","3":"status-publish","4":"has-post-thumbnail","6":"product_cat-larmenheter-risco-larm","7":"product_cat-risco-larm","8":"product_tag-cr123-tillbehor","9":"product_tag-rel-risco","10":"product_shipping_class-postnord-varubrev","11":"pa_brands-4risco","12":"pa_risco-produkter-agility-2","13":"pa_risco-produkter-agility-3","14":"pa_risco-produkter-agility-4","15":"pa_wicomm-pro-kategorier-glaskrossdetektorer","16":"tm-no-options","18":"first","19":"instock","20":"sale","21":"featured","22":"taxable","23":"shipping-taxable","24":"product-type-simple"},"acf":[],"_links":{"self":[{"href":"https:\/\/stonehouse.se\/en\/wp-json\/wp\/v2\/product\/34893","targetHints":{"allow":["GET"]}}],"collection":[{"href":"https:\/\/stonehouse.se\/en\/wp-json\/wp\/v2\/product"}],"about":[{"href":"https:\/\/stonehouse.se\/en\/wp-json\/wp\/v2\/types\/product"}],"wp:featuredmedia":[{"embeddable":true,"href":"https:\/\/stonehouse.se\/en\/wp-json\/wp\/v2\/media\/85090"}],"wp:attachment":[{"href":"https:\/\/stonehouse.se\/en\/wp-json\/wp\/v2\/media?parent=34893"}],"wp:term":[{"taxonomy":"product_brand","embeddable":true,"href":"https:\/\/stonehouse.se\/en\/wp-json\/wp\/v2\/product_brand?post=34893"},{"taxonomy":"product_cat","embeddable":true,"href":"https:\/\/stonehouse.se\/en\/wp-json\/wp\/v2\/product_cat?post=34893"},{"taxonomy":"product_tag","embeddable":true,"href":"https:\/\/stonehouse.se\/en\/wp-json\/wp\/v2\/product_tag?post=34893"}],"curies":[{"name":"wp","href":"https:\/\/api.w.org\/{rel}","templated":true}]}}