
{"id":37366,"date":"2022-10-04T13:09:58","date_gmt":"2022-10-04T11:09:58","guid":{"rendered":"https:\/\/stonehouse.se\/?post_type=product&#038;p=37366"},"modified":"2025-10-01T16:59:57","modified_gmt":"2025-10-01T14:59:57","slug":"elko-rs-stromstallare-valfri-gravyr-branddorrstangning-valfritt-med-er-logo","status":"publish","type":"product","link":"https:\/\/stonehouse.se\/en\/product\/elko-rs-stromstallare-valfri-gravyr-branddorrstangning-valfritt-med-er-logo\/","title":{"rendered":"ELKO (RS) str\u00f6mst\u00e4llare &#8211; Valfri gravyr &#8220;Brandd\u00f6rrst\u00e4ngning&#8221; + Er Logo"},"content":{"rendered":"<p>\u00d6ppnaknapp slutande funktion och \u00e5terfj\u00e4drande med ert val av design &#8211; Korrektur kommer allid p\u00e5 nya produkter.<\/p>\n<p>Leveranstiden \u00e4r 2-5 dagar och priser inkluderar gravyr och design.<\/p>\n<p>Om du vill ha \u00f6ppnaknapparna upplagda p\u00e5 ert kundunika lager s\u00e5 meddela oss.<\/p>\n<p>ELKO Utv\u00e4ndig (RS) E:nr\u00a0<span class=\"ui-provider eo biy biz bja bjb bjc bjd bje bjf bjg bjh bji bjj bjk bjl bjm bjn bjo bjp bjq bjr bjs bjt bju bjv bjw bjx bjy bjz bka bkb bkc bkd bke bkf\" dir=\"ltr\"><strong>1849421<br \/>\n<\/strong><\/span><span class=\"label\">Anslutningstyp:\u00a0<\/span><span class=\"value\">Skruvkl\u00e4mma<\/span><\/p>","protected":false},"excerpt":{"rendered":"<p>ELKO Utv\u00e4ndig (RS) E:nr\u00a0<span class=\"ui-provider eo biy biz bja bjb bjc bjd bje bjf bjg bjh bji bjj bjk bjl bjm bjn bjo bjp bjq bjr bjs bjt bju bjv bjw bjx bjy bjz bka bkb bkc bkd bke bkf\" dir=\"ltr\"><strong>1849421<br \/>\n<\/strong><\/span><span class=\"label\">Anslutningstyp:\u00a0<\/span><span class=\"value\">Skruvkl\u00e4mma<\/span><\/p>","protected":false},"featured_media":76134,"template":"","meta":{"_acf_changed":false},"product_brand":[],"product_cat":[480,886,590,2599],"product_tag":[2261,2367,3551,2259,1751],"class_list":{"0":"post-37366","1":"product","2":"type-product","3":"status-publish","4":"has-post-thumbnail","6":"product_cat-branddorrstangning","7":"product_cat-designprodukter","8":"product_cat-brandknappar","9":"product_cat-oppnaknappar","10":"product_tag-brandknappar","11":"product_tag-egen-logo-ej-taggar-kort","12":"product_tag-elko-design","13":"product_tag-oppna-brand-design-produkt","14":"product_tag-rel-brand","15":"product_shipping_class-postnord-varubrev","16":"tm-no-options","18":"first","19":"instock","20":"featured","21":"taxable","22":"shipping-taxable","23":"product-type-simple"},"acf":[],"_links":{"self":[{"href":"https:\/\/stonehouse.se\/en\/wp-json\/wp\/v2\/product\/37366","targetHints":{"allow":["GET"]}}],"collection":[{"href":"https:\/\/stonehouse.se\/en\/wp-json\/wp\/v2\/product"}],"about":[{"href":"https:\/\/stonehouse.se\/en\/wp-json\/wp\/v2\/types\/product"}],"wp:featuredmedia":[{"embeddable":true,"href":"https:\/\/stonehouse.se\/en\/wp-json\/wp\/v2\/media\/76134"}],"wp:attachment":[{"href":"https:\/\/stonehouse.se\/en\/wp-json\/wp\/v2\/media?parent=37366"}],"wp:term":[{"taxonomy":"product_brand","embeddable":true,"href":"https:\/\/stonehouse.se\/en\/wp-json\/wp\/v2\/product_brand?post=37366"},{"taxonomy":"product_cat","embeddable":true,"href":"https:\/\/stonehouse.se\/en\/wp-json\/wp\/v2\/product_cat?post=37366"},{"taxonomy":"product_tag","embeddable":true,"href":"https:\/\/stonehouse.se\/en\/wp-json\/wp\/v2\/product_tag?post=37366"}],"curies":[{"name":"wp","href":"https:\/\/api.w.org\/{rel}","templated":true}]}}